{"id":4899,"date":"2020-12-02T09:08:47","date_gmt":"2020-12-02T09:08:47","guid":{"rendered":"http:\/\/verdiconstruct.ro\/index.php\/inchiriere\/"},"modified":"2023-02-12T12:57:22","modified_gmt":"2023-02-12T12:57:22","slug":"inchiriere","status":"publish","type":"page","link":"https:\/\/verdiconstruct.ro\/en\/inchiriere\/","title":{"rendered":"\u00cenchiriere"},"content":{"rendered":"\t\t<div data-elementor-type=\"wp-page\" data-elementor-id=\"4899\" class=\"elementor elementor-4899\" data-elementor-post-type=\"page\">\n\t\t\t\t\t\t\t\t\t<section class=\"elementor-section elementor-top-section elementor-element elementor-element-48929ff elementor-section-boxed elementor-section-height-default elementor-section-height-default\" data-id=\"48929ff\" data-element_type=\"section\">\n\t\t\t\t\t\t<div class=\"elementor-container elementor-column-gap-default\">\n\t\t\t\t\t<div class=\"elementor-column elementor-col-100 elementor-top-column elementor-element elementor-element-3ed29ee5\" data-id=\"3ed29ee5\" data-element_type=\"column\">\n\t\t\t<div class=\"elementor-widget-wrap elementor-element-populated\">\n\t\t\t\t\t\t\t\t<div class=\"elementor-element elementor-element-2fd8f83c elementor-widget elementor-widget-heading\" data-id=\"2fd8f83c\" data-element_type=\"widget\" data-widget_type=\"heading.default\">\n\t\t\t\t<div class=\"elementor-widget-container\">\n\t\t\t<h2 class=\"elementor-heading-title elementor-size-default\">Utilaje \u0219i Aparatur\u0103 de \u00cenchiriat<\/h2>\t\t<\/div>\n\t\t\t\t<\/div>\n\t\t\t\t<div class=\"elementor-element elementor-element-4b77977e elementor-widget elementor-widget-spacer\" data-id=\"4b77977e\" data-element_type=\"widget\" data-widget_type=\"spacer.default\">\n\t\t\t\t<div class=\"elementor-widget-container\">\n\t\t\t\t\t<div class=\"elementor-spacer\">\n\t\t\t<div class=\"elementor-spacer-inner\"><\/div>\n\t\t<\/div>\n\t\t\t\t<\/div>\n\t\t\t\t<\/div>\n\t\t\t\t<div class=\"elementor-element elementor-element-3b899653 elementor-widget elementor-widget-text-editor\" data-id=\"3b899653\" data-element_type=\"widget\" data-widget_type=\"text-editor.default\">\n\t\t\t\t<div class=\"elementor-widget-container\">\n\t\t\t\t\t\t\t<p>Lorem ipsum dolor sit amet, consectetur adipiscing elit. Ut elit tellus, luctus nec ullamcorper mattis, pulvinar dapibus leo. Lorem ipsum dolor sit amet, consectetur adipiscing elit. Ut elit tellus, luctus nec ullamcorper mattis, pulvinar dapibus leo.Lorem ipsum dolor sit amet, consectetur adipiscing elit. Ut elit tellus, luctus nec ullamcorper mattis, pulvinar dapibus leo.<\/p>\t\t\t\t\t\t<\/div>\n\t\t\t\t<\/div>\n\t\t\t\t<div class=\"elementor-element elementor-element-44fb0c87 elementor-widget elementor-widget-spacer\" data-id=\"44fb0c87\" data-element_type=\"widget\" data-widget_type=\"spacer.default\">\n\t\t\t\t<div class=\"elementor-widget-container\">\n\t\t\t\t\t<div class=\"elementor-spacer\">\n\t\t\t<div class=\"elementor-spacer-inner\"><\/div>\n\t\t<\/div>\n\t\t\t\t<\/div>\n\t\t\t\t<\/div>\n\t\t\t\t<div class=\"elementor-element elementor-element-6281eda3 block-lista-custom elementor-widget elementor-widget-html\" data-id=\"6281eda3\" data-element_type=\"widget\" data-widget_type=\"html.default\">\n\t\t\t\t<div class=\"elementor-widget-container\">\n\t\t\t<p>Aparat de sudur\u0103 220 v \u015fi 380 v<\/p>\r\n<p>Aparat de sudura cu motor Diesel<\/p>\r\n<p>Arz\u0103tor cu butelie<\/p>\r\n<p>Autobasculanta cu container<\/p>\r\n<p>Autoutilitar\u0103 cu macara<\/p>\r\n<p>Betonier\u0103 220 V; 380 V; 160L \u2013 260L<\/p>\r\n<p>Buldoexcavator JCB 2 CX; 3C<\/p>\r\n<p>Buldoexcavator JCB cu picon<\/p>\r\n<p>Buldozer pe \u015fenile<\/p>\r\n<p>Cilindru compactor<\/p>\r\n<p>Cilindru compactor 3,5T \u2013 8 T<\/p>\r\n<p>Circulat de m\u00e2n\u0103<\/p>\r\n<p>Cofraje metalice<\/p>\r\n<p>Compresor electric pentru vopsit<\/p>\r\n<p>Compresor pneumatic<\/p>\r\n<p>Container birou<\/p>\r\n<p>Containere de depozitare<\/p>\r\n<p>Decopir electric 220V<\/p>\r\n<p>Excavator cu picon de la 3,5 T \u2013 14,5 T<\/p>\r\n<p>Excavator pentru s\u0103pat de la 1,5 T \u2013 18 T<\/p>\r\n<p>Flex electric<\/p>\r\n<p>Generatoare de curent<\/p>\r\n<p>Ghilotin\u0103 pentru pavaj<\/p>\r\n<p>\u00cenc\u0103lzitor hale 380 V (15 KW )<\/p>\r\n<p>\u00cenc\u0103rc\u0103tor frontal<\/p>\r\n<p>\u00cenc\u0103lzitor hale cu butelie pe gaz<\/p>\r\n<p>Ma\u015fin\u0103 cu platform\u0103 autopropulsant\u0103<\/p>\r\n<p>Masina de curatat mozaic \u015fi beton<\/p>\r\n<p>Ma\u015fin\u0103 de egalizat beton<\/p>\r\n<p>Ma\u015fin\u0103 de g\u0103urit 220 V<\/p>\r\n<p>Ma\u015fin\u0103 de \u015flefuit cu vibra\u0163ie<\/p>\r\n<p>Ma\u015fina de \u015flefuit parchet<\/p>\r\n<p>Ma\u015fin\u0103 de t\u0103iat gresie \u015fi faian\u0163\u0103<\/p>\r\n<p>Ma\u015fin\u0103 de tasat p\u0103m\u00e2nt<\/p>\r\n<p>Ma\u015fin\u0103 de tuns iarba<\/p>\r\n<p>Ma\u015fin\u0103 pentru \u015flefuit mozaic<\/p>\r\n<p>Mini \u00eenc\u0103rc\u0103tor<\/p>\r\n<p>MOTOPOMP\u0102<\/p>\r\n<p>Picamer electric<\/p>\r\n<p>Plac\u0103 vibratoare<\/p>\r\n<p>Platform\u0103 hidraulic\u0103 Diesel<\/p>\r\n<p>Pomp\u0103 ap\u0103 220V \u2013 380V<\/p>\r\n<p>Pompa torcret<\/p>\r\n<p>Popi metalici<\/p>\r\n<p>Remorc\u0103 cu prelat\u0103 1,7 T<\/p>\r\n<p>Remorci<\/p>\r\n<p>Rotopercutor 220 V<\/p>\r\n<p>Scar\u0103 6 ML<\/p>\r\n<p>Schele metalice<\/p>\r\n<p>Stivuitor<\/p>\r\n<p>Tractor cu macara<\/p>\r\n<p>Tractor cu remorc\u0103<\/p>\r\n<p>Trailer 2 T<\/p>\r\n<p>Transpalet\u0103<\/p>\r\n<p>Vibratoar beton<\/p>\r\n\t\t<\/div>\n\t\t\t\t<\/div>\n\t\t\t\t<div class=\"elementor-element elementor-element-e7e2c0c elementor-widget elementor-widget-spacer\" data-id=\"e7e2c0c\" data-element_type=\"widget\" data-widget_type=\"spacer.default\">\n\t\t\t\t<div class=\"elementor-widget-container\">\n\t\t\t\t\t<div class=\"elementor-spacer\">\n\t\t\t<div class=\"elementor-spacer-inner\"><\/div>\n\t\t<\/div>\n\t\t\t\t<\/div>\n\t\t\t\t<\/div>\n\t\t\t\t\t<\/div>\n\t\t<\/div>\n\t\t\t\t\t\t\t<\/div>\n\t\t<\/section>\n\t\t\t\t<section class=\"elementor-section elementor-top-section elementor-element elementor-element-54619256 elementor-section-boxed elementor-section-height-default elementor-section-height-default\" data-id=\"54619256\" data-element_type=\"section\">\n\t\t\t\t\t\t<div class=\"elementor-container elementor-column-gap-default\">\n\t\t\t\t\t<div class=\"elementor-column elementor-col-100 elementor-top-column elementor-element elementor-element-4d896f50\" data-id=\"4d896f50\" data-element_type=\"column\">\n\t\t\t<div class=\"elementor-widget-wrap elementor-element-populated\">\n\t\t\t\t\t\t\t\t<div class=\"elementor-element elementor-element-5e7841c elementor-widget elementor-widget-shortcode\" data-id=\"5e7841c\" data-element_type=\"widget\" data-widget_type=\"shortcode.default\">\n\t\t\t\t<div class=\"elementor-widget-container\">\n\t\t\t\t\t<div class=\"elementor-shortcode\">\n<div class=\"wpcf7 no-js\" id=\"wpcf7-f6060-o1\" lang=\"en-US\" dir=\"ltr\">\n<div class=\"screen-reader-response\"><p role=\"status\" aria-live=\"polite\" aria-atomic=\"true\"><\/p> <ul><\/ul><\/div>\n<form action=\"\/en\/wp-json\/wp\/v2\/pages\/4899#wpcf7-f6060-o1\" method=\"post\" class=\"wpcf7-form init\" aria-label=\"Contact form\" novalidate=\"novalidate\" data-status=\"init\">\n<div style=\"display: none;\">\n<input type=\"hidden\" name=\"_wpcf7\" value=\"6060\" \/>\n<input type=\"hidden\" name=\"_wpcf7_version\" value=\"5.8.3\" \/>\n<input type=\"hidden\" name=\"_wpcf7_locale\" value=\"en_US\" \/>\n<input type=\"hidden\" name=\"_wpcf7_unit_tag\" value=\"wpcf7-f6060-o1\" \/>\n<input type=\"hidden\" name=\"_wpcf7_container_post\" value=\"0\" \/>\n<input type=\"hidden\" name=\"_wpcf7_posted_data_hash\" value=\"\" \/>\n<input type=\"hidden\" name=\"_wpcf7_recaptcha_response\" value=\"\" \/>\n<\/div>\n<div class=\"col-md-6 col-sm-12\">\n\t<p><span class=\"wpcf7-form-control-wrap\" data-name=\"your-name\"><input size=\"40\" class=\"wpcf7-form-control wpcf7-text wpcf7-validates-as-required\" aria-required=\"true\" aria-invalid=\"false\" value=\"Nume\" type=\"text\" name=\"your-name\" \/><\/span>\n\t<\/p>\n<\/div>\n<div class=\"col-md-6 col-sm-12\">\n\t<p><span class=\"wpcf7-form-control-wrap\" data-name=\"companie\"><input size=\"40\" class=\"wpcf7-form-control wpcf7-text wpcf7-validates-as-required\" aria-required=\"true\" aria-invalid=\"false\" value=\"Companie\" type=\"text\" name=\"companie\" \/><\/span>\n\t<\/p>\n<\/div>\n<div class=\"col-md-6 col-sm-12\">\n\t<p><span class=\"wpcf7-form-control-wrap\" data-name=\"your-email\"><input size=\"40\" class=\"wpcf7-form-control wpcf7-email wpcf7-validates-as-required wpcf7-text wpcf7-validates-as-email\" aria-required=\"true\" aria-invalid=\"false\" value=\"Email\" type=\"email\" name=\"your-email\" \/><\/span>\n\t<\/p>\n<\/div>\n<div class=\"col-md-6 col-sm-12\">\n\t<p><span class=\"wpcf7-form-control-wrap\" data-name=\"Telefon\"><input size=\"40\" class=\"wpcf7-form-control wpcf7-tel wpcf7-text wpcf7-validates-as-tel\" aria-invalid=\"false\" value=\"Telefon\" type=\"tel\" name=\"Telefon\" \/><\/span>\n\t<\/p>\n<\/div>\n<div class=\"col-md-12 col-sm-12\">\n\t<p><span class=\"wpcf7-form-control-wrap\" data-name=\"inchiriere-produs\"><input size=\"40\" class=\"wpcf7-form-control wpcf7-text\" aria-invalid=\"false\" value=\"\u00cenchiriere Produs\" type=\"text\" name=\"inchiriere-produs\" \/><\/span>\n\t<\/p>\n<\/div>\n<div class=\"col-md-12 col-sm-12\">\n\t<p><span class=\"wpcf7-form-control-wrap\" data-name=\"your-message\"><textarea cols=\"40\" rows=\"10\" class=\"wpcf7-form-control wpcf7-textarea\" aria-invalid=\"false\" name=\"your-message\">Mesaj<\/textarea><\/span>\n\t<\/p>\n<\/div>\n<div class=\"col-md-12 col-sm-12\">\n\t<p><button class=\"wpcf7-submit\">Cere Ofert\u0103<\/button>\n\t<\/p>\n<\/div><div class=\"wpcf7-response-output\" aria-hidden=\"true\"><\/div>\n<\/form>\n<\/div>\n<\/div>\n\t\t\t\t<\/div>\n\t\t\t\t<\/div>\n\t\t\t\t\t<\/div>\n\t\t<\/div>\n\t\t\t\t\t\t\t<\/div>\n\t\t<\/section>\n\t\t\t\t\t\t\t<\/div>\n\t\t","protected":false},"excerpt":{"rendered":"<p>Utilaje \u0219i Aparatur\u0103 de \u00cenchiriat Lorem ipsum dolor sit amet, consectetur adipiscing elit. Ut elit tellus, luctus nec ullamcorper mattis, pulvinar dapibus leo. Lorem ipsum dolor sit amet, consectetur adipiscing elit. Ut elit tellus, luctus nec ullamcorper mattis, pulvinar dapibus leo.Lorem ipsum dolor sit amet, consectetur adipiscing elit. Ut elit<\/p>\n","protected":false},"author":2,"featured_media":0,"parent":0,"menu_order":0,"comment_status":"closed","ping_status":"closed","template":"","meta":{"footnotes":""},"_links":{"self":[{"href":"https:\/\/verdiconstruct.ro\/en\/wp-json\/wp\/v2\/pages\/4899"}],"collection":[{"href":"https:\/\/verdiconstruct.ro\/en\/wp-json\/wp\/v2\/pages"}],"about":[{"href":"https:\/\/verdiconstruct.ro\/en\/wp-json\/wp\/v2\/types\/page"}],"author":[{"embeddable":true,"href":"https:\/\/verdiconstruct.ro\/en\/wp-json\/wp\/v2\/users\/2"}],"replies":[{"embeddable":true,"href":"https:\/\/verdiconstruct.ro\/en\/wp-json\/wp\/v2\/comments?post=4899"}],"version-history":[{"count":0,"href":"https:\/\/verdiconstruct.ro\/en\/wp-json\/wp\/v2\/pages\/4899\/revisions"}],"wp:attachment":[{"href":"https:\/\/verdiconstruct.ro\/en\/wp-json\/wp\/v2\/media?parent=4899"}],"curies":[{"name":"wp","href":"https:\/\/api.w.org\/{rel}","templated":true}]}}