{"id":4956,"date":"2020-12-02T11:22:11","date_gmt":"2020-12-02T11:22:11","guid":{"rendered":"http:\/\/verdiconstruct.ro\/termeni-si-conditii\/"},"modified":"2023-02-12T11:16:20","modified_gmt":"2023-02-12T11:16:20","slug":"terms-and-conditions","status":"publish","type":"page","link":"https:\/\/verdiconstruct.ro\/en\/terms-and-conditions\/","title":{"rendered":"Terms and conditions"},"content":{"rendered":"\t\t<div data-elementor-type=\"wp-page\" data-elementor-id=\"4956\" class=\"elementor elementor-4956\" data-elementor-post-type=\"page\">\n\t\t\t\t\t\t\t\t\t<section class=\"elementor-section elementor-top-section elementor-element elementor-element-6eb7202f elementor-section-boxed elementor-section-height-default elementor-section-height-default\" data-id=\"6eb7202f\" data-element_type=\"section\">\n\t\t\t\t\t\t<div class=\"elementor-container elementor-column-gap-extended\">\n\t\t\t\t\t<div class=\"elementor-column elementor-col-100 elementor-top-column elementor-element elementor-element-54dfa445\" data-id=\"54dfa445\" data-element_type=\"column\">\n\t\t\t<div class=\"elementor-widget-wrap elementor-element-populated\">\n\t\t\t\t\t\t\t\t<div class=\"elementor-element elementor-element-f3eb223 elementor-widget elementor-widget-text-editor\" data-id=\"f3eb223\" data-element_type=\"widget\" data-widget_type=\"text-editor.default\">\n\t\t\t\t<div class=\"elementor-widget-container\">\n\t\t\t\t\t\t\t<h2 class=\"main-heading\">Termeni \u0219i Condi\u021bii<\/h2><div class=\"sub-heading\"><p>Site-ul\u00a0<a href=\"https:\/\/verdiconstruct.ro\/\">www.verdiconstruct.ro<\/a>\u00a0este proprietatea VERDICONSTRUCT S.R.L. Acest document stabile\u0219te termenii si condi\u021biile \u00een care puteti utiliza site-ul\u00a0<a href=\"https:\/\/verdiconstruct.ro\/\" target=\"_blank\" rel=\"noopener noreferrer\">www.verdiconstruct.ro<\/a>\u00a0denumit \u00een continuare ca \u201esite\u201d.<\/p><p>Accesul si utilizarea www.verdiconstruct.ro se face sub autoritatea acestor reguli, \u00een termenii \u0219i condi\u021biile stabilite mai jos. Utilizarea site-ului presupune implicit acceptarea acestor termeni \u0219i condi\u021bii, cu toate consecintele care decurg din acceptarea acestora.<\/p><p>Prin termenul \u201eutilizator\u201d al acestui site se \u00eentelege orice persoana fizic\u0103 sau juridic\u0103 care va accesa acest site.<\/p><p><a href=\"https:\/\/www.verdiconstruct.ro\/\" target=\"_blank\" rel=\"noopener noreferrer\">www.verdiconstruct.ro<\/a>\u00a0poate adauga, elimina p\u0103r\u021bi, repozitiona, reconfigura sau modifica acest site \u00een orice moment. Materialele din acest site sunt puse la dispozi\u021bie f\u0103r\u0103 nici un fel de garan\u021bii sau obliga\u021bii.<\/p><p>www.verdiconstruct.ro nu raspunde de utilizarea datelor \u0219i infoma\u021biilor sau de rezultatul utilizarii acestora, de corectitudinea, acurate\u021bea sau siguran\u021ba lor. De asemenea nu r\u0103spundem \u0219i nu oferim nici un fel de garan\u021bii cu privire la func\u021bionarea ne\u00eentrerupt\u0103 \u0219i f\u0103r\u0103 inconveniente a func\u021biilor con\u021binute de acest sistem sau ca serverul care g\u0103zduie\u0219te acest site nu contine virusi sau alte componente v\u0103t\u0103matoare. V\u0103 asuma\u021bi riscul \u0219i eventualele costuri de depanare.<\/p><p>Sub nici o forma\u00a0<a href=\"https:\/\/www.verdiconstruct.ro\/\" target=\"_blank\" rel=\"noopener noreferrer\">www.verdiconstruct.ro<\/a>\u00a0nu va fi responsabil de nici o problem\u0103 sau posibil\u0103 paguba survenita din utilizarea incorect\u0103 sau incapacitatea de utilizare a acestui site.<\/p><p><strong>DREPTURI DE AUTOR, MARCA \u0218I PROPRIETATE INTELECTUAL\u0102<\/strong><\/p><p>Grafomix\u00a0ofer\u0103 acces liber la www.verdiconstruct.ro\u00a0\u0219i v\u0103 autorizeaz\u0103 s\u0103 vizualiza\u021bi\u00a0 con\u021binutul website-ului dar nu v\u0103 ofer\u0103 dreptul de a transmite informa\u021bii de pe website f\u0103r\u0103 acceptul \u00een prealabil a VERDCONSTRUCT S.R.L prin E-mail sau scrisoare scris\u0103.<\/p><p>Con\u021binutul acestui site, textele, grafica, fotografiile, logo-urile \u0219i orice alte material prezente pe website-ul www.verdiconstruct.ro sunt protejate de legea dreptului de autor \u0219i sunt proprietatea\u00a0VERDICONSTRUCT S.R.L.<\/p><p>Niciun material de pe acest site nu poate fi reprodus par\u021bial sau integra sau modificat f\u0103r\u0103 citarea sursei \u0219i permisiunea anterioar\u0103 explicit\u0103 prin acord scris sau electronic. Nesupunerea implic\u0103 r\u0103spunderea civil\u0103 sau penal\u0103 pentru astfel de ac\u021biuni.<\/p><p>Orice eventual litigiu \u00een legatur\u0103 cu acest site este de competen\u021ba instan\u021belor de drept comun din Rom\u00e2nia.<\/p><p>Aici reg\u0103se\u0219ti\u00a0<a href=\"https:\/\/verdiconstruct.ro\/politica-de-confidentialitate\/\" target=\"_blank\" rel=\"noopener noreferrer\">politica de confiden\u021bialitate.<\/a><\/p><p>Aici reg\u0103se\u0219ti\u00a0<a href=\"https:\/\/verdiconstruct.ro\/politica-cookies\/\" target=\"_blank\" rel=\"noopener noreferrer\">politica de cookie-uri<\/a>.<\/p><p>VERDICONSTRUCT S.R.L poate schimba oric\u00e2nd ace\u0219ti termeni \u0219i condi\u021bii f\u0103r\u0103 a anun\u021ba \u00een prealabil, te rug\u0103m s\u0103 accesezi aceast\u0103 pagin\u0103 de oric\u00e2te ori ai ocazia.<\/p><\/div>\t\t\t\t\t\t<\/div>\n\t\t\t\t<\/div>\n\t\t\t\t\t<\/div>\n\t\t<\/div>\n\t\t\t\t\t\t\t<\/div>\n\t\t<\/section>\n\t\t\t\t<section class=\"elementor-section elementor-top-section elementor-element elementor-element-41362087 elementor-section-boxed elementor-section-height-default elementor-section-height-default\" data-id=\"41362087\" data-element_type=\"section\">\n\t\t\t\t\t\t<div class=\"elementor-container elementor-column-gap-default\">\n\t\t\t\t\t<div class=\"elementor-column elementor-col-100 elementor-top-column elementor-element elementor-element-78db9e3b\" data-id=\"78db9e3b\" data-element_type=\"column\">\n\t\t\t<div class=\"elementor-widget-wrap elementor-element-populated\">\n\t\t\t\t\t\t\t\t<div class=\"elementor-element elementor-element-f0e7add elementor-widget elementor-widget-template\" data-id=\"f0e7add\" data-element_type=\"widget\" data-widget_type=\"template.default\">\n\t\t\t\t<div class=\"elementor-widget-container\">\n\t\t\t\t\t<div class=\"elementor-template\">\n\t\t\t\t\t<div data-elementor-type=\"section\" data-elementor-id=\"14514\" class=\"elementor elementor-14514\" data-elementor-post-type=\"elementor_library\">\n\t\t\t\t\t\t\t\t<section class=\"elementor-section elementor-top-section elementor-element elementor-element-5ccfc9d5 elementor-section-boxed elementor-section-height-default elementor-section-height-default\" data-id=\"5ccfc9d5\" data-element_type=\"section\">\n\t\t\t\t\t\t<div class=\"elementor-container elementor-column-gap-default\">\n\t\t\t\t\t<div class=\"elementor-column elementor-col-100 elementor-top-column elementor-element elementor-element-19322bed\" data-id=\"19322bed\" data-element_type=\"column\">\n\t\t\t<div class=\"elementor-widget-wrap elementor-element-populated\">\n\t\t\t\t\t\t\t\t<div class=\"elementor-element elementor-element-3c51fdd elementor-widget elementor-widget-spacer\" data-id=\"3c51fdd\" data-element_type=\"widget\" data-widget_type=\"spacer.default\">\n\t\t\t\t<div class=\"elementor-widget-container\">\n\t\t\t\t\t<div class=\"elementor-spacer\">\n\t\t\t<div class=\"elementor-spacer-inner\"><\/div>\n\t\t<\/div>\n\t\t\t\t<\/div>\n\t\t\t\t<\/div>\n\t\t\t\t<section class=\"elementor-section elementor-inner-section elementor-element elementor-element-27f7c84a elementor-section-content-middle elementor-section-boxed elementor-section-height-default elementor-section-height-default\" data-id=\"27f7c84a\" data-element_type=\"section\">\n\t\t\t\t\t\t<div class=\"elementor-container elementor-column-gap-default\">\n\t\t\t\t\t<div class=\"elementor-column elementor-col-66 elementor-inner-column elementor-element elementor-element-7f74ef66\" data-id=\"7f74ef66\" data-element_type=\"column\">\n\t\t\t<div class=\"elementor-widget-wrap elementor-element-populated\">\n\t\t\t\t\t\t\t\t<div class=\"elementor-element elementor-element-6648f447 elementor-widget elementor-widget-text-editor\" data-id=\"6648f447\" data-element_type=\"widget\" data-widget_type=\"text-editor.default\">\n\t\t\t\t<div class=\"elementor-widget-container\">\n\t\t\t\t\t\t\tYour business grows with VerdiConstruct\t\t\t\t\t\t<\/div>\n\t\t\t\t<\/div>\n\t\t\t\t\t<\/div>\n\t\t<\/div>\n\t\t\t\t<div class=\"elementor-column elementor-col-33 elementor-inner-column elementor-element elementor-element-4d18c1f0\" data-id=\"4d18c1f0\" data-element_type=\"column\">\n\t\t\t<div class=\"elementor-widget-wrap elementor-element-populated\">\n\t\t\t\t\t\t\t\t<div class=\"elementor-element elementor-element-2cbc716b elementor-align-center elementor-widget elementor-widget-button\" data-id=\"2cbc716b\" data-element_type=\"widget\" data-widget_type=\"button.default\">\n\t\t\t\t<div class=\"elementor-widget-container\">\n\t\t\t\t\t<div class=\"elementor-button-wrapper\">\n\t\t\t<a class=\"elementor-button elementor-button-link elementor-size-md\" href=\"https:\/\/verdiconstruct.ro\/en\/ask-for-an-offer\/\">\n\t\t\t\t\t\t<span class=\"elementor-button-content-wrapper\">\n\t\t\t\t\t\t<span class=\"elementor-button-icon elementor-align-icon-right\">\n\t\t\t\t<i aria-hidden=\"true\" class=\"fas fa-angle-double-right\"><\/i>\t\t\t<\/span>\n\t\t\t\t\t\t<span class=\"elementor-button-text\">Ask for an offer<\/span>\n\t\t<\/span>\n\t\t\t\t\t<\/a>\n\t\t<\/div>\n\t\t\t\t<\/div>\n\t\t\t\t<\/div>\n\t\t\t\t\t<\/div>\n\t\t<\/div>\n\t\t\t\t\t\t\t<\/div>\n\t\t<\/section>\n\t\t\t\t<div class=\"elementor-element elementor-element-12c5fe88 elementor-widget elementor-widget-spacer\" data-id=\"12c5fe88\" data-element_type=\"widget\" data-widget_type=\"spacer.default\">\n\t\t\t\t<div class=\"elementor-widget-container\">\n\t\t\t\t\t<div class=\"elementor-spacer\">\n\t\t\t<div class=\"elementor-spacer-inner\"><\/div>\n\t\t<\/div>\n\t\t\t\t<\/div>\n\t\t\t\t<\/div>\n\t\t\t\t\t<\/div>\n\t\t<\/div>\n\t\t\t\t\t\t\t<\/div>\n\t\t<\/section>\n\t\t\t\t\t\t<\/div>\n\t\t\t\t<\/div>\n\t\t\t\t<\/div>\n\t\t\t\t<\/div>\n\t\t\t\t<div class=\"elementor-element elementor-element-174981b8 elementor-widget elementor-widget-spacer\" data-id=\"174981b8\" data-element_type=\"widget\" data-widget_type=\"spacer.default\">\n\t\t\t\t<div class=\"elementor-widget-container\">\n\t\t\t\t\t<div class=\"elementor-spacer\">\n\t\t\t<div class=\"elementor-spacer-inner\"><\/div>\n\t\t<\/div>\n\t\t\t\t<\/div>\n\t\t\t\t<\/div>\n\t\t\t\t\t<\/div>\n\t\t<\/div>\n\t\t\t\t\t\t\t<\/div>\n\t\t<\/section>\n\t\t\t\t\t\t\t<\/div>\n\t\t","protected":false},"excerpt":{"rendered":"<p>Termeni \u0219i Condi\u021bii Site-ul\u00a0www.verdiconstruct.ro\u00a0este proprietatea VERDICONSTRUCT S.R.L. Acest document stabile\u0219te termenii si condi\u021biile \u00een care puteti utiliza site-ul\u00a0www.verdiconstruct.ro\u00a0denumit \u00een continuare ca \u201esite\u201d. Accesul si utilizarea www.verdiconstruct.ro se face sub autoritatea acestor reguli, \u00een termenii \u0219i condi\u021biile stabilite mai jos. Utilizarea site-ului presupune implicit acceptarea acestor termeni \u0219i condi\u021bii, cu toate<\/p>\n","protected":false},"author":2,"featured_media":0,"parent":0,"menu_order":0,"comment_status":"closed","ping_status":"closed","template":"","meta":{"footnotes":""},"_links":{"self":[{"href":"https:\/\/verdiconstruct.ro\/en\/wp-json\/wp\/v2\/pages\/4956"}],"collection":[{"href":"https:\/\/verdiconstruct.ro\/en\/wp-json\/wp\/v2\/pages"}],"about":[{"href":"https:\/\/verdiconstruct.ro\/en\/wp-json\/wp\/v2\/types\/page"}],"author":[{"embeddable":true,"href":"https:\/\/verdiconstruct.ro\/en\/wp-json\/wp\/v2\/users\/2"}],"replies":[{"embeddable":true,"href":"https:\/\/verdiconstruct.ro\/en\/wp-json\/wp\/v2\/comments?post=4956"}],"version-history":[{"count":0,"href":"https:\/\/verdiconstruct.ro\/en\/wp-json\/wp\/v2\/pages\/4956\/revisions"}],"wp:attachment":[{"href":"https:\/\/verdiconstruct.ro\/en\/wp-json\/wp\/v2\/media?parent=4956"}],"curies":[{"name":"wp","href":"https:\/\/api.w.org\/{rel}","templated":true}]}}