{"id":4968,"date":"2020-12-02T11:22:56","date_gmt":"2020-12-02T11:22:56","guid":{"rendered":"http:\/\/verdiconstruct.ro\/politica-cookies\/"},"modified":"2023-02-12T11:15:26","modified_gmt":"2023-02-12T11:15:26","slug":"cookies-policy","status":"publish","type":"page","link":"https:\/\/verdiconstruct.ro\/en\/cookies-policy\/","title":{"rendered":"Cookies Policy"},"content":{"rendered":"\t\t<div data-elementor-type=\"wp-page\" data-elementor-id=\"4968\" class=\"elementor elementor-4968\" data-elementor-post-type=\"page\">\n\t\t\t\t\t\t\t\t\t<section class=\"elementor-section elementor-top-section elementor-element elementor-element-65bd06ca elementor-section-boxed elementor-section-height-default elementor-section-height-default\" data-id=\"65bd06ca\" data-element_type=\"section\">\n\t\t\t\t\t\t<div class=\"elementor-container elementor-column-gap-extended\">\n\t\t\t\t\t<div class=\"elementor-column elementor-col-100 elementor-top-column elementor-element elementor-element-5dc8217e\" data-id=\"5dc8217e\" data-element_type=\"column\">\n\t\t\t<div class=\"elementor-widget-wrap elementor-element-populated\">\n\t\t\t\t\t\t\t\t<div class=\"elementor-element elementor-element-d610aa8 elementor-widget elementor-widget-spacer\" data-id=\"d610aa8\" data-element_type=\"widget\" data-widget_type=\"spacer.default\">\n\t\t\t\t<div class=\"elementor-widget-container\">\n\t\t\t\t\t<div class=\"elementor-spacer\">\n\t\t\t<div class=\"elementor-spacer-inner\"><\/div>\n\t\t<\/div>\n\t\t\t\t<\/div>\n\t\t\t\t<\/div>\n\t\t\t\t<div class=\"elementor-element elementor-element-7fabf80 elementor-widget elementor-widget-text-editor\" data-id=\"7fabf80\" data-element_type=\"widget\" data-widget_type=\"text-editor.default\">\n\t\t\t\t<div class=\"elementor-widget-container\">\n\t\t\t\t\t\t\t<div class=\"elementor-element elementor-element-5db2ed80 align-left elementor-widget elementor-widget-mae-headings\" data-id=\"5db2ed80\" data-element_type=\"widget\" data-widget_type=\"mae-headings.default\"><div class=\"elementor-widget-container\"><div class=\"master-heading\"><h2 class=\"main-heading\">Politica privind fi\u0219ierele Cookies<\/h2><div class=\"sub-heading\"><div class=\"divGallery\"><ol><li><strong>Introducere<\/strong><\/li><\/ol><p>Prin prezenta Politic\u0103 privind fi\u0219ierele cookies v\u0103 inform\u0103m c\u0103 aceasta se aplic\u0103 tuturor utilizatorilor paginii de internet www.verdiconstruct.ro. Informa\u021biile prezentate au ca scop informarea utilizatorilor acestei pagini de internet cu privire la plasarea, utilizarea \u0219i administrarea cookie-urilor de c\u0103tre VERDICONSTRUCT SRL \u00een contextul navig\u0103rii utilizatorilor pe aceast\u0103 pagin\u0103 de internet.<\/p><ol start=\"2\"><li><strong>Ce sunt cookie-urile<\/strong><\/li><\/ol><p>Folosim termenul \u201ecookie\u201d-uri pentru a ne referi la modulele cookie \u0219i la tehnologiile similare prin intermediul c\u0103rora pot fi colectate informa\u021bii \u00een mod automat.<\/p><p>Un \u201ecookie HTTP\u201d sau un modul cookie (termen cunoscut \u0219i sub denumriea de \u201ebrowser cookie\u201d) este un text special, deseori codificat, trimis de un server unui navigator web \u0219i apoi trimis \u00eenapoi (nemodificat) de c\u0103tre navigator, de fiecare dat\u0103 c\u00e2nd acceseaz\u0103 acel server. Cookie-urile sunt folosite pentru autentificare precum \u0219i pentru urm\u0103rirea comportamentului utilizatorilor; aplica\u021bii tipice sunt re\u021binerea preferin\u021belor utilizatorilor.<\/p><p>Cookie-urile sunt instalate prin solicitarea emis\u0103 de un web-server c\u0103tre un browser (de ex.: Internet Explorer, Firefox, Chrome). Cookie-urile odat\u0103 instalate au o durat\u0103 de existen\u021b\u0103 determinat\u0103, r\u0103m\u00e2n\u00e2nd \u201epasive\u201d, \u00een sensul c\u0103 nu con\u021bin programe software, viru\u0219i sau spyware \u0219i nu vor accesa informa\u021biile de pe hard driverul utilizatorului pe al c\u0103rui echipament au fost instalate.<\/p><p>Unele site-uri folosesc cookie-urile \u0219i pentru a permite utilizatorilor s\u0103 modifice felul \u00een care afi\u0219eaz\u0103 paginile de web, \u00een func\u021bie de preferin\u021bele personale, care sunt re\u021binute \u0219i \u00eentre sesiuni. Se pot modifica \u0219i re\u021bine \u00een acest fel at\u00e2t aspecte legate de func\u021bionalitatea c\u00e2t \u0219i de afi\u0219area grafic\u0103 a paginilor. De exemplu, Wikipedia permite utilizatorilor \u00eenregistra\u021bi s\u0103 modifice aspectul paginilor, iar \u00een Google, chiar \u0219i utilizatorii ne\u00eenregistra\u021bi pot de exemplu alege c\u00e2te rezultate s\u0103 fie afi\u0219ate \u00eentr-o pagin\u0103.<\/p><p>Cookie-urile se folosesc \u0219i pentru a urm\u0103ri activitatea unui utilizator pe un site, sau chiar pe mai multe site-uri, \u00een cazul cookie-urilor \u201ethird party\u201d sau a a\u0219a-numi\u021bilor \u201eweb bugs\u201d. Urm\u0103rirea \u00een cadrul unui site este f\u0103cut\u0103 \u00een scopul ob\u021binerii unor statistici de folosire. \u00cen special companiile de publicitate urm\u0103resc activitatea utilizatorilor \u00een cadrul mai multor situri pentru a afla mai exact interesele lor, put\u00e2nd astfel s\u0103 decid\u0103 care anume reclame s\u0103 trimit\u0103 la un anumit moment unui anumit utilizator.<\/p><p>Un cookie este format din dou\u0103 p\u0103r\u021bi:<\/p><ul><li>Numele cookie-ului<\/li><li>Con\u021bintul sau valoarea cookie-ului<\/li><\/ul><p>Din punct de vedere tehnic, doar web-serverul care a trimis cookie-ul \u00eel poate accesa din nou \u00een momentul \u00een care un utilizator se \u00eentoarce pe pagina de internet asociat\u0103 web-serverului respectiv.<\/p><p>Po\u021bi citi mai multe despre cookie-uri pe aceast\u0103 pagin\u0103:\u00a0<a href=\"https:\/\/ro.wikipedia.org\/wiki\/Cookie\" target=\"_blank\" rel=\"noopener\">https:\/\/ro.wikipedia.org\/wiki\/Cookie<\/a><\/p><p>\u00a0<\/p><ol start=\"3\"><li><strong>Pentru ce scopuri sunt utilizare cookie-urile prin intermediul acestei pagini de internet<\/strong><\/li><\/ol><p>Cookie-urile sunt utilizate pentru a furniza utilizatorilor acestei pagini de internet o experien\u021b\u0103 mai bun\u0103 de navigare \u0219i servicii adaptate nevoilor \u0219i interesului fiec\u0103rui utilizator \u00een parte \u0219i anume pentru:<\/p><ul><li>\u00eembun\u0103t\u0103\u021birea utiliz\u0103rii acestei pagini de internet, inclusiv prin identificarea oric\u0103ror erori care apar \u00een timpul vizit\u0103rii\/utiliz\u0103rii acesteia de c\u0103tre utilizatori;<\/li><li>furnizarea de statistici anonime cu privire la modul \u00een care este utilizat\u0103 aceast\u0103 pagin\u0103 de internet c\u0103tre VERDICONSTRUCT SRL, \u00een calitate de de\u021bin\u0103tor al acestei pagini de internet;<\/li><li>anticiparea unor eventuale bunuri care vor fi \u00een viitor puse la dispozi\u021bia utilizatorilor prin intermediul acestei pagini de internet, \u00een func\u021bie de serviciile \/ produsele accesate.<\/li><\/ul><p>Pe baza feedback-ului transmis prin cookie-uri \u00een leg\u0103tur\u0103 cu modul \u00een care se utilizeaz\u0103 aceast\u0103 pagin\u0103 de internet, VERDICONSTRUCT SRL poate adopta m\u0103suri pentru ca aceast\u0103 pagin\u0103 de internet s\u0103 fie mai eficient\u0103 \u0219i mai accesibil\u0103 pentru utilizatori. Astfel, utilizarea cookie-urilor permite memorarea anumitor set\u0103ri\/preferin\u021be stabilite de c\u0103tre utilizatorii acestei pagini de internet.<\/p><p>\u00a0<\/p><ol start=\"4\"><li><strong>Care este durata de via\u021b\u0103 a cookie-urilor?<\/strong><\/li><\/ol><p>Durata de via\u021b\u0103 a cookie-urilor poate varia semnificativ, depinz\u00e2nd de scopul care este acesta folosit. Sunt folosite urm\u0103toarele categorii de cookie-uri care determin\u0103 \u0219i durata acestora:<\/p><ul><li><u>Cookie-uri de sesiune<\/u>\u00a0\u2013 este un cookie care se \u0219terge automat c\u00e2nd utilizatorul \u00eenchide browser-ul (Mozilla, Internet Explorer, Google Chrome, Safari etc)<\/li><li><u>Cookie-uri persistente sau fixe<\/u>\u00a0\u2013 sunt cookie-urile care rpm\u00e2n stocate \u00een terminalul utilizatorului p\u00e2n\u0103 la o anumit\u0103 dat\u0103 de expirare (poate fi c\u00e2teva minute, zile, sau c\u00e2\u021biva ani \u00een viitor) sau p\u00e2n\u0103 c\u00e2nd utilizatorul le \u0219terge din browser (acesta le poate \u0219terge \u00een orice moment)<\/li><\/ul><p>\u00a0<\/p><ol start=\"5\"><li><strong>Ce sunt cookie-urile plasate de ter\u021bi?<\/strong><\/li><\/ol><p>Cookie-urile plasate de ter\u021bi \u201ethird party cookies\u201d reprezint\u0103 cookie-urile furnizate prin intermediul unor ter\u021bi adic\u0103 nu de c\u0103tre VERDICONSTRUCT SRL.<\/p><p>Ter\u021bii furnizori de cookie-uri trebuie s\u0103 respecte regulile \u00een materie de protec\u021bie a datelor \u0219i Politica de Confiden\u021bialitate de pe aceast\u0103 pagin\u0103 de internet \u2013 www.verdiconstruct.ro<\/p><p>Cookie-urile pot proveni de la urm\u0103torii ter\u021bi: Google Analytics, Youtube, ISSUU.com, sau al\u021bi ter\u021bi parteneri ai VERDICONSTRUCT SRL.<\/p><p>\u00a0<\/p><ol start=\"6\"><li><strong>Ce cookie-uri sunt folosite prin intermediul verdiconstruct.ro<\/strong><\/li><\/ol><p>Prin utilizarea sau vizitarea paginii\u00a0<a href=\"http:\/\/www.verdiconstruct.ro\/\">www.verdiconstruct.ro<\/a>\u00a0pot fi plasate urm\u0103toarele cookie-uri:<\/p><p>a. Cookie-uri de performan\u021b\u0103<\/p><p>b. Cookie-uri de analiz\u0103 a utilizatorilor<\/p><p>c. Cookie-uri de securitate<\/p><p>d. Cookie-uri de geotargetting<\/p><p>e. Cookie-uri pentru contactarea VERDICONSTRUCT SRL<\/p><p><strong>a. Cookie-uri de performan\u021b\u0103<\/strong><\/p><p>Prin acest tip de cookie-uri sunt memorate preferin\u021bele utilizatorului acestei pagini de internet, astfel \u00eenc\u00e2t setarea din nou a preferin\u021belor \u00een cazul vizit\u0103rii ulterioare a paginii de internet nu mai este neceasar\u0103.<\/p><p><strong>b. Cookie-uri de analiz\u0103 a utilizatorilor<\/strong><\/p><p>Aceste cookie-uri ne informeaz\u0103 dac\u0103 un anumit utilizator al paginii de internt a mai vizitat sau utilizat aceast\u0103 pagin\u0103 de internet anterior. Practic folosim cookie-urile pentru scopuri statistice. Nu putem identifica persoana dup\u0103 aceste date. Folosim si cookie-uri de a stabili dac\u0103 este o persoan\u0103 sau un robot de c\u0103utare pe website.<\/p><p><strong>c. Cookie-uri de securitate<\/strong><\/p><p>Aceste cookie-uri sunt folosite pentru securitatea website-ului verdiconstruct.ro. Folosim un plugin numit \u201eWordFence\u201d pentru platforma CMS WordPress. Acest cookie nu re\u021bine datele dumneavoastr\u0103 sub nicio form\u0103.<\/p><p><strong>d. Cookie-uri pentru geotargetting<\/strong><\/p><p>Aceste cookie-uri sunt utilizate pentru a stabili \u021bara de provenien\u021b\u0103 a utilizatorului paginii de internet.<\/p><p><strong>e. Cookie-uri pentru contactarea VERDICONSTRUCT SRL<\/strong><\/p><p>Atunci c\u00e2nd dori\u021bi s\u0103 trimite\u021bi un mesaj de contactare prin formularul de contact prezent pe acest website, vom stoca anumite informa\u021bii care s\u0103 faciliteze utilizarea formularului de contactat.<\/p><p>\u00a0<\/p><ol start=\"7\"><li><strong>Ce tip de informa\u021bii sunt stocate \u0219i accesate prin intermediul cookie-urilor<\/strong><\/li><\/ol><p>Cookie-urile p\u0103streaz\u0103 informa\u021biile \u00eentr-un anumie fi\u0219ier text de mici dimensiuni care permit recunoa\u0219terea browserului. Aceast\u0103 pagin\u0103 de internet recunoa\u0219tee browser-ul p\u00e2n\u0103 c\u00e2nd cookie-urile expir\u0103 sau sunt \u0219terse.<\/p><p>\u00a0<\/p><ol start=\"8\"><li><strong>Particularizarea set\u0103rilor browserului \u00een ceea ce prive\u0219te cookie-urile<\/strong><\/li><\/ol><p>\u00cen cazul \u00een care utilizarea cookie-urilor nu este deranjant\u0103 iar calculatorul sau echipamentul tehnic utilizat pentru navigarea pe aceast\u0103 pagin\u0103 de internet este folosit doar de c\u0103tre dumneavoastr\u0103, pot fi setate termene lungi de expirare pentru stocrarea istoricului de navigare.<\/p><p>\u00a0<\/p><ol start=\"9\"><li><strong>Cum pot fi oprite cookie-urilor?<\/strong><\/li><\/ol><p>\u00cen general, o aplica\u021bie folosit\u0103 pentru accesarea paginilor web permite salvarea Cookie-urilor pe terminal \u00een mod implicit. Aceste set\u0103ri pot fi schimbate \u00een a\u0219a fel \u00eenc\u00e2t administrarea automat\u0103 a Cookie-urilor sa fie blocat\u0103 de browser-ul web sau utilizatorul s\u0103 fie informat de fiecare data cand Cookie-uri sunt trimise catre terminalul s\u0103u. Informa\u021bii detaliate despre posibilit\u0103\u021bile \u0219i modurile de administrare a Cookie-urilor pot fi g\u0103site \u00een zona de set\u0103ri a aplica\u021biei (browser-ului web). Limitarea folosirii Cookie-urilor poate afecta anumite functionalit\u0103\u021bi ale paginii web.<\/p><p>Toate browserele moderne ofer\u0103 posibilitatea de a schimba set\u0103rile cookie-urilor. Aceste set\u0103ri se g\u0103sesc de regula \u00een \u201cop\u021biuni\u201d sau \u00een meniul de \u201cpreferin\u021be\u201d al browserului t\u0103u.<\/p><p>Pentru a \u00een\u021belege aceste set\u0103ri, urmatoarele linkuri pot fi folositoare, altfel pute\u021bi folosi op\u021biunea \u201cajutor\u201d a browserului pentru mai multe detalii:<\/p><p><a href=\"http:\/\/support.microsoft.com\/kb\/196955\" target=\"_blank\" rel=\"noopener\">Cookie settings in Internet Explorer<\/a><br \/><a href=\"https:\/\/support.mozilla.org\/en-US\/kb\/cookies-information-websites-store-on-your-computer?redirectlocale=en-US&amp;redirectslug=Cookies\" target=\"_blank\" rel=\"noopener\">Cookie settings in Firefox<\/a><br \/><a href=\"https:\/\/support.google.com\/chrome\/answer\/95647?hl=en\" target=\"_blank\" rel=\"noopener\">Cookie settings in Chrome<\/a><br \/><a href=\"http:\/\/support.apple.com\/kb\/PH5042\" target=\"_blank\" rel=\"noopener\">Cookie settings in Safari<\/a><\/p><p>Pentru set\u0103rile cookie-urilor generate de ter\u021bi, pute\u021bi consulta \u0219i site-ul:<br \/><a href=\"http:\/\/www.youronlinechoices.com\/ro\/\" target=\"_blank\" rel=\"noopener\">http:\/\/www.youronlinechoices.com\/ro\/<\/a><\/p><p>\u00a0<\/p><ol start=\"10\"><li><strong>Link-uri utile:<\/strong><\/li><\/ol><p>Daca dore\u0219ti s\u0103 afli mai multe informa\u021bii despre cookie-uri \u0219i la ce sunt utilizate, recomand\u0103m urm\u0103toarele linkuri:<\/p><p><a href=\"https:\/\/support.microsoft.com\/en-us\/help\/260971\/description-of-cookies\" target=\"_blank\" rel=\"noopener\">Microsoft Cookies guide<\/a><\/p><p><a href=\"http:\/\/www.allaboutcookies.org\/\" target=\"_blank\" rel=\"noopener\">All About Cookies<\/a><\/p><p><a href=\"http:\/\/www.youronlinechoices.com\/ro\/\" target=\"_blank\" rel=\"noopener\">http:\/\/www.youronlinechoices.com\/ro\/<\/a><\/p><p>Pentru orice \u00eentreb\u0103ri cu privire la modul \u00een care folosim cookie-urile pe acest website v\u0103 rug\u0103m s\u0103 v\u0103 adresa\u021bi la:\u00a0<a href=\"mailto:office@verdiconstruct.ro\" target=\"_blank\" rel=\"noopener\">office@verdiconstruct.ro<\/a><\/p><\/div><\/div><\/div><\/div><\/div><div class=\"elementor-element elementor-element-3403c9ee elementor-widget elementor-widget-spacer\" data-id=\"3403c9ee\" data-element_type=\"widget\" data-widget_type=\"spacer.default\"><div class=\"elementor-widget-container\"><div class=\"elementor-spacer\">\u00a0<\/div><\/div><\/div>\t\t\t\t\t\t<\/div>\n\t\t\t\t<\/div>\n\t\t\t\t<div class=\"elementor-element elementor-element-3403c9ee elementor-widget elementor-widget-spacer\" data-id=\"3403c9ee\" data-element_type=\"widget\" data-widget_type=\"spacer.default\">\n\t\t\t\t<div class=\"elementor-widget-container\">\n\t\t\t\t\t<div class=\"elementor-spacer\">\n\t\t\t<div class=\"elementor-spacer-inner\"><\/div>\n\t\t<\/div>\n\t\t\t\t<\/div>\n\t\t\t\t<\/div>\n\t\t\t\t\t<\/div>\n\t\t<\/div>\n\t\t\t\t\t\t\t<\/div>\n\t\t<\/section>\n\t\t\t\t<section class=\"elementor-section elementor-top-section elementor-element elementor-element-473b685e elementor-section-boxed elementor-section-height-default elementor-section-height-default\" data-id=\"473b685e\" data-element_type=\"section\">\n\t\t\t\t\t\t<div class=\"elementor-container elementor-column-gap-default\">\n\t\t\t\t\t<div class=\"elementor-column elementor-col-100 elementor-top-column elementor-element elementor-element-21a4aa08\" data-id=\"21a4aa08\" data-element_type=\"column\">\n\t\t\t<div class=\"elementor-widget-wrap elementor-element-populated\">\n\t\t\t\t\t\t\t\t<div class=\"elementor-element elementor-element-ef1c509 elementor-widget elementor-widget-template\" data-id=\"ef1c509\" data-element_type=\"widget\" data-widget_type=\"template.default\">\n\t\t\t\t<div class=\"elementor-widget-container\">\n\t\t\t\t\t<div class=\"elementor-template\">\n\t\t\t\t\t<div data-elementor-type=\"section\" data-elementor-id=\"14514\" class=\"elementor elementor-14514\" data-elementor-post-type=\"elementor_library\">\n\t\t\t\t\t\t\t\t<section class=\"elementor-section elementor-top-section elementor-element elementor-element-5ccfc9d5 elementor-section-boxed elementor-section-height-default elementor-section-height-default\" data-id=\"5ccfc9d5\" data-element_type=\"section\">\n\t\t\t\t\t\t<div class=\"elementor-container elementor-column-gap-default\">\n\t\t\t\t\t<div class=\"elementor-column elementor-col-100 elementor-top-column elementor-element elementor-element-19322bed\" data-id=\"19322bed\" data-element_type=\"column\">\n\t\t\t<div class=\"elementor-widget-wrap elementor-element-populated\">\n\t\t\t\t\t\t\t\t<div class=\"elementor-element elementor-element-3c51fdd elementor-widget elementor-widget-spacer\" data-id=\"3c51fdd\" data-element_type=\"widget\" data-widget_type=\"spacer.default\">\n\t\t\t\t<div class=\"elementor-widget-container\">\n\t\t\t\t\t<div class=\"elementor-spacer\">\n\t\t\t<div class=\"elementor-spacer-inner\"><\/div>\n\t\t<\/div>\n\t\t\t\t<\/div>\n\t\t\t\t<\/div>\n\t\t\t\t<section class=\"elementor-section elementor-inner-section elementor-element elementor-element-27f7c84a elementor-section-content-middle elementor-section-boxed elementor-section-height-default elementor-section-height-default\" data-id=\"27f7c84a\" data-element_type=\"section\">\n\t\t\t\t\t\t<div class=\"elementor-container elementor-column-gap-default\">\n\t\t\t\t\t<div class=\"elementor-column elementor-col-66 elementor-inner-column elementor-element elementor-element-7f74ef66\" data-id=\"7f74ef66\" data-element_type=\"column\">\n\t\t\t<div class=\"elementor-widget-wrap elementor-element-populated\">\n\t\t\t\t\t\t\t\t<div class=\"elementor-element elementor-element-6648f447 elementor-widget elementor-widget-text-editor\" data-id=\"6648f447\" data-element_type=\"widget\" data-widget_type=\"text-editor.default\">\n\t\t\t\t<div class=\"elementor-widget-container\">\n\t\t\t\t\t\t\tYour business grows with VerdiConstruct\t\t\t\t\t\t<\/div>\n\t\t\t\t<\/div>\n\t\t\t\t\t<\/div>\n\t\t<\/div>\n\t\t\t\t<div class=\"elementor-column elementor-col-33 elementor-inner-column elementor-element elementor-element-4d18c1f0\" data-id=\"4d18c1f0\" data-element_type=\"column\">\n\t\t\t<div class=\"elementor-widget-wrap elementor-element-populated\">\n\t\t\t\t\t\t\t\t<div class=\"elementor-element elementor-element-2cbc716b elementor-align-center elementor-widget elementor-widget-button\" data-id=\"2cbc716b\" data-element_type=\"widget\" data-widget_type=\"button.default\">\n\t\t\t\t<div class=\"elementor-widget-container\">\n\t\t\t\t\t<div class=\"elementor-button-wrapper\">\n\t\t\t<a class=\"elementor-button elementor-button-link elementor-size-md\" href=\"https:\/\/verdiconstruct.ro\/en\/ask-for-an-offer\/\">\n\t\t\t\t\t\t<span class=\"elementor-button-content-wrapper\">\n\t\t\t\t\t\t<span class=\"elementor-button-icon elementor-align-icon-right\">\n\t\t\t\t<i aria-hidden=\"true\" class=\"fas fa-angle-double-right\"><\/i>\t\t\t<\/span>\n\t\t\t\t\t\t<span class=\"elementor-button-text\">Ask for an offer<\/span>\n\t\t<\/span>\n\t\t\t\t\t<\/a>\n\t\t<\/div>\n\t\t\t\t<\/div>\n\t\t\t\t<\/div>\n\t\t\t\t\t<\/div>\n\t\t<\/div>\n\t\t\t\t\t\t\t<\/div>\n\t\t<\/section>\n\t\t\t\t<div class=\"elementor-element elementor-element-12c5fe88 elementor-widget elementor-widget-spacer\" data-id=\"12c5fe88\" data-element_type=\"widget\" data-widget_type=\"spacer.default\">\n\t\t\t\t<div class=\"elementor-widget-container\">\n\t\t\t\t\t<div class=\"elementor-spacer\">\n\t\t\t<div class=\"elementor-spacer-inner\"><\/div>\n\t\t<\/div>\n\t\t\t\t<\/div>\n\t\t\t\t<\/div>\n\t\t\t\t\t<\/div>\n\t\t<\/div>\n\t\t\t\t\t\t\t<\/div>\n\t\t<\/section>\n\t\t\t\t\t\t<\/div>\n\t\t\t\t<\/div>\n\t\t\t\t<\/div>\n\t\t\t\t<\/div>\n\t\t\t\t\t<\/div>\n\t\t<\/div>\n\t\t\t\t\t\t\t<\/div>\n\t\t<\/section>\n\t\t\t\t\t\t\t<\/div>\n\t\t","protected":false},"excerpt":{"rendered":"<p>Politica privind fi\u0219ierele Cookies Introducere Prin prezenta Politic\u0103 privind fi\u0219ierele cookies v\u0103 inform\u0103m c\u0103 aceasta se aplic\u0103 tuturor utilizatorilor paginii de internet www.verdiconstruct.ro. Informa\u021biile prezentate au ca scop informarea utilizatorilor acestei pagini de internet cu privire la plasarea, utilizarea \u0219i administrarea cookie-urilor de c\u0103tre VERDICONSTRUCT SRL \u00een contextul navig\u0103rii utilizatorilor<\/p>\n","protected":false},"author":2,"featured_media":0,"parent":0,"menu_order":0,"comment_status":"closed","ping_status":"closed","template":"","meta":{"footnotes":""},"_links":{"self":[{"href":"https:\/\/verdiconstruct.ro\/en\/wp-json\/wp\/v2\/pages\/4968"}],"collection":[{"href":"https:\/\/verdiconstruct.ro\/en\/wp-json\/wp\/v2\/pages"}],"about":[{"href":"https:\/\/verdiconstruct.ro\/en\/wp-json\/wp\/v2\/types\/page"}],"author":[{"embeddable":true,"href":"https:\/\/verdiconstruct.ro\/en\/wp-json\/wp\/v2\/users\/2"}],"replies":[{"embeddable":true,"href":"https:\/\/verdiconstruct.ro\/en\/wp-json\/wp\/v2\/comments?post=4968"}],"version-history":[{"count":0,"href":"https:\/\/verdiconstruct.ro\/en\/wp-json\/wp\/v2\/pages\/4968\/revisions"}],"wp:attachment":[{"href":"https:\/\/verdiconstruct.ro\/en\/wp-json\/wp\/v2\/media?parent=4968"}],"curies":[{"name":"wp","href":"https:\/\/api.w.org\/{rel}","templated":true}]}}