{"id":7739,"date":"2020-11-20T21:40:12","date_gmt":"2020-11-20T21:40:12","guid":{"rendered":"https:\/\/verdiconstruct.ro\/titoktartas\/"},"modified":"2023-02-12T11:13:42","modified_gmt":"2023-02-12T11:13:42","slug":"privacy","status":"publish","type":"page","link":"https:\/\/verdiconstruct.ro\/en\/privacy\/","title":{"rendered":"Privacy"},"content":{"rendered":"\t\t<div data-elementor-type=\"wp-page\" data-elementor-id=\"7739\" class=\"elementor elementor-7739\" data-elementor-post-type=\"page\">\n\t\t\t\t\t\t\t\t\t<section class=\"elementor-section elementor-top-section elementor-element elementor-element-487f2474 elementor-section-boxed elementor-section-height-default elementor-section-height-default\" data-id=\"487f2474\" data-element_type=\"section\">\n\t\t\t\t\t\t<div class=\"elementor-container elementor-column-gap-extended\">\n\t\t\t\t\t<div class=\"elementor-column elementor-col-100 elementor-top-column elementor-element elementor-element-32e36ce9\" data-id=\"32e36ce9\" data-element_type=\"column\">\n\t\t\t<div class=\"elementor-widget-wrap elementor-element-populated\">\n\t\t\t\t\t\t\t\t<div class=\"elementor-element elementor-element-35dba4d elementor-widget elementor-widget-text-editor\" data-id=\"35dba4d\" data-element_type=\"widget\" data-widget_type=\"text-editor.default\">\n\t\t\t\t<div class=\"elementor-widget-container\">\n\t\t\t\t\t\t\t<div class=\"elementor-element elementor-element-2513510c align-left elementor-widget elementor-widget-mae-headings\" data-id=\"2513510c\" data-element_type=\"widget\" data-widget_type=\"mae-headings.default\"><div class=\"elementor-widget-container\"><div class=\"master-heading\"><h2 class=\"main-heading\">Politica de Confiden\u021bialitate<\/h2><div class=\"sub-heading\"><div class=\"divGallery\"><ol><li><strong>Informa\u021bii generale<\/strong><\/li><\/ol><p>Confiden\u021bialitatea datelor tale cu caracter personal reprezint\u0103 una dintre preocup\u0103rile principale ale VERDICONSTRUCT SRL, cu sediul \u00een T\u00e2rgu Mure\u0219, Jude\u021b Mure\u0219 \u00een calitate de operator de date. Acest document are rolul de a v\u0103 informa cu privire la prelucrarea datelor dumneavoastr\u0103 cu caracter personal, \u00een contextul utiliz\u0103rii paginii de internet\u00a0<a href=\"http:\/\/www.verdiconstruct.ro\/\" target=\"_blank\" rel=\"noopener\">www.verdiconstruct.ro<\/a>\u00a0(denumite \u00een continuare \u201eSite\u201d)<\/p><ol start=\"2\"><li><strong>Categoriile de date cu caracter personal prelucrate<\/strong><\/li><\/ol><p>Dac\u0103 sunte\u021bi vizitator al Site-ului, VERDICONSTRUCT SRL prelucra datele dumneavoastr\u0103 cu caracter personal pe care le furniza\u021bi \u00een mod direct \u00een contextul utiliz\u0103rii Site-ului, cum ar fi datele pe care le furniza\u021bi \u00een cadrul sec\u021biunii de contact prin formularele de contact aferente sau prin trimiterea unui email c\u0103tre adresele domeniului @verdiconstruct.ro<\/p><ol start=\"3\"><li><strong>Scopurile \u0219i temeiurile de prelucrare a datelor<\/strong><\/li><\/ol><p>Dac\u0103 sunte\u021bi vizitator al Site-ului, VERDICONSTRUCT SRL prelucreaz\u0103 datele dumneavoastr\u0103 cu caracter personal astfel:<\/p><ul><li>pentru rezolvarea solicit\u0103rilor trimise prin formularul specific de contact \u0219i sau prin email \u015fi pentru monitorizarea traficului sau pentru a \u00eembun\u0103t\u0103\u0163ii experien\u021ba dumneavoastr\u0103 oferit\u0103 pe Site.<\/li><\/ul><p><em>Temei: Prelucrarea datelor dumneavoastr\u0103 pentru acest scop are la baz\u0103 interesul legitim al VERDICONSTRUCT SRL de a asigura func\u021bionarea corect\u0103 a Site-ului, precum \u0219i pentru a \u00eembun\u0103t\u0103\u021bii permanent experien\u021ba vizitatorilor Site-ului, inclusiv prin solu\u021bionarea diferitelor \u00eentreb\u0103ri sau solicit\u0103ri trimise prin intermediul formularului de contact.<\/em><\/p><p>Furnizarea datelor dumneavoastr\u0103 \u00een acest scop este voluntar\u0103. Refuzul furniz\u0103rii datelor pentru acest scop nu va avea urm\u0103ri negative pentru dumneavoastr\u0103.<\/p><ol start=\"4\"><li><strong>Durata pentru care prelucr\u0103m datele<\/strong><\/li><\/ol><p>VERDICONSTRUCT SRL prelucra datele dumneavoastr\u0103 cu caracter personal at\u00e2t c\u00e2t este necesar pentru realizarea scopurilor de prelucrare men\u021bionate la punctul 3.<\/p><ol start=\"5\"><li><strong>Dezv\u0103luirea datelor cu caracter personal<\/strong><\/li><\/ol><p>Pentru \u00eendeplinirea scopurilor de prelucrare, administratorul www.verdiconstruct.ro poate dezv\u0103lui datele dumneavoastr\u0103 c\u0103tre parteneri, c\u0103tre ter\u021be persoane sau entit\u0103\u021bi care sprijin\u0103 www.verdiconstruct.ro \u00een desf\u0103\u0219urarea activit\u0103\u021bii prin intermediul Site-ului:<\/p><ul><li>Pentru administrarea Site-ului;<\/li><li>Pentru men\u021binerea, personalizarea \u0219i \u00eembun\u0103t\u0103\u021birea Site-ului \u0219i a serviciilor derulate prin intermediul lui;<\/li><li>Pentru transmiterea ofertelor c\u0103tre dumnevoastr\u0103;<\/li><li>pentru efectuarea analizei datelor, testarea \u0219i cercetarea, monitorizarea tendin\u021belor de utilizare \u0219i activitate, dezvoltarea caracteristicilor de siguran\u021b\u0103;<\/li><li>Pentru transmiterea de comunic\u0103ri comerciale de marketing, \u00een condi\u021biile \u0219i limitele prev\u0103zute de lege;<\/li><li>Atunci c\u00e2nd dezv\u0103luirea datelor cu caracter personal este prev\u0103zut\u0103 de lege etc;<\/li><\/ul><ol start=\"6\"><li><strong>Transferul datelor cu caracter personal<\/strong><\/li><\/ol><p>Datele cu caracter personal furnizate c\u0103tre VERDICONSTRUCT SRL pot fi transferate \u00een afara Rom\u00e2niei. Toate aceste date vor fi transferate numai dup\u0103 acceptarea folosirii acestor date.<\/p><ol start=\"7\"><li><strong>Drepturile de care beneficia\u021bi<\/strong><\/li><\/ol><p>\u00cen condi\u021biile prev\u0103zute de legisla\u021bia \u00een materia prelucr\u0103rii datelor cu caracter personal, \u00een calitate de persoane vizate, beneficia\u021bi de urm\u0103toarele drepturi:<\/p><ul><li>dreptul la informare, respectiv dreptul de a primi detalii privind activit\u0103\u021bile de prelucrare efectuate de VERDICONSTRUCT SRL, conform celor descrise \u00een prezentul document;<\/li><li>dreptul de acces la date, respectiv dreptul de a ob\u021bine confirmarea din partea VERDICONSTRUCT SRL cu privire la prelucrarea datelor cu caracter personal, precum \u0219i detalii privind activit\u0103\u021bile de prelucrare precum modalitatea \u00een care sunt prelucrate datele, scopul \u00een care se face prelucrarea, destinatarii sau categoriile de destinatari ai datelor;<\/li><li>dreptul la rectificare, respectiv dreptul de a ob\u021bine corectarea, f\u0103r\u0103 \u00eent\u00e2rzieri justificate, de c\u0103tre VERDICONSTRUCT SRL a datelor cu caracter personal inexacte \/ nejustificate, precum \u0219i completarea datelor incomplete; Rectificarea\/ completarea va fi comunicat\u0103 fiec\u0103rui destinatar la care au fost transmise datele, cu excep\u021bia cazului \u00een care acest lucru se dovede\u0219te imposibil sau presupune eforturi dispropor\u021bionate.<\/li><li>dreptul la \u0219tergerea datelor, f\u0103r\u0103 \u00eent\u00e2rzieri nejustificate, (\u201edreptul de a fi uitat\u201d), \u00een cazul in care se aplic\u0103 unul dintre urm\u0103toarele motive:<ul><li>acestea nu mai sunt necesare pentru \u00eendeplinirea scopurilor pentru care au fost colectate sau prelucrate;<\/li><li>\u00een cazul \u00een care este retras consim\u021b\u0103m\u00e2ntul \u0219i nu exist\u0103 niciun alt temei juridic pentru prelucrare;<\/li><li>\u00een cazul \u00een care persoana vizat\u0103 se opune prelucr\u0103rii \u0219i nu exist\u0103 motive legitime care s\u0103 prevaleze;<\/li><li>\u00een cazul \u00een care datele cu caracter personal au fost prelucrate ilegal;<\/li><li>\u00een cazul \u00een care datele cu caracter personal trebuie \u0219terse pentru respectarea unei obliga\u021bii legale;<\/li><li>datele cu caracter personal au fost colectate \u00een leg\u0103tur\u0103 cu oferirea de servicii ale societ\u0103\u021bii informa\u021bionale;<\/li><\/ul><\/li><\/ul><p>Este posibil ca, \u00een urma solicit\u0103rii de \u0219tergere a datelor, VERDICONSTRUCT SRL s\u0103 anonimizeze aceste date (lipsindu-le astfel de caracterul personal) \u0219i s\u0103 continue \u00een aceste condi\u021bii prelucrarea pentru scopuri statistice.<\/p><ul><li>dreptul la restric\u021bionarea prelucr\u0103rii \u00een m\u0103sura \u00een care :<ul><li>persoana contest\u0103 exactitatea datelor, pe o perioad\u0103 care ne permite verificarea corectitudinii datelor;<\/li><li>prelucrarea este ilegal\u0103, iar persoana vizat\u0103 se opune \u0219tergerii datelor cu caracter personal, solicit\u00e2nd \u00een schimb restric\u021bionarea utiliz\u0103rii lor;<\/li><li>operatorul nu mai are nevoie de datele cu caracter personal \u00een scopul prelucr\u0103rii, dar persoana vizat\u0103 i le solicit\u0103 pentru constatarea, exercitarea sau ap\u0103rarea unui drept \u00een instan\u021b\u0103; sau persoana vizat\u0103 s-a opus prelucr\u0103rii (altele dec\u00e2t cele de marketing direct), pentru intervalul de timp \u00een care se verific\u0103 dac\u0103 drepturile legitime ale operatorului prevaleaz\u0103 asupra celor ale persoanei vizate.<\/li><\/ul><\/li><li>dreptul la portabilitatea datelor, respectiv<\/li><\/ul><ul><li>dreptul de a primi datele cu caracter personal \u00eentr-o modalitate structurat\u0103, folosit\u0103 \u00een mod obi\u0219nuit \u0219i \u00eentr-un format u\u0219or de citit, precum \u0219i<\/li><li>dreptul ca aceste date s\u0103 fie transmise de c\u0103tre VERDICONSTRUCT SRL c\u0103tre alt operator de date, \u00een m\u0103sura \u00een care sunt \u00eendeplinite condi\u021biile prev\u0103zute de lege;<ul><li>dreptul la opozi\u021bie \u2013 \u00een ceea ce prive\u0219te activit\u0103\u021bile de prelucrare se poate exercita prin transmiterea unei solicit\u0103ri conform celor indicate mai jos;<ul><li>\u00een orice moment, din motive legate de situa\u021bia particular\u0103 \u00een care se afl\u0103 persoana vizat\u0103, ca datele care o vizeaz\u0103 s\u0103 fie prelucrate \u00een temeiul interesului legitim al VERDICONSTRUCT SRL sau \u00een temeiul interesului public, cu excep\u021bia cazurilor \u00een care VERDICONSTRUCT SRL poate demonstra c\u0103 are motive legitime \u0219i imperioase care justific\u0103 prelucarea \u0219i care prevaleaz\u0103 asupra intereselor, drepturilor \u0219i libert\u0103\u021bilor persoanelor vizate sau c\u0103 scopul este constatarea, exercitarea sau apararea unui drept \u00een instan\u021b\u0103;<\/li><li>\u00een orice moment, \u00een mod gratuit \u0219i f\u0103r\u0103 nicio justificare, c\u0103 datele care o vizeaz\u0103 s\u0103 fie prelucrate \u00een scop de marketing direct.<\/li><\/ul><\/li><li>dreptul de a nu fi supus unei decizii individuale automate, respectiv dreptul de a nu fi subiectul unei decizii luate numai pe baza unor activit\u0103\u021bi de prelucrare automate, inclusiv crearea de profiluri, care produce efecte juridice care privesc persoana vizat\u0103 sau o afecteaz\u0103 \u00een mod similar \u00eentr-o m\u0103sur\u0103 semnificativ\u0103;<\/li><li>dreptul de a v\u0103 adresa Autorit\u0103\u0163ii Na\u0163ionale de Supraveghere a Prelucr\u0103rii Datelor cu Caracter Personal sau instan\u021belor competente, \u00een m\u0103sura \u00een care considera\u021bi necesar.<\/li><\/ul><\/li><\/ul><p>Pentru orice \u00eentreb\u0103ri suplimentare cu privire la modul \u00een care datele cu caracter personal sunt prelucrate \u0219i pentru a v\u0103 exercita drepturile men\u021bionate mai sus, v\u0103 rug\u0103m s\u0103 v\u0103 adresa\u021bi la adresa de email:<a href=\"mailto:office@verdiconstruct.ro\" target=\"_blank\" rel=\"noopener\">\u00a0office@verdiconstruct.ro<\/a><\/p><p>Aceast\u0103 pagin\u0103 de internet folose\u0219te fi\u0219iere de tip cookie. Pentru mai multe informa\u021bii cu privire la modul \u00een care se folosesc aceste fi\u0219iere, v\u0103 rug\u0103m s\u0103 accesa\u021bi urm\u0103torul link:\u00a0<a href=\"http:\/\/verdiconstruct.ro\/politica-cookies\/\"><u>Politica de cookie-uri<\/u><\/a><\/p><p>Putem actualiza aceast\u0103 politic\u0103 de confiden\u021bialitate din c\u00e2nd \u00een c\u00e2nd \u0219i v\u0103 nototific\u0103m despre orice modificare prin postarea noii variante pe Site-ul\u00a0<a href=\"http:\/\/www.verdiconstruct.ro\/\">www.verdiconstruct.ro<\/a>. \u00cen cazul \u00een care ne-a\u021bi furnizat datele dumneavoastr\u0103 de contact \u0219i ne-a\u021bi autorizat s\u0103 v\u0103 contact\u0103m, v\u0103 vom anun\u021ba dac\u0103 modific\u0103m aceast\u0103 politic\u0103 de confiden\u021bialitate.<\/p><p>V\u0103 rug\u0103m s\u0103 consulta\u021bi aceast\u0103 politic\u0103 de confiden\u021bialitate periodic pentru orice modific\u0103ri.<\/p><\/div><\/div><\/div><\/div><\/div><div class=\"elementor-element elementor-element-13d24de2 elementor-widget elementor-widget-spacer\" data-id=\"13d24de2\" data-element_type=\"widget\" data-widget_type=\"spacer.default\"><div class=\"elementor-widget-container\"><div class=\"elementor-spacer\">\u00a0<\/div><\/div><\/div>\t\t\t\t\t\t<\/div>\n\t\t\t\t<\/div>\n\t\t\t\t\t<\/div>\n\t\t<\/div>\n\t\t\t\t\t\t\t<\/div>\n\t\t<\/section>\n\t\t\t\t<section class=\"elementor-section elementor-top-section elementor-element elementor-element-103c7d1d elementor-section-boxed elementor-section-height-default elementor-section-height-default\" data-id=\"103c7d1d\" data-element_type=\"section\">\n\t\t\t\t\t\t<div class=\"elementor-container elementor-column-gap-default\">\n\t\t\t\t\t<div class=\"elementor-column elementor-col-100 elementor-top-column elementor-element elementor-element-5645f5a7\" data-id=\"5645f5a7\" data-element_type=\"column\">\n\t\t\t<div class=\"elementor-widget-wrap elementor-element-populated\">\n\t\t\t\t\t\t\t\t<div class=\"elementor-element elementor-element-5d4932e elementor-widget elementor-widget-template\" data-id=\"5d4932e\" data-element_type=\"widget\" data-widget_type=\"template.default\">\n\t\t\t\t<div class=\"elementor-widget-container\">\n\t\t\t\t\t<div class=\"elementor-template\">\n\t\t\t\t\t<div data-elementor-type=\"section\" data-elementor-id=\"14514\" class=\"elementor elementor-14514\" data-elementor-post-type=\"elementor_library\">\n\t\t\t\t\t\t\t\t<section class=\"elementor-section elementor-top-section elementor-element elementor-element-5ccfc9d5 elementor-section-boxed elementor-section-height-default elementor-section-height-default\" data-id=\"5ccfc9d5\" data-element_type=\"section\">\n\t\t\t\t\t\t<div class=\"elementor-container elementor-column-gap-default\">\n\t\t\t\t\t<div class=\"elementor-column elementor-col-100 elementor-top-column elementor-element elementor-element-19322bed\" data-id=\"19322bed\" data-element_type=\"column\">\n\t\t\t<div class=\"elementor-widget-wrap elementor-element-populated\">\n\t\t\t\t\t\t\t\t<div class=\"elementor-element elementor-element-3c51fdd elementor-widget elementor-widget-spacer\" data-id=\"3c51fdd\" data-element_type=\"widget\" data-widget_type=\"spacer.default\">\n\t\t\t\t<div class=\"elementor-widget-container\">\n\t\t\t\t\t<div class=\"elementor-spacer\">\n\t\t\t<div class=\"elementor-spacer-inner\"><\/div>\n\t\t<\/div>\n\t\t\t\t<\/div>\n\t\t\t\t<\/div>\n\t\t\t\t<section class=\"elementor-section elementor-inner-section elementor-element elementor-element-27f7c84a elementor-section-content-middle elementor-section-boxed elementor-section-height-default elementor-section-height-default\" data-id=\"27f7c84a\" data-element_type=\"section\">\n\t\t\t\t\t\t<div class=\"elementor-container elementor-column-gap-default\">\n\t\t\t\t\t<div class=\"elementor-column elementor-col-66 elementor-inner-column elementor-element elementor-element-7f74ef66\" data-id=\"7f74ef66\" data-element_type=\"column\">\n\t\t\t<div class=\"elementor-widget-wrap elementor-element-populated\">\n\t\t\t\t\t\t\t\t<div class=\"elementor-element elementor-element-6648f447 elementor-widget elementor-widget-text-editor\" data-id=\"6648f447\" data-element_type=\"widget\" data-widget_type=\"text-editor.default\">\n\t\t\t\t<div class=\"elementor-widget-container\">\n\t\t\t\t\t\t\tYour business grows with VerdiConstruct\t\t\t\t\t\t<\/div>\n\t\t\t\t<\/div>\n\t\t\t\t\t<\/div>\n\t\t<\/div>\n\t\t\t\t<div class=\"elementor-column elementor-col-33 elementor-inner-column elementor-element elementor-element-4d18c1f0\" data-id=\"4d18c1f0\" data-element_type=\"column\">\n\t\t\t<div class=\"elementor-widget-wrap elementor-element-populated\">\n\t\t\t\t\t\t\t\t<div class=\"elementor-element elementor-element-2cbc716b elementor-align-center elementor-widget elementor-widget-button\" data-id=\"2cbc716b\" data-element_type=\"widget\" data-widget_type=\"button.default\">\n\t\t\t\t<div class=\"elementor-widget-container\">\n\t\t\t\t\t<div class=\"elementor-button-wrapper\">\n\t\t\t<a class=\"elementor-button elementor-button-link elementor-size-md\" href=\"https:\/\/verdiconstruct.ro\/en\/ask-for-an-offer\/\">\n\t\t\t\t\t\t<span class=\"elementor-button-content-wrapper\">\n\t\t\t\t\t\t<span class=\"elementor-button-icon elementor-align-icon-right\">\n\t\t\t\t<i aria-hidden=\"true\" class=\"fas fa-angle-double-right\"><\/i>\t\t\t<\/span>\n\t\t\t\t\t\t<span class=\"elementor-button-text\">Ask for an offer<\/span>\n\t\t<\/span>\n\t\t\t\t\t<\/a>\n\t\t<\/div>\n\t\t\t\t<\/div>\n\t\t\t\t<\/div>\n\t\t\t\t\t<\/div>\n\t\t<\/div>\n\t\t\t\t\t\t\t<\/div>\n\t\t<\/section>\n\t\t\t\t<div class=\"elementor-element elementor-element-12c5fe88 elementor-widget elementor-widget-spacer\" data-id=\"12c5fe88\" data-element_type=\"widget\" data-widget_type=\"spacer.default\">\n\t\t\t\t<div class=\"elementor-widget-container\">\n\t\t\t\t\t<div class=\"elementor-spacer\">\n\t\t\t<div class=\"elementor-spacer-inner\"><\/div>\n\t\t<\/div>\n\t\t\t\t<\/div>\n\t\t\t\t<\/div>\n\t\t\t\t\t<\/div>\n\t\t<\/div>\n\t\t\t\t\t\t\t<\/div>\n\t\t<\/section>\n\t\t\t\t\t\t<\/div>\n\t\t\t\t<\/div>\n\t\t\t\t<\/div>\n\t\t\t\t<\/div>\n\t\t\t\t\t<\/div>\n\t\t<\/div>\n\t\t\t\t\t\t\t<\/div>\n\t\t<\/section>\n\t\t\t\t\t\t\t<\/div>\n\t\t","protected":false},"excerpt":{"rendered":"<p>Politica de Confiden\u021bialitate Informa\u021bii generale Confiden\u021bialitatea datelor tale cu caracter personal reprezint\u0103 una dintre preocup\u0103rile principale ale VERDICONSTRUCT SRL, cu sediul \u00een T\u00e2rgu Mure\u0219, Jude\u021b Mure\u0219 \u00een calitate de operator de date. Acest document are rolul de a v\u0103 informa cu privire la prelucrarea datelor dumneavoastr\u0103 cu caracter personal, \u00een<\/p>\n","protected":false},"author":2,"featured_media":0,"parent":0,"menu_order":0,"comment_status":"closed","ping_status":"open","template":"","meta":{"footnotes":""},"_links":{"self":[{"href":"https:\/\/verdiconstruct.ro\/en\/wp-json\/wp\/v2\/pages\/7739"}],"collection":[{"href":"https:\/\/verdiconstruct.ro\/en\/wp-json\/wp\/v2\/pages"}],"about":[{"href":"https:\/\/verdiconstruct.ro\/en\/wp-json\/wp\/v2\/types\/page"}],"author":[{"embeddable":true,"href":"https:\/\/verdiconstruct.ro\/en\/wp-json\/wp\/v2\/users\/2"}],"replies":[{"embeddable":true,"href":"https:\/\/verdiconstruct.ro\/en\/wp-json\/wp\/v2\/comments?post=7739"}],"version-history":[{"count":0,"href":"https:\/\/verdiconstruct.ro\/en\/wp-json\/wp\/v2\/pages\/7739\/revisions"}],"wp:attachment":[{"href":"https:\/\/verdiconstruct.ro\/en\/wp-json\/wp\/v2\/media?parent=7739"}],"curies":[{"name":"wp","href":"https:\/\/api.w.org\/{rel}","templated":true}]}}