{"id":14533,"date":"2023-02-11T18:42:25","date_gmt":"2023-02-11T18:42:25","guid":{"rendered":"https:\/\/verdiconstruct.ro\/portfolio\/pardoseli-slefuite\/"},"modified":"2023-02-12T11:49:06","modified_gmt":"2023-02-12T11:49:06","slug":"csiszolt-padlo","status":"publish","type":"page","link":"https:\/\/verdiconstruct.ro\/hu\/portfolio\/csiszolt-padlo\/","title":{"rendered":"Csiszolt padl\u00f3"},"content":{"rendered":"\t\t<div data-elementor-type=\"wp-page\" data-elementor-id=\"14533\" class=\"elementor elementor-14533\" data-elementor-post-type=\"page\">\n\t\t\t\t\t\t\t\t\t<section class=\"elementor-section elementor-top-section elementor-element elementor-element-5504aa5 elementor-section-boxed elementor-section-height-default elementor-section-height-default\" data-id=\"5504aa5\" data-element_type=\"section\">\n\t\t\t\t\t\t<div class=\"elementor-container elementor-column-gap-default\">\n\t\t\t\t\t<div class=\"elementor-column elementor-col-100 elementor-top-column elementor-element elementor-element-587a641\" data-id=\"587a641\" data-element_type=\"column\">\n\t\t\t<div class=\"elementor-widget-wrap elementor-element-populated\">\n\t\t\t\t\t\t\t\t<div class=\"elementor-element elementor-element-f358184 elementor-widget elementor-widget-spacer\" data-id=\"f358184\" data-element_type=\"widget\" data-widget_type=\"spacer.default\">\n\t\t\t\t<div class=\"elementor-widget-container\">\n\t\t\t\t\t<div class=\"elementor-spacer\">\n\t\t\t<div class=\"elementor-spacer-inner\"><\/div>\n\t\t<\/div>\n\t\t\t\t<\/div>\n\t\t\t\t<\/div>\n\t\t\t\t<div class=\"elementor-element elementor-element-ec1c06a elementor-widget elementor-widget-heading\" data-id=\"ec1c06a\" data-element_type=\"widget\" data-widget_type=\"heading.default\">\n\t\t\t\t<div class=\"elementor-widget-container\">\n\t\t\t<div class=\"elementor-heading-title elementor-size-default\">Csiszolt padl\u00f3<\/div>\t\t<\/div>\n\t\t\t\t<\/div>\n\t\t\t\t<div class=\"elementor-element elementor-element-0afc3a4 elementor-widget elementor-widget-heading\" data-id=\"0afc3a4\" data-element_type=\"widget\" data-widget_type=\"heading.default\">\n\t\t\t\t<div class=\"elementor-widget-container\">\n\t\t\t<h2 class=\"elementor-heading-title elementor-size-default\">Csiszolt padl\u00f3<\/h2>\t\t<\/div>\n\t\t\t\t<\/div>\n\t\t\t\t<div class=\"elementor-element elementor-element-8f3cd8f elementor-widget elementor-widget-spacer\" data-id=\"8f3cd8f\" data-element_type=\"widget\" data-widget_type=\"spacer.default\">\n\t\t\t\t<div class=\"elementor-widget-container\">\n\t\t\t\t\t<div class=\"elementor-spacer\">\n\t\t\t<div class=\"elementor-spacer-inner\"><\/div>\n\t\t<\/div>\n\t\t\t\t<\/div>\n\t\t\t\t<\/div>\n\t\t\t\t\t<\/div>\n\t\t<\/div>\n\t\t\t\t\t\t\t<\/div>\n\t\t<\/section>\n\t\t\t\t<section class=\"elementor-section elementor-top-section elementor-element elementor-element-6cb82475 elementor-section-boxed elementor-section-height-default elementor-section-height-default\" data-id=\"6cb82475\" data-element_type=\"section\">\n\t\t\t\t\t\t<div class=\"elementor-container elementor-column-gap-default\">\n\t\t\t\t\t<div class=\"elementor-column elementor-col-100 elementor-top-column elementor-element elementor-element-5a530956\" data-id=\"5a530956\" data-element_type=\"column\">\n\t\t\t<div class=\"elementor-widget-wrap elementor-element-populated\">\n\t\t\t\t\t\t\t\t<div class=\"elementor-element elementor-element-62b7c834 elementor-arrows-position-outside elementor-pagination-position-outside elementor-widget elementor-widget-image-carousel\" data-id=\"62b7c834\" data-element_type=\"widget\" data-settings=\"{&quot;image_spacing_custom&quot;:{&quot;unit&quot;:&quot;px&quot;,&quot;size&quot;:24,&quot;sizes&quot;:[]},&quot;navigation&quot;:&quot;both&quot;,&quot;autoplay&quot;:&quot;yes&quot;,&quot;pause_on_hover&quot;:&quot;yes&quot;,&quot;pause_on_interaction&quot;:&quot;yes&quot;,&quot;autoplay_speed&quot;:5000,&quot;infinite&quot;:&quot;yes&quot;,&quot;speed&quot;:500,&quot;image_spacing_custom_tablet&quot;:{&quot;unit&quot;:&quot;px&quot;,&quot;size&quot;:&quot;&quot;,&quot;sizes&quot;:[]},&quot;image_spacing_custom_mobile&quot;:{&quot;unit&quot;:&quot;px&quot;,&quot;size&quot;:&quot;&quot;,&quot;sizes&quot;:[]}}\" data-widget_type=\"image-carousel.default\">\n\t\t\t\t<div class=\"elementor-widget-container\">\n\t\t\t\t\t<div class=\"elementor-image-carousel-wrapper swiper-container\" dir=\"ltr\">\n\t\t\t<div class=\"elementor-image-carousel swiper-wrapper\" aria-live=\"off\">\n\t\t\t\t\t\t\t\t<div class=\"swiper-slide\" role=\"group\" aria-roledescription=\"slide\" aria-label=\"1 \/ 9\"><a data-elementor-open-lightbox=\"yes\" data-elementor-lightbox-slideshow=\"62b7c834\" data-elementor-lightbox-title=\"pardoseli-slefuite-6-1.jpg\" data-e-action-hash=\"#elementor-action%3Aaction%3Dlightbox%26settings%3DeyJpZCI6MTQzODEsInVybCI6Imh0dHBzOlwvXC92ZXJkaWNvbnN0cnVjdC5yb1wvd3AtY29udGVudFwvdXBsb2Fkc1wvMjAyM1wvMDJcL3BhcmRvc2VsaS1zbGVmdWl0ZS02LTEuanBnIiwic2xpZGVzaG93IjoiNjJiN2M4MzQifQ%3D%3D\" href=\"https:\/\/verdiconstruct.ro\/wp-content\/uploads\/2023\/02\/pardoseli-slefuite-6-1.jpg\"><figure class=\"swiper-slide-inner\"><img decoding=\"async\" class=\"swiper-slide-image\" src=\"https:\/\/verdiconstruct.ro\/wp-content\/uploads\/elementor\/thumbs\/pardoseli-slefuite-6-1-q242ti5cj4tlsq3bn65c63k0a9uasmhq09kbvdm710.jpg\" alt=\"pardoseli-slefuite-6-1.jpg\" \/><\/figure><\/a><\/div><div class=\"swiper-slide\" role=\"group\" aria-roledescription=\"slide\" aria-label=\"2 \/ 9\"><a data-elementor-open-lightbox=\"yes\" data-elementor-lightbox-slideshow=\"62b7c834\" data-elementor-lightbox-title=\"pardoseli-slefuite-7-1.jpg\" data-e-action-hash=\"#elementor-action%3Aaction%3Dlightbox%26settings%3DeyJpZCI6MTQzODQsInVybCI6Imh0dHBzOlwvXC92ZXJkaWNvbnN0cnVjdC5yb1wvd3AtY29udGVudFwvdXBsb2Fkc1wvMjAyM1wvMDJcL3BhcmRvc2VsaS1zbGVmdWl0ZS03LTEuanBnIiwic2xpZGVzaG93IjoiNjJiN2M4MzQifQ%3D%3D\" href=\"https:\/\/verdiconstruct.ro\/wp-content\/uploads\/2023\/02\/pardoseli-slefuite-7-1.jpg\"><figure class=\"swiper-slide-inner\"><img decoding=\"async\" class=\"swiper-slide-image\" src=\"https:\/\/verdiconstruct.ro\/wp-content\/uploads\/elementor\/thumbs\/pardoseli-slefuite-7-1-q242ti5cj4tlsq3bn65c63k0a9uasmhq09kbvdm710.jpg\" alt=\"pardoseli-slefuite-7-1.jpg\" \/><\/figure><\/a><\/div><div class=\"swiper-slide\" role=\"group\" aria-roledescription=\"slide\" aria-label=\"3 \/ 9\"><a data-elementor-open-lightbox=\"yes\" data-elementor-lightbox-slideshow=\"62b7c834\" data-elementor-lightbox-title=\"pardoseli-slefuite-9.jpg\" data-e-action-hash=\"#elementor-action%3Aaction%3Dlightbox%26settings%3DeyJpZCI6MTQzODcsInVybCI6Imh0dHBzOlwvXC92ZXJkaWNvbnN0cnVjdC5yb1wvd3AtY29udGVudFwvdXBsb2Fkc1wvMjAyM1wvMDJcL3BhcmRvc2VsaS1zbGVmdWl0ZS05LmpwZyIsInNsaWRlc2hvdyI6IjYyYjdjODM0In0%3D\" href=\"https:\/\/verdiconstruct.ro\/wp-content\/uploads\/2023\/02\/pardoseli-slefuite-9.jpg\"><figure class=\"swiper-slide-inner\"><img decoding=\"async\" class=\"swiper-slide-image\" src=\"https:\/\/verdiconstruct.ro\/wp-content\/uploads\/elementor\/thumbs\/pardoseli-slefuite-9-q242ti5cj4tlsq3bn65c63k0a9uasmhq09kbvdm710.jpg\" alt=\"pardoseli-slefuite-9.jpg\" \/><\/figure><\/a><\/div><div class=\"swiper-slide\" role=\"group\" aria-roledescription=\"slide\" aria-label=\"4 \/ 9\"><a data-elementor-open-lightbox=\"yes\" data-elementor-lightbox-slideshow=\"62b7c834\" data-elementor-lightbox-title=\"pardoseli-slefuite-8-1.jpg\" data-e-action-hash=\"#elementor-action%3Aaction%3Dlightbox%26settings%3DeyJpZCI6MTQzOTAsInVybCI6Imh0dHBzOlwvXC92ZXJkaWNvbnN0cnVjdC5yb1wvd3AtY29udGVudFwvdXBsb2Fkc1wvMjAyM1wvMDJcL3BhcmRvc2VsaS1zbGVmdWl0ZS04LTEuanBnIiwic2xpZGVzaG93IjoiNjJiN2M4MzQifQ%3D%3D\" href=\"https:\/\/verdiconstruct.ro\/wp-content\/uploads\/2023\/02\/pardoseli-slefuite-8-1.jpg\"><figure class=\"swiper-slide-inner\"><img decoding=\"async\" class=\"swiper-slide-image\" src=\"https:\/\/verdiconstruct.ro\/wp-content\/uploads\/elementor\/thumbs\/pardoseli-slefuite-8-1-q242ti5cj4tlsq3bn65c63k0a9uasmhq09kbvdm710.jpg\" alt=\"pardoseli-slefuite-8-1.jpg\" \/><\/figure><\/a><\/div><div class=\"swiper-slide\" role=\"group\" aria-roledescription=\"slide\" aria-label=\"5 \/ 9\"><a data-elementor-open-lightbox=\"yes\" data-elementor-lightbox-slideshow=\"62b7c834\" data-elementor-lightbox-title=\"pardoseli-slefuite-2.jpg\" data-e-action-hash=\"#elementor-action%3Aaction%3Dlightbox%26settings%3DeyJpZCI6MTQzOTMsInVybCI6Imh0dHBzOlwvXC92ZXJkaWNvbnN0cnVjdC5yb1wvd3AtY29udGVudFwvdXBsb2Fkc1wvMjAyM1wvMDJcL3BhcmRvc2VsaS1zbGVmdWl0ZS0yLmpwZyIsInNsaWRlc2hvdyI6IjYyYjdjODM0In0%3D\" href=\"https:\/\/verdiconstruct.ro\/wp-content\/uploads\/2023\/02\/pardoseli-slefuite-2.jpg\"><figure class=\"swiper-slide-inner\"><img decoding=\"async\" class=\"swiper-slide-image\" src=\"https:\/\/verdiconstruct.ro\/wp-content\/uploads\/elementor\/thumbs\/pardoseli-slefuite-2-q242ti5cj4tlsq3bn65c63k0a9uasmhq09kbvdm710.jpg\" alt=\"pardoseli-slefuite-2.jpg\" \/><\/figure><\/a><\/div><div class=\"swiper-slide\" role=\"group\" aria-roledescription=\"slide\" aria-label=\"6 \/ 9\"><a data-elementor-open-lightbox=\"yes\" data-elementor-lightbox-slideshow=\"62b7c834\" data-elementor-lightbox-title=\"pardoseli-slefuite-3.jpg\" data-e-action-hash=\"#elementor-action%3Aaction%3Dlightbox%26settings%3DeyJpZCI6MTQzOTYsInVybCI6Imh0dHBzOlwvXC92ZXJkaWNvbnN0cnVjdC5yb1wvd3AtY29udGVudFwvdXBsb2Fkc1wvMjAyM1wvMDJcL3BhcmRvc2VsaS1zbGVmdWl0ZS0zLmpwZyIsInNsaWRlc2hvdyI6IjYyYjdjODM0In0%3D\" href=\"https:\/\/verdiconstruct.ro\/wp-content\/uploads\/2023\/02\/pardoseli-slefuite-3.jpg\"><figure class=\"swiper-slide-inner\"><img decoding=\"async\" class=\"swiper-slide-image\" src=\"https:\/\/verdiconstruct.ro\/wp-content\/uploads\/elementor\/thumbs\/pardoseli-slefuite-3-q242ti5cj4tlsq3bn65c63k0a9uasmhq09kbvdm710.jpg\" alt=\"pardoseli-slefuite-3.jpg\" \/><\/figure><\/a><\/div><div class=\"swiper-slide\" role=\"group\" aria-roledescription=\"slide\" aria-label=\"7 \/ 9\"><a data-elementor-open-lightbox=\"yes\" data-elementor-lightbox-slideshow=\"62b7c834\" data-elementor-lightbox-title=\"pardoseli-slefuite-1.jpg\" data-e-action-hash=\"#elementor-action%3Aaction%3Dlightbox%26settings%3DeyJpZCI6MTQzOTksInVybCI6Imh0dHBzOlwvXC92ZXJkaWNvbnN0cnVjdC5yb1wvd3AtY29udGVudFwvdXBsb2Fkc1wvMjAyM1wvMDJcL3BhcmRvc2VsaS1zbGVmdWl0ZS0xLmpwZyIsInNsaWRlc2hvdyI6IjYyYjdjODM0In0%3D\" href=\"https:\/\/verdiconstruct.ro\/wp-content\/uploads\/2023\/02\/pardoseli-slefuite-1.jpg\"><figure class=\"swiper-slide-inner\"><img decoding=\"async\" class=\"swiper-slide-image\" src=\"https:\/\/verdiconstruct.ro\/wp-content\/uploads\/elementor\/thumbs\/pardoseli-slefuite-1-q242ti5cj4tlsq3bn65c63k0a9uasmhq09kbvdm710.jpg\" alt=\"pardoseli-slefuite-1.jpg\" \/><\/figure><\/a><\/div><div class=\"swiper-slide\" role=\"group\" aria-roledescription=\"slide\" aria-label=\"8 \/ 9\"><a data-elementor-open-lightbox=\"yes\" data-elementor-lightbox-slideshow=\"62b7c834\" data-elementor-lightbox-title=\"pardoseli-slefuite-5.jpg\" data-e-action-hash=\"#elementor-action%3Aaction%3Dlightbox%26settings%3DeyJpZCI6MTQ0MDIsInVybCI6Imh0dHBzOlwvXC92ZXJkaWNvbnN0cnVjdC5yb1wvd3AtY29udGVudFwvdXBsb2Fkc1wvMjAyM1wvMDJcL3BhcmRvc2VsaS1zbGVmdWl0ZS01LmpwZyIsInNsaWRlc2hvdyI6IjYyYjdjODM0In0%3D\" href=\"https:\/\/verdiconstruct.ro\/wp-content\/uploads\/2023\/02\/pardoseli-slefuite-5.jpg\"><figure class=\"swiper-slide-inner\"><img decoding=\"async\" class=\"swiper-slide-image\" src=\"https:\/\/verdiconstruct.ro\/wp-content\/uploads\/elementor\/thumbs\/pardoseli-slefuite-5-q242ti5cj4tlsq3bn65c63k0a9uasmhq09kbvdm710.jpg\" alt=\"pardoseli-slefuite-5.jpg\" \/><\/figure><\/a><\/div><div class=\"swiper-slide\" role=\"group\" aria-roledescription=\"slide\" aria-label=\"9 \/ 9\"><a data-elementor-open-lightbox=\"yes\" data-elementor-lightbox-slideshow=\"62b7c834\" data-elementor-lightbox-title=\"pardoseli-slefuite-4.jpg\" data-e-action-hash=\"#elementor-action%3Aaction%3Dlightbox%26settings%3DeyJpZCI6MTQ0MDUsInVybCI6Imh0dHBzOlwvXC92ZXJkaWNvbnN0cnVjdC5yb1wvd3AtY29udGVudFwvdXBsb2Fkc1wvMjAyM1wvMDJcL3BhcmRvc2VsaS1zbGVmdWl0ZS00LmpwZyIsInNsaWRlc2hvdyI6IjYyYjdjODM0In0%3D\" href=\"https:\/\/verdiconstruct.ro\/wp-content\/uploads\/2023\/02\/pardoseli-slefuite-4.jpg\"><figure class=\"swiper-slide-inner\"><img decoding=\"async\" class=\"swiper-slide-image\" src=\"https:\/\/verdiconstruct.ro\/wp-content\/uploads\/elementor\/thumbs\/pardoseli-slefuite-4-q242ti5cj4tlsq3bn65c63k0a9uasmhq09kbvdm710.jpg\" alt=\"pardoseli-slefuite-4.jpg\" \/><\/figure><\/a><\/div>\t\t\t<\/div>\n\t\t\t\t\t\t\t\t\t\t\t\t<div class=\"elementor-swiper-button elementor-swiper-button-prev\" role=\"button\" tabindex=\"0\">\n\t\t\t\t\t\t<i aria-hidden=\"true\" class=\"eicon-chevron-left\"><\/i>\t\t\t\t\t<\/div>\n\t\t\t\t\t<div class=\"elementor-swiper-button elementor-swiper-button-next\" role=\"button\" tabindex=\"0\">\n\t\t\t\t\t\t<i aria-hidden=\"true\" class=\"eicon-chevron-right\"><\/i>\t\t\t\t\t<\/div>\n\t\t\t\t\n\t\t\t\t\t\t\t\t\t<div class=\"swiper-pagination\"><\/div>\n\t\t\t\t\t\t\t\t\t<\/div>\n\t\t\t\t<\/div>\n\t\t\t\t<\/div>\n\t\t\t\t\t<\/div>\n\t\t<\/div>\n\t\t\t\t\t\t\t<\/div>\n\t\t<\/section>\n\t\t\t\t<section class=\"elementor-section elementor-top-section elementor-element elementor-element-d061bb1 elementor-section-boxed elementor-section-height-default elementor-section-height-default\" data-id=\"d061bb1\" data-element_type=\"section\">\n\t\t\t\t\t\t<div class=\"elementor-container elementor-column-gap-default\">\n\t\t\t\t\t<div class=\"elementor-column elementor-col-100 elementor-top-column elementor-element elementor-element-0a689c5\" data-id=\"0a689c5\" data-element_type=\"column\">\n\t\t\t<div class=\"elementor-widget-wrap elementor-element-populated\">\n\t\t\t\t\t\t\t\t<div class=\"elementor-element elementor-element-506a0a4 elementor-widget elementor-widget-template\" data-id=\"506a0a4\" data-element_type=\"widget\" data-widget_type=\"template.default\">\n\t\t\t\t<div class=\"elementor-widget-container\">\n\t\t\t\t\t<div class=\"elementor-template\">\n\t\t\t\t\t<div data-elementor-type=\"section\" data-elementor-id=\"14659\" class=\"elementor elementor-14659\" data-elementor-post-type=\"elementor_library\">\n\t\t\t\t\t\t\t\t<section class=\"elementor-section elementor-top-section elementor-element elementor-element-489093a3 elementor-section-boxed elementor-section-height-default elementor-section-height-default\" data-id=\"489093a3\" data-element_type=\"section\">\n\t\t\t\t\t\t<div class=\"elementor-container elementor-column-gap-default\">\n\t\t\t\t\t<div class=\"elementor-column elementor-col-100 elementor-top-column elementor-element elementor-element-c9b2c40\" data-id=\"c9b2c40\" data-element_type=\"column\">\n\t\t\t<div class=\"elementor-widget-wrap elementor-element-populated\">\n\t\t\t\t\t\t\t\t<div class=\"elementor-element elementor-element-3ebf5e05 elementor-widget elementor-widget-spacer\" data-id=\"3ebf5e05\" data-element_type=\"widget\" data-widget_type=\"spacer.default\">\n\t\t\t\t<div class=\"elementor-widget-container\">\n\t\t\t\t\t<div class=\"elementor-spacer\">\n\t\t\t<div class=\"elementor-spacer-inner\"><\/div>\n\t\t<\/div>\n\t\t\t\t<\/div>\n\t\t\t\t<\/div>\n\t\t\t\t<section class=\"elementor-section elementor-inner-section elementor-element elementor-element-271d7868 elementor-section-content-middle elementor-section-boxed elementor-section-height-default elementor-section-height-default\" data-id=\"271d7868\" data-element_type=\"section\">\n\t\t\t\t\t\t<div class=\"elementor-container elementor-column-gap-default\">\n\t\t\t\t\t<div class=\"elementor-column elementor-col-66 elementor-inner-column elementor-element elementor-element-7674486a\" data-id=\"7674486a\" data-element_type=\"column\">\n\t\t\t<div class=\"elementor-widget-wrap elementor-element-populated\">\n\t\t\t\t\t\t\t\t<div class=\"elementor-element elementor-element-7e83327a elementor-widget elementor-widget-text-editor\" data-id=\"7e83327a\" data-element_type=\"widget\" data-widget_type=\"text-editor.default\">\n\t\t\t\t<div class=\"elementor-widget-container\">\n\t\t\t\t\t\t\tA VerdiConstructtal n\u0151 a v\u00e1llalkoz\u00e1sod\t\t\t\t\t\t<\/div>\n\t\t\t\t<\/div>\n\t\t\t\t\t<\/div>\n\t\t<\/div>\n\t\t\t\t<div class=\"elementor-column elementor-col-33 elementor-inner-column elementor-element elementor-element-30339c06\" data-id=\"30339c06\" data-element_type=\"column\">\n\t\t\t<div class=\"elementor-widget-wrap elementor-element-populated\">\n\t\t\t\t\t\t\t\t<div class=\"elementor-element elementor-element-6df7a0be elementor-align-center elementor-widget elementor-widget-button\" data-id=\"6df7a0be\" data-element_type=\"widget\" data-widget_type=\"button.default\">\n\t\t\t\t<div class=\"elementor-widget-container\">\n\t\t\t\t\t<div class=\"elementor-button-wrapper\">\n\t\t\t<a class=\"elementor-button elementor-button-link elementor-size-md\" href=\"\/hu\/kerj-ajanlatot\/\">\n\t\t\t\t\t\t<span class=\"elementor-button-content-wrapper\">\n\t\t\t\t\t\t<span class=\"elementor-button-icon elementor-align-icon-right\">\n\t\t\t\t<i aria-hidden=\"true\" class=\"fas fa-angle-double-right\"><\/i>\t\t\t<\/span>\n\t\t\t\t\t\t<span class=\"elementor-button-text\">K\u00e9rj aj\u00e1nlatot<\/span>\n\t\t<\/span>\n\t\t\t\t\t<\/a>\n\t\t<\/div>\n\t\t\t\t<\/div>\n\t\t\t\t<\/div>\n\t\t\t\t\t<\/div>\n\t\t<\/div>\n\t\t\t\t\t\t\t<\/div>\n\t\t<\/section>\n\t\t\t\t\t<\/div>\n\t\t<\/div>\n\t\t\t\t\t\t\t<\/div>\n\t\t<\/section>\n\t\t\t\t\t\t<\/div>\n\t\t\t\t<\/div>\n\t\t\t\t<\/div>\n\t\t\t\t<\/div>\n\t\t\t\t\t<\/div>\n\t\t<\/div>\n\t\t\t\t\t\t\t<\/div>\n\t\t<\/section>\n\t\t\t\t\t\t\t<\/div>\n\t\t","protected":false},"excerpt":{"rendered":"<p>Csiszolt padl\u00f3 Csiszolt padl\u00f3 Anterioar\u0103 Urm\u0103toare<\/p>\n","protected":false},"author":2,"featured_media":0,"parent":4896,"menu_order":0,"comment_status":"closed","ping_status":"closed","template":"","meta":{"footnotes":""},"_links":{"self":[{"href":"https:\/\/verdiconstruct.ro\/hu\/wp-json\/wp\/v2\/pages\/14533"}],"collection":[{"href":"https:\/\/verdiconstruct.ro\/hu\/wp-json\/wp\/v2\/pages"}],"about":[{"href":"https:\/\/verdiconstruct.ro\/hu\/wp-json\/wp\/v2\/types\/page"}],"author":[{"embeddable":true,"href":"https:\/\/verdiconstruct.ro\/hu\/wp-json\/wp\/v2\/users\/2"}],"replies":[{"embeddable":true,"href":"https:\/\/verdiconstruct.ro\/hu\/wp-json\/wp\/v2\/comments?post=14533"}],"version-history":[{"count":0,"href":"https:\/\/verdiconstruct.ro\/hu\/wp-json\/wp\/v2\/pages\/14533\/revisions"}],"up":[{"embeddable":true,"href":"https:\/\/verdiconstruct.ro\/hu\/wp-json\/wp\/v2\/pages\/4896"}],"wp:attachment":[{"href":"https:\/\/verdiconstruct.ro\/hu\/wp-json\/wp\/v2\/media?parent=14533"}],"curies":[{"name":"wp","href":"https:\/\/api.w.org\/{rel}","templated":true}]}}