{"id":4912,"date":"2020-12-02T09:10:10","date_gmt":"2020-12-02T09:10:10","guid":{"rendered":"http:\/\/verdiconstruct.ro\/index.php\/certificari\/"},"modified":"2023-02-12T12:37:38","modified_gmt":"2023-02-12T12:37:38","slug":"tanusitvanyok","status":"publish","type":"page","link":"https:\/\/verdiconstruct.ro\/hu\/tanusitvanyok\/","title":{"rendered":"Tan\u00fas\u00edtv\u00e1nyok"},"content":{"rendered":"\t\t<div data-elementor-type=\"wp-page\" data-elementor-id=\"4912\" class=\"elementor elementor-4912\" data-elementor-post-type=\"page\">\n\t\t\t\t\t\t\t\t\t<section class=\"elementor-section elementor-top-section elementor-element elementor-element-5963a9f elementor-section-boxed elementor-section-height-default elementor-section-height-default\" data-id=\"5963a9f\" data-element_type=\"section\">\n\t\t\t\t\t\t<div class=\"elementor-container elementor-column-gap-default\">\n\t\t\t\t\t<div class=\"elementor-column elementor-col-100 elementor-top-column elementor-element elementor-element-63ebb03\" data-id=\"63ebb03\" data-element_type=\"column\">\n\t\t\t<div class=\"elementor-widget-wrap elementor-element-populated\">\n\t\t\t\t\t\t\t\t<div class=\"elementor-element elementor-element-87ee143 elementor-widget elementor-widget-spacer\" data-id=\"87ee143\" data-element_type=\"widget\" data-widget_type=\"spacer.default\">\n\t\t\t\t<div class=\"elementor-widget-container\">\n\t\t\t\t\t<div class=\"elementor-spacer\">\n\t\t\t<div class=\"elementor-spacer-inner\"><\/div>\n\t\t<\/div>\n\t\t\t\t<\/div>\n\t\t\t\t<\/div>\n\t\t\t\t\t<\/div>\n\t\t<\/div>\n\t\t\t\t\t\t\t<\/div>\n\t\t<\/section>\n\t\t\t\t<section class=\"elementor-section elementor-top-section elementor-element elementor-element-02a3436 elementor-section-boxed elementor-section-height-default elementor-section-height-default\" data-id=\"02a3436\" data-element_type=\"section\">\n\t\t\t\t\t\t<div class=\"elementor-container elementor-column-gap-default\">\n\t\t\t\t\t<div class=\"elementor-column elementor-col-33 elementor-top-column elementor-element elementor-element-5f6f9e8\" data-id=\"5f6f9e8\" data-element_type=\"column\">\n\t\t\t<div class=\"elementor-widget-wrap elementor-element-populated\">\n\t\t\t\t\t\t\t\t<div class=\"elementor-element elementor-element-b837d53 elementor-widget elementor-widget-image\" data-id=\"b837d53\" data-element_type=\"widget\" data-widget_type=\"image.default\">\n\t\t\t\t<div class=\"elementor-widget-container\">\n\t\t\t\t\t\t\t\t\t\t\t\t\t\t\t\t<a href=\"https:\/\/verdiconstruct.ro\/wp-content\/uploads\/2021\/04\/certificat-1.jpg\" data-elementor-open-lightbox=\"yes\" data-elementor-lightbox-title=\"certificat-1\" data-e-action-hash=\"#elementor-action%3Aaction%3Dlightbox%26settings%3DeyJpZCI6NzE3NSwidXJsIjoiaHR0cHM6XC9cL3ZlcmRpY29uc3RydWN0LnJvXC93cC1jb250ZW50XC91cGxvYWRzXC8yMDIxXC8wNFwvY2VydGlmaWNhdC0xLmpwZyJ9\">\n\t\t\t\t\t\t\t<img loading=\"lazy\" decoding=\"async\" width=\"578\" height=\"818\" src=\"https:\/\/verdiconstruct.ro\/wp-content\/uploads\/2021\/04\/certificat-1.jpg\" class=\"attachment-full size-full wp-image-7175\" alt=\"\" srcset=\"https:\/\/verdiconstruct.ro\/wp-content\/uploads\/2021\/04\/certificat-1.jpg 578w, https:\/\/verdiconstruct.ro\/wp-content\/uploads\/2021\/04\/certificat-1-212x300.jpg 212w\" sizes=\"(max-width: 578px) 100vw, 578px\" \/>\t\t\t\t\t\t\t\t<\/a>\n\t\t\t\t\t\t\t\t\t\t\t\t\t\t\t<\/div>\n\t\t\t\t<\/div>\n\t\t\t\t\t<\/div>\n\t\t<\/div>\n\t\t\t\t<div class=\"elementor-column elementor-col-33 elementor-top-column elementor-element elementor-element-1bfb984\" data-id=\"1bfb984\" data-element_type=\"column\">\n\t\t\t<div class=\"elementor-widget-wrap elementor-element-populated\">\n\t\t\t\t\t\t\t\t<div class=\"elementor-element elementor-element-6e14a6c elementor-widget elementor-widget-image\" data-id=\"6e14a6c\" data-element_type=\"widget\" data-widget_type=\"image.default\">\n\t\t\t\t<div class=\"elementor-widget-container\">\n\t\t\t\t\t\t\t\t\t\t\t\t\t\t\t\t<a href=\"https:\/\/verdiconstruct.ro\/wp-content\/uploads\/2021\/04\/certificat-2.jpg\" data-elementor-open-lightbox=\"yes\" data-elementor-lightbox-title=\"certificat-2\" data-e-action-hash=\"#elementor-action%3Aaction%3Dlightbox%26settings%3DeyJpZCI6NzE3OCwidXJsIjoiaHR0cHM6XC9cL3ZlcmRpY29uc3RydWN0LnJvXC93cC1jb250ZW50XC91cGxvYWRzXC8yMDIxXC8wNFwvY2VydGlmaWNhdC0yLmpwZyJ9\">\n\t\t\t\t\t\t\t<img loading=\"lazy\" decoding=\"async\" width=\"578\" height=\"818\" src=\"https:\/\/verdiconstruct.ro\/wp-content\/uploads\/2021\/04\/certificat-2.jpg\" class=\"attachment-full size-full wp-image-7178\" alt=\"\" srcset=\"https:\/\/verdiconstruct.ro\/wp-content\/uploads\/2021\/04\/certificat-2.jpg 578w, https:\/\/verdiconstruct.ro\/wp-content\/uploads\/2021\/04\/certificat-2-212x300.jpg 212w\" sizes=\"(max-width: 578px) 100vw, 578px\" \/>\t\t\t\t\t\t\t\t<\/a>\n\t\t\t\t\t\t\t\t\t\t\t\t\t\t\t<\/div>\n\t\t\t\t<\/div>\n\t\t\t\t\t<\/div>\n\t\t<\/div>\n\t\t\t\t<div class=\"elementor-column elementor-col-33 elementor-top-column elementor-element elementor-element-b578978\" data-id=\"b578978\" data-element_type=\"column\">\n\t\t\t<div class=\"elementor-widget-wrap elementor-element-populated\">\n\t\t\t\t\t\t\t\t<div class=\"elementor-element elementor-element-2e82bf0 elementor-widget elementor-widget-image\" data-id=\"2e82bf0\" data-element_type=\"widget\" data-widget_type=\"image.default\">\n\t\t\t\t<div class=\"elementor-widget-container\">\n\t\t\t\t\t\t\t\t\t\t\t\t\t\t\t\t<a href=\"https:\/\/verdiconstruct.ro\/wp-content\/uploads\/2021\/04\/certificat-3.jpg\" data-elementor-open-lightbox=\"yes\" data-elementor-lightbox-title=\"certificat-3\" data-e-action-hash=\"#elementor-action%3Aaction%3Dlightbox%26settings%3DeyJpZCI6NzE4MSwidXJsIjoiaHR0cHM6XC9cL3ZlcmRpY29uc3RydWN0LnJvXC93cC1jb250ZW50XC91cGxvYWRzXC8yMDIxXC8wNFwvY2VydGlmaWNhdC0zLmpwZyJ9\">\n\t\t\t\t\t\t\t<img loading=\"lazy\" decoding=\"async\" width=\"578\" height=\"817\" src=\"https:\/\/verdiconstruct.ro\/wp-content\/uploads\/2021\/04\/certificat-3.jpg\" class=\"attachment-full size-full wp-image-7181\" alt=\"\" srcset=\"https:\/\/verdiconstruct.ro\/wp-content\/uploads\/2021\/04\/certificat-3.jpg 578w, https:\/\/verdiconstruct.ro\/wp-content\/uploads\/2021\/04\/certificat-3-212x300.jpg 212w\" sizes=\"(max-width: 578px) 100vw, 578px\" \/>\t\t\t\t\t\t\t\t<\/a>\n\t\t\t\t\t\t\t\t\t\t\t\t\t\t\t<\/div>\n\t\t\t\t<\/div>\n\t\t\t\t\t<\/div>\n\t\t<\/div>\n\t\t\t\t\t\t\t<\/div>\n\t\t<\/section>\n\t\t\t\t<section class=\"elementor-section elementor-top-section elementor-element elementor-element-426d727 elementor-section-boxed elementor-section-height-default elementor-section-height-default\" data-id=\"426d727\" data-element_type=\"section\">\n\t\t\t\t\t\t<div class=\"elementor-container elementor-column-gap-default\">\n\t\t\t\t\t<div class=\"elementor-column elementor-col-100 elementor-top-column elementor-element elementor-element-5de35d3\" data-id=\"5de35d3\" data-element_type=\"column\">\n\t\t\t<div class=\"elementor-widget-wrap elementor-element-populated\">\n\t\t\t\t\t\t\t\t<div class=\"elementor-element elementor-element-c7a717b elementor-widget elementor-widget-spacer\" data-id=\"c7a717b\" data-element_type=\"widget\" data-widget_type=\"spacer.default\">\n\t\t\t\t<div class=\"elementor-widget-container\">\n\t\t\t\t\t<div class=\"elementor-spacer\">\n\t\t\t<div class=\"elementor-spacer-inner\"><\/div>\n\t\t<\/div>\n\t\t\t\t<\/div>\n\t\t\t\t<\/div>\n\t\t\t\t<section class=\"elementor-section elementor-inner-section elementor-element elementor-element-89c2b22 elementor-section-content-middle elementor-section-boxed elementor-section-height-default elementor-section-height-default\" data-id=\"89c2b22\" data-element_type=\"section\">\n\t\t\t\t\t\t<div class=\"elementor-container elementor-column-gap-default\">\n\t\t\t\t\t<div class=\"elementor-column elementor-col-50 elementor-inner-column elementor-element elementor-element-9a63b7a\" data-id=\"9a63b7a\" data-element_type=\"column\">\n\t\t\t<div class=\"elementor-widget-wrap elementor-element-populated\">\n\t\t\t\t\t\t\t\t<div class=\"elementor-element elementor-element-3c05e45 elementor-widget elementor-widget-heading\" data-id=\"3c05e45\" data-element_type=\"widget\" data-widget_type=\"heading.default\">\n\t\t\t\t<div class=\"elementor-widget-container\">\n\t\t\t<div class=\"elementor-heading-title elementor-size-default\">TAN\u00daS\u00cdTV\u00c1NYOK<\/div>\t\t<\/div>\n\t\t\t\t<\/div>\n\t\t\t\t<div class=\"elementor-element elementor-element-6a7e539 elementor-widget elementor-widget-heading\" data-id=\"6a7e539\" data-element_type=\"widget\" data-widget_type=\"heading.default\">\n\t\t\t\t<div class=\"elementor-widget-container\">\n\t\t\t<h2 class=\"elementor-heading-title elementor-size-default\">ISO tan\u00fas\u00edtv\u00e1nyok<\/h2>\t\t<\/div>\n\t\t\t\t<\/div>\n\t\t\t\t<div class=\"elementor-element elementor-element-a06f95e elementor-widget elementor-widget-text-editor\" data-id=\"a06f95e\" data-element_type=\"widget\" data-widget_type=\"text-editor.default\">\n\t\t\t\t<div class=\"elementor-widget-container\">\n\t\t\t\t\t\t\t<p>A Verdiconstruct c\u00e9g ipari \u00e9s magas\u00e9p\u00edt\u00e9si munk\u00e1kra, valamint egy\u00e9b \u00e9p\u00fcletg\u00e9p\u00e9szeti szerel\u00e9sekre ISO 9001:2008, ISO 14001 :2004, OHSAS 18001:2008 tan\u00fas\u00edtv\u00e1nyokkal rendelkezik.<\/p>\t\t\t\t\t\t<\/div>\n\t\t\t\t<\/div>\n\t\t\t\t\t<\/div>\n\t\t<\/div>\n\t\t\t\t<div class=\"elementor-column elementor-col-50 elementor-inner-column elementor-element elementor-element-8b5f5e8\" data-id=\"8b5f5e8\" data-element_type=\"column\" data-settings=\"{&quot;background_background&quot;:&quot;classic&quot;}\">\n\t\t\t<div class=\"elementor-widget-wrap elementor-element-populated\">\n\t\t\t\t\t\t\t\t<div class=\"elementor-element elementor-element-4592f4d elementor-widget elementor-widget-gallery\" data-id=\"4592f4d\" data-element_type=\"widget\" data-settings=\"{&quot;columns&quot;:3,&quot;columns_mobile&quot;:3,&quot;gap&quot;:{&quot;unit&quot;:&quot;px&quot;,&quot;size&quot;:12,&quot;sizes&quot;:[]},&quot;aspect_ratio&quot;:&quot;1:1&quot;,&quot;lazyload&quot;:&quot;yes&quot;,&quot;gallery_layout&quot;:&quot;grid&quot;,&quot;columns_tablet&quot;:2,&quot;gap_tablet&quot;:{&quot;unit&quot;:&quot;px&quot;,&quot;size&quot;:10,&quot;sizes&quot;:[]},&quot;gap_mobile&quot;:{&quot;unit&quot;:&quot;px&quot;,&quot;size&quot;:10,&quot;sizes&quot;:[]},&quot;link_to&quot;:&quot;file&quot;,&quot;overlay_background&quot;:&quot;yes&quot;,&quot;content_hover_animation&quot;:&quot;fade-in&quot;}\" data-widget_type=\"gallery.default\">\n\t\t\t\t<div class=\"elementor-widget-container\">\n\t\t\t\t\t<div class=\"elementor-gallery__container\">\n\t\t\t\t\t\t\t<a class=\"e-gallery-item elementor-gallery-item elementor-animated-content\" href=\"https:\/\/verdiconstruct.ro\/wp-content\/uploads\/2021\/04\/45001.png\" data-elementor-open-lightbox=\"yes\" data-elementor-lightbox-slideshow=\"4592f4d\" data-elementor-lightbox-title=\"45001\" data-e-action-hash=\"#elementor-action%3Aaction%3Dlightbox%26settings%3DeyJpZCI6NzE2NywidXJsIjoiaHR0cHM6XC9cL3ZlcmRpY29uc3RydWN0LnJvXC93cC1jb250ZW50XC91cGxvYWRzXC8yMDIxXC8wNFwvNDUwMDEucG5nIiwic2xpZGVzaG93IjoiNDU5MmY0ZCJ9\">\n\t\t\t\t\t<div class=\"e-gallery-image elementor-gallery-item__image\" data-thumbnail=\"https:\/\/verdiconstruct.ro\/wp-content\/uploads\/2021\/04\/45001.png\" data-width=\"300\" data-height=\"300\" aria-label=\"\" role=\"img\" ><\/div>\n\t\t\t\t\t\t\t\t\t\t\t<div class=\"elementor-gallery-item__overlay\"><\/div>\n\t\t\t\t\t\t\t\t\t\t\t\t\t\t<\/a>\n\t\t\t\t\t\t\t<a class=\"e-gallery-item elementor-gallery-item elementor-animated-content\" href=\"https:\/\/verdiconstruct.ro\/wp-content\/uploads\/2021\/04\/14001.png\" data-elementor-open-lightbox=\"yes\" data-elementor-lightbox-slideshow=\"4592f4d\" data-elementor-lightbox-title=\"14001\" data-e-action-hash=\"#elementor-action%3Aaction%3Dlightbox%26settings%3DeyJpZCI6NzE2NCwidXJsIjoiaHR0cHM6XC9cL3ZlcmRpY29uc3RydWN0LnJvXC93cC1jb250ZW50XC91cGxvYWRzXC8yMDIxXC8wNFwvMTQwMDEucG5nIiwic2xpZGVzaG93IjoiNDU5MmY0ZCJ9\">\n\t\t\t\t\t<div class=\"e-gallery-image elementor-gallery-item__image\" data-thumbnail=\"https:\/\/verdiconstruct.ro\/wp-content\/uploads\/2021\/04\/14001.png\" data-width=\"300\" data-height=\"300\" aria-label=\"\" role=\"img\" ><\/div>\n\t\t\t\t\t\t\t\t\t\t\t<div class=\"elementor-gallery-item__overlay\"><\/div>\n\t\t\t\t\t\t\t\t\t\t\t\t\t\t<\/a>\n\t\t\t\t\t\t\t<a class=\"e-gallery-item elementor-gallery-item elementor-animated-content\" href=\"https:\/\/verdiconstruct.ro\/wp-content\/uploads\/2021\/04\/9001.png\" data-elementor-open-lightbox=\"yes\" data-elementor-lightbox-slideshow=\"4592f4d\" data-elementor-lightbox-title=\"9001\" data-e-action-hash=\"#elementor-action%3Aaction%3Dlightbox%26settings%3DeyJpZCI6NzE2MSwidXJsIjoiaHR0cHM6XC9cL3ZlcmRpY29uc3RydWN0LnJvXC93cC1jb250ZW50XC91cGxvYWRzXC8yMDIxXC8wNFwvOTAwMS5wbmciLCJzbGlkZXNob3ciOiI0NTkyZjRkIn0%3D\">\n\t\t\t\t\t<div class=\"e-gallery-image elementor-gallery-item__image\" data-thumbnail=\"https:\/\/verdiconstruct.ro\/wp-content\/uploads\/2021\/04\/9001.png\" data-width=\"300\" data-height=\"300\" aria-label=\"\" role=\"img\" ><\/div>\n\t\t\t\t\t\t\t\t\t\t\t<div class=\"elementor-gallery-item__overlay\"><\/div>\n\t\t\t\t\t\t\t\t\t\t\t\t\t\t<\/a>\n\t\t\t\t\t<\/div>\n\t\t\t<\/div>\n\t\t\t\t<\/div>\n\t\t\t\t\t<\/div>\n\t\t<\/div>\n\t\t\t\t\t\t\t<\/div>\n\t\t<\/section>\n\t\t\t\t<div class=\"elementor-element elementor-element-f3c78e7 elementor-widget elementor-widget-spacer\" data-id=\"f3c78e7\" data-element_type=\"widget\" data-widget_type=\"spacer.default\">\n\t\t\t\t<div class=\"elementor-widget-container\">\n\t\t\t\t\t<div class=\"elementor-spacer\">\n\t\t\t<div class=\"elementor-spacer-inner\"><\/div>\n\t\t<\/div>\n\t\t\t\t<\/div>\n\t\t\t\t<\/div>\n\t\t\t\t\t<\/div>\n\t\t<\/div>\n\t\t\t\t\t\t\t<\/div>\n\t\t<\/section>\n\t\t\t\t<section class=\"elementor-section elementor-top-section elementor-element elementor-element-668a42e elementor-section-boxed elementor-section-height-default elementor-section-height-default\" data-id=\"668a42e\" data-element_type=\"section\">\n\t\t\t\t\t\t<div class=\"elementor-container elementor-column-gap-default\">\n\t\t\t\t\t<div class=\"elementor-column elementor-col-100 elementor-top-column elementor-element elementor-element-f7a47cb\" data-id=\"f7a47cb\" data-element_type=\"column\">\n\t\t\t<div class=\"elementor-widget-wrap elementor-element-populated\">\n\t\t\t\t\t\t\t\t<div class=\"elementor-element elementor-element-3931d36 elementor-widget elementor-widget-template\" data-id=\"3931d36\" data-element_type=\"widget\" data-widget_type=\"template.default\">\n\t\t\t\t<div class=\"elementor-widget-container\">\n\t\t\t\t\t<div class=\"elementor-template\">\n\t\t\t\t\t<div data-elementor-type=\"section\" data-elementor-id=\"14659\" class=\"elementor elementor-14659\" data-elementor-post-type=\"elementor_library\">\n\t\t\t\t\t\t\t\t<section class=\"elementor-section elementor-top-section elementor-element elementor-element-489093a3 elementor-section-boxed elementor-section-height-default elementor-section-height-default\" data-id=\"489093a3\" data-element_type=\"section\">\n\t\t\t\t\t\t<div class=\"elementor-container elementor-column-gap-default\">\n\t\t\t\t\t<div class=\"elementor-column elementor-col-100 elementor-top-column elementor-element elementor-element-c9b2c40\" data-id=\"c9b2c40\" data-element_type=\"column\">\n\t\t\t<div class=\"elementor-widget-wrap elementor-element-populated\">\n\t\t\t\t\t\t\t\t<div class=\"elementor-element elementor-element-3ebf5e05 elementor-widget elementor-widget-spacer\" data-id=\"3ebf5e05\" data-element_type=\"widget\" data-widget_type=\"spacer.default\">\n\t\t\t\t<div class=\"elementor-widget-container\">\n\t\t\t\t\t<div class=\"elementor-spacer\">\n\t\t\t<div class=\"elementor-spacer-inner\"><\/div>\n\t\t<\/div>\n\t\t\t\t<\/div>\n\t\t\t\t<\/div>\n\t\t\t\t<section class=\"elementor-section elementor-inner-section elementor-element elementor-element-271d7868 elementor-section-content-middle elementor-section-boxed elementor-section-height-default elementor-section-height-default\" data-id=\"271d7868\" data-element_type=\"section\">\n\t\t\t\t\t\t<div class=\"elementor-container elementor-column-gap-default\">\n\t\t\t\t\t<div class=\"elementor-column elementor-col-66 elementor-inner-column elementor-element elementor-element-7674486a\" data-id=\"7674486a\" data-element_type=\"column\">\n\t\t\t<div class=\"elementor-widget-wrap elementor-element-populated\">\n\t\t\t\t\t\t\t\t<div class=\"elementor-element elementor-element-7e83327a elementor-widget elementor-widget-text-editor\" data-id=\"7e83327a\" data-element_type=\"widget\" data-widget_type=\"text-editor.default\">\n\t\t\t\t<div class=\"elementor-widget-container\">\n\t\t\t\t\t\t\tA VerdiConstructtal n\u0151 a v\u00e1llalkoz\u00e1sod\t\t\t\t\t\t<\/div>\n\t\t\t\t<\/div>\n\t\t\t\t\t<\/div>\n\t\t<\/div>\n\t\t\t\t<div class=\"elementor-column elementor-col-33 elementor-inner-column elementor-element elementor-element-30339c06\" data-id=\"30339c06\" data-element_type=\"column\">\n\t\t\t<div class=\"elementor-widget-wrap elementor-element-populated\">\n\t\t\t\t\t\t\t\t<div class=\"elementor-element elementor-element-6df7a0be elementor-align-center elementor-widget elementor-widget-button\" data-id=\"6df7a0be\" data-element_type=\"widget\" data-widget_type=\"button.default\">\n\t\t\t\t<div class=\"elementor-widget-container\">\n\t\t\t\t\t<div class=\"elementor-button-wrapper\">\n\t\t\t<a class=\"elementor-button elementor-button-link elementor-size-md\" href=\"\/hu\/kerj-ajanlatot\/\">\n\t\t\t\t\t\t<span class=\"elementor-button-content-wrapper\">\n\t\t\t\t\t\t<span class=\"elementor-button-icon elementor-align-icon-right\">\n\t\t\t\t<i aria-hidden=\"true\" class=\"fas fa-angle-double-right\"><\/i>\t\t\t<\/span>\n\t\t\t\t\t\t<span class=\"elementor-button-text\">K\u00e9rj aj\u00e1nlatot<\/span>\n\t\t<\/span>\n\t\t\t\t\t<\/a>\n\t\t<\/div>\n\t\t\t\t<\/div>\n\t\t\t\t<\/div>\n\t\t\t\t\t<\/div>\n\t\t<\/div>\n\t\t\t\t\t\t\t<\/div>\n\t\t<\/section>\n\t\t\t\t\t<\/div>\n\t\t<\/div>\n\t\t\t\t\t\t\t<\/div>\n\t\t<\/section>\n\t\t\t\t\t\t<\/div>\n\t\t\t\t<\/div>\n\t\t\t\t<\/div>\n\t\t\t\t<\/div>\n\t\t\t\t\t<\/div>\n\t\t<\/div>\n\t\t\t\t\t\t\t<\/div>\n\t\t<\/section>\n\t\t\t\t\t\t\t<\/div>\n\t\t","protected":false},"excerpt":{"rendered":"<p>TAN\u00daS\u00cdTV\u00c1NYOK ISO tan\u00fas\u00edtv\u00e1nyok A Verdiconstruct c\u00e9g ipari \u00e9s magas\u00e9p\u00edt\u00e9si munk\u00e1kra, valamint egy\u00e9b \u00e9p\u00fcletg\u00e9p\u00e9szeti szerel\u00e9sekre ISO 9001:2008, ISO 14001 :2004, OHSAS 18001:2008 tan\u00fas\u00edtv\u00e1nyokkal rendelkezik.<\/p>\n","protected":false},"author":2,"featured_media":0,"parent":0,"menu_order":0,"comment_status":"closed","ping_status":"closed","template":"","meta":{"footnotes":""},"_links":{"self":[{"href":"https:\/\/verdiconstruct.ro\/hu\/wp-json\/wp\/v2\/pages\/4912"}],"collection":[{"href":"https:\/\/verdiconstruct.ro\/hu\/wp-json\/wp\/v2\/pages"}],"about":[{"href":"https:\/\/verdiconstruct.ro\/hu\/wp-json\/wp\/v2\/types\/page"}],"author":[{"embeddable":true,"href":"https:\/\/verdiconstruct.ro\/hu\/wp-json\/wp\/v2\/users\/2"}],"replies":[{"embeddable":true,"href":"https:\/\/verdiconstruct.ro\/hu\/wp-json\/wp\/v2\/comments?post=4912"}],"version-history":[{"count":0,"href":"https:\/\/verdiconstruct.ro\/hu\/wp-json\/wp\/v2\/pages\/4912\/revisions"}],"wp:attachment":[{"href":"https:\/\/verdiconstruct.ro\/hu\/wp-json\/wp\/v2\/media?parent=4912"}],"curies":[{"name":"wp","href":"https:\/\/api.w.org\/{rel}","templated":true}]}}