{"id":7455,"date":"2021-03-08T16:44:54","date_gmt":"2021-03-08T16:44:54","guid":{"rendered":"https:\/\/verdiconstruct.ro\/retele-de-apa-canal\/"},"modified":"2023-02-12T12:11:05","modified_gmt":"2023-02-12T12:11:05","slug":"viz-es-csatornahalozatok","status":"publish","type":"page","link":"https:\/\/verdiconstruct.ro\/hu\/viz-es-csatornahalozatok\/","title":{"rendered":"V\u00edz- \u00e9s csatornah\u00e1l\u00f3zatok"},"content":{"rendered":"\t\t<div data-elementor-type=\"wp-page\" data-elementor-id=\"7455\" class=\"elementor elementor-7455\" data-elementor-post-type=\"page\">\n\t\t\t\t\t\t\t\t\t<section class=\"elementor-section elementor-top-section elementor-element elementor-element-5781ff31 elementor-section-boxed elementor-section-height-default elementor-section-height-default\" data-id=\"5781ff31\" data-element_type=\"section\">\n\t\t\t\t\t\t<div class=\"elementor-container elementor-column-gap-extended\">\n\t\t\t\t\t<div class=\"elementor-column elementor-col-100 elementor-top-column elementor-element elementor-element-46b85454\" data-id=\"46b85454\" data-element_type=\"column\">\n\t\t\t<div class=\"elementor-widget-wrap elementor-element-populated\">\n\t\t\t\t\t\t\t\t<section class=\"elementor-section elementor-inner-section elementor-element elementor-element-08bcc1c elementor-section-boxed elementor-section-height-default elementor-section-height-default\" data-id=\"08bcc1c\" data-element_type=\"section\">\n\t\t\t\t\t\t<div class=\"elementor-container elementor-column-gap-no\">\n\t\t\t\t\t<div class=\"elementor-column elementor-col-100 elementor-inner-column elementor-element elementor-element-7524397\" data-id=\"7524397\" data-element_type=\"column\">\n\t\t\t<div class=\"elementor-widget-wrap elementor-element-populated\">\n\t\t\t\t\t\t\t\t<div class=\"elementor-element elementor-element-440bf67 gallery-spacing-custom elementor-widget elementor-widget-image-gallery\" data-id=\"440bf67\" data-element_type=\"widget\" data-widget_type=\"image-gallery.default\">\n\t\t\t\t<div class=\"elementor-widget-container\">\n\t\t\t\t\t<div class=\"elementor-image-gallery\">\n\t\t\t<div id='gallery-1' class='gallery galleryid-7455 gallery-columns-4 gallery-size-full'><figure class='gallery-item'>\n\t\t\t<div class='gallery-icon landscape'>\n\t\t\t\t<a data-elementor-open-lightbox=\"yes\" data-elementor-lightbox-slideshow=\"440bf67\" data-elementor-lightbox-title=\"aductiune-apa-canal-4\" data-e-action-hash=\"#elementor-action%3Aaction%3Dlightbox%26settings%3DeyJpZCI6NjQzNCwidXJsIjoiaHR0cHM6XC9cL3ZlcmRpY29uc3RydWN0LnJvXC93cC1jb250ZW50XC91cGxvYWRzXC8yMDIxXC8wM1wvYWR1Y3RpdW5lLWFwYS1jYW5hbC00LmpwZyIsInNsaWRlc2hvdyI6IjQ0MGJmNjcifQ%3D%3D\" href='https:\/\/verdiconstruct.ro\/wp-content\/uploads\/2021\/03\/aductiune-apa-canal-4.jpg'><img loading=\"lazy\" decoding=\"async\" width=\"900\" height=\"675\" src=\"https:\/\/verdiconstruct.ro\/wp-content\/uploads\/2021\/03\/aductiune-apa-canal-4.jpg\" class=\"attachment-full size-full\" alt=\"\" srcset=\"https:\/\/verdiconstruct.ro\/wp-content\/uploads\/2021\/03\/aductiune-apa-canal-4.jpg 900w, https:\/\/verdiconstruct.ro\/wp-content\/uploads\/2021\/03\/aductiune-apa-canal-4-300x225.jpg 300w, https:\/\/verdiconstruct.ro\/wp-content\/uploads\/2021\/03\/aductiune-apa-canal-4-768x576.jpg 768w\" sizes=\"(max-width: 900px) 100vw, 900px\" \/><\/a>\n\t\t\t<\/div><\/figure><figure class='gallery-item'>\n\t\t\t<div class='gallery-icon landscape'>\n\t\t\t\t<a data-elementor-open-lightbox=\"yes\" data-elementor-lightbox-slideshow=\"440bf67\" data-elementor-lightbox-title=\"aductiune-apa-canal-3\" data-e-action-hash=\"#elementor-action%3Aaction%3Dlightbox%26settings%3DeyJpZCI6NjQzMSwidXJsIjoiaHR0cHM6XC9cL3ZlcmRpY29uc3RydWN0LnJvXC93cC1jb250ZW50XC91cGxvYWRzXC8yMDIxXC8wM1wvYWR1Y3RpdW5lLWFwYS1jYW5hbC0zLmpwZyIsInNsaWRlc2hvdyI6IjQ0MGJmNjcifQ%3D%3D\" href='https:\/\/verdiconstruct.ro\/wp-content\/uploads\/2021\/03\/aductiune-apa-canal-3.jpg'><img loading=\"lazy\" decoding=\"async\" width=\"900\" height=\"675\" src=\"https:\/\/verdiconstruct.ro\/wp-content\/uploads\/2021\/03\/aductiune-apa-canal-3.jpg\" class=\"attachment-full size-full\" alt=\"\" srcset=\"https:\/\/verdiconstruct.ro\/wp-content\/uploads\/2021\/03\/aductiune-apa-canal-3.jpg 900w, https:\/\/verdiconstruct.ro\/wp-content\/uploads\/2021\/03\/aductiune-apa-canal-3-300x225.jpg 300w, https:\/\/verdiconstruct.ro\/wp-content\/uploads\/2021\/03\/aductiune-apa-canal-3-768x576.jpg 768w\" sizes=\"(max-width: 900px) 100vw, 900px\" \/><\/a>\n\t\t\t<\/div><\/figure><figure class='gallery-item'>\n\t\t\t<div class='gallery-icon landscape'>\n\t\t\t\t<a data-elementor-open-lightbox=\"yes\" data-elementor-lightbox-slideshow=\"440bf67\" data-elementor-lightbox-title=\"aductiune-apa-canal-1\" data-e-action-hash=\"#elementor-action%3Aaction%3Dlightbox%26settings%3DeyJpZCI6NjQyNSwidXJsIjoiaHR0cHM6XC9cL3ZlcmRpY29uc3RydWN0LnJvXC93cC1jb250ZW50XC91cGxvYWRzXC8yMDIxXC8wM1wvYWR1Y3RpdW5lLWFwYS1jYW5hbC0xLmpwZyIsInNsaWRlc2hvdyI6IjQ0MGJmNjcifQ%3D%3D\" href='https:\/\/verdiconstruct.ro\/wp-content\/uploads\/2021\/03\/aductiune-apa-canal-1.jpg'><img loading=\"lazy\" decoding=\"async\" width=\"900\" height=\"675\" src=\"https:\/\/verdiconstruct.ro\/wp-content\/uploads\/2021\/03\/aductiune-apa-canal-1.jpg\" class=\"attachment-full size-full\" alt=\"\" srcset=\"https:\/\/verdiconstruct.ro\/wp-content\/uploads\/2021\/03\/aductiune-apa-canal-1.jpg 900w, https:\/\/verdiconstruct.ro\/wp-content\/uploads\/2021\/03\/aductiune-apa-canal-1-300x225.jpg 300w, https:\/\/verdiconstruct.ro\/wp-content\/uploads\/2021\/03\/aductiune-apa-canal-1-768x576.jpg 768w\" sizes=\"(max-width: 900px) 100vw, 900px\" \/><\/a>\n\t\t\t<\/div><\/figure><figure class='gallery-item'>\n\t\t\t<div class='gallery-icon landscape'>\n\t\t\t\t<a data-elementor-open-lightbox=\"yes\" data-elementor-lightbox-slideshow=\"440bf67\" data-elementor-lightbox-title=\"aductiune-apa-canal-2\" data-e-action-hash=\"#elementor-action%3Aaction%3Dlightbox%26settings%3DeyJpZCI6NjQyOCwidXJsIjoiaHR0cHM6XC9cL3ZlcmRpY29uc3RydWN0LnJvXC93cC1jb250ZW50XC91cGxvYWRzXC8yMDIxXC8wM1wvYWR1Y3RpdW5lLWFwYS1jYW5hbC0yLmpwZyIsInNsaWRlc2hvdyI6IjQ0MGJmNjcifQ%3D%3D\" href='https:\/\/verdiconstruct.ro\/wp-content\/uploads\/2021\/03\/aductiune-apa-canal-2.jpg'><img loading=\"lazy\" decoding=\"async\" width=\"900\" height=\"675\" src=\"https:\/\/verdiconstruct.ro\/wp-content\/uploads\/2021\/03\/aductiune-apa-canal-2.jpg\" class=\"attachment-full size-full\" alt=\"\" srcset=\"https:\/\/verdiconstruct.ro\/wp-content\/uploads\/2021\/03\/aductiune-apa-canal-2.jpg 900w, https:\/\/verdiconstruct.ro\/wp-content\/uploads\/2021\/03\/aductiune-apa-canal-2-300x225.jpg 300w, https:\/\/verdiconstruct.ro\/wp-content\/uploads\/2021\/03\/aductiune-apa-canal-2-768x576.jpg 768w\" sizes=\"(max-width: 900px) 100vw, 900px\" \/><\/a>\n\t\t\t<\/div><\/figure>\n\t\t<\/div>\n\t\t<\/div>\n\t\t\t\t<\/div>\n\t\t\t\t<\/div>\n\t\t\t\t<div class=\"elementor-element elementor-element-27630e2 elementor-widget elementor-widget-spacer\" data-id=\"27630e2\" data-element_type=\"widget\" data-widget_type=\"spacer.default\">\n\t\t\t\t<div class=\"elementor-widget-container\">\n\t\t\t\t\t<div class=\"elementor-spacer\">\n\t\t\t<div class=\"elementor-spacer-inner\"><\/div>\n\t\t<\/div>\n\t\t\t\t<\/div>\n\t\t\t\t<\/div>\n\t\t\t\t<div class=\"elementor-element elementor-element-e91eb91 elementor-widget elementor-widget-heading\" data-id=\"e91eb91\" data-element_type=\"widget\" data-widget_type=\"heading.default\">\n\t\t\t\t<div class=\"elementor-widget-container\">\n\t\t\t<div class=\"elementor-heading-title elementor-size-default\">V\u00edz- \u00e9s csatornah\u00e1l\u00f3zatok<\/div>\t\t<\/div>\n\t\t\t\t<\/div>\n\t\t\t\t<div class=\"elementor-element elementor-element-72b2a17 elementor-widget elementor-widget-heading\" data-id=\"72b2a17\" data-element_type=\"widget\" data-widget_type=\"heading.default\">\n\t\t\t\t<div class=\"elementor-widget-container\">\n\t\t\t<h2 class=\"elementor-heading-title elementor-size-default\">V\u00edz- \u00e9s csatornah\u00e1l\u00f3zatok<\/h2>\t\t<\/div>\n\t\t\t\t<\/div>\n\t\t\t\t<div class=\"elementor-element elementor-element-789529c elementor-widget elementor-widget-text-editor\" data-id=\"789529c\" data-element_type=\"widget\" data-widget_type=\"text-editor.default\">\n\t\t\t\t<div class=\"elementor-widget-container\">\n\t\t\t\t\t\t\t<div class=\"elementor-element elementor-element-61710b8a align-left elementor-widget elementor-widget-mae-headings\" data-id=\"61710b8a\" data-element_type=\"widget\" data-widget_type=\"mae-headings.default\"><div class=\"elementor-widget-container\"><div class=\"master-heading\"><div class=\"sub-heading\">T\u00f6bb, mint 100 sikeresen teljes\u00edtett projekttel, 50000 foly\u00f3m\u00e9ter kivitelezett v\u00edz- \u00e9s csatornah\u00e1l\u00f3zattal a szakter\u00fcleten Maros megye vezet\u0151 \u00e9p\u00edt\u0151mesterei k\u00f6z\u00e9 tartozunk.<\/div><\/div><\/div><\/div>\t\t\t\t\t\t<\/div>\n\t\t\t\t<\/div>\n\t\t\t\t\t<\/div>\n\t\t<\/div>\n\t\t\t\t\t\t\t<\/div>\n\t\t<\/section>\n\t\t\t\t<div class=\"elementor-element elementor-element-c671869 elementor-widget elementor-widget-spacer\" data-id=\"c671869\" data-element_type=\"widget\" data-widget_type=\"spacer.default\">\n\t\t\t\t<div class=\"elementor-widget-container\">\n\t\t\t\t\t<div class=\"elementor-spacer\">\n\t\t\t<div class=\"elementor-spacer-inner\"><\/div>\n\t\t<\/div>\n\t\t\t\t<\/div>\n\t\t\t\t<\/div>\n\t\t\t\t<div class=\"elementor-element elementor-element-d0ab2b6 elementor-widget elementor-widget-text-editor\" data-id=\"d0ab2b6\" data-element_type=\"widget\" data-widget_type=\"text-editor.default\">\n\t\t\t\t<div class=\"elementor-widget-container\">\n\t\t\t\t\t\t\t<p>V\u00edz- \u00e9s csatornah\u00e1l\u00f3zatok Maros megy\u00e9ben \u2013 v\u00edz- \u00e9s csatornah\u00e1l\u00f3zatok, szennyv\u00edzkezel\u0151k, v\u00edzgy\u0171jt\u0151k kivitelez\u00e9s\u00e9t v\u00e1llaljuk. V\u00edzh\u00e1l\u00f3zatok ki\u00e9p\u00edt\u00e9s\u00e9t, v\u00edzell\u00e1t\u00f3, csatornah\u00e1l\u00f3zatra t\u00f6rt\u00e9n\u0151 r\u00e1csatlakoztat\u00e1st v\u00e1llalunk. V\u00edz- \u00e9s csatornah\u00e1l\u00f3zatok kib\u0151v\u00edt\u00e9si \u00e9s feljav\u00edt\u00e1si munk\u00e1latait is kivitelezz\u00fck. Csatorna-, v\u00edzell\u00e1t\u00f3 \u00e9s v\u00edzeloszt\u00f3 h\u00e1l\u00f3zatokat kivitelez\u00fcnk. Markol\u00f3g\u00e9pekkel, m\u00e9ly\u00e1s\u00f3 kotr\u00f3kkal, g\u00e9pj\u00e1rm\u0171vekkel, k\u00fcl\u00f6nleges mechanikus szersz\u00e1mokkal \u00e9s szakk\u00e9pzett szem\u00e9lyzettel rendelkez\u00fcnk. Minden csatorn\u00e1z\u00e1si munk\u00e1latot l\u00e9zeres vez\u00e9rl\u00e9ssel v\u00e9gz\u00fcnk, a v\u00edzvezet\u00e9kek hegeszt\u00e9seit elektrof\u00fazi\u00f3s hegeszt\u0151g\u00e9pekkel v\u00e9gezz\u00fck. Minden projekt\u00fcnk sor\u00e1n betartjuk, alkalmazzuk a hat\u00e1lyos \u00e9p\u00edtkez\u00e9si \u00e9s k\u00f6rnyezeti norm\u00e1kat.<\/p>\t\t\t\t\t\t<\/div>\n\t\t\t\t<\/div>\n\t\t\t\t<section class=\"elementor-section elementor-inner-section elementor-element elementor-element-793d089 elementor-section-boxed elementor-section-height-default elementor-section-height-default\" data-id=\"793d089\" data-element_type=\"section\">\n\t\t\t\t\t\t<div class=\"elementor-container elementor-column-gap-no\">\n\t\t\t\t\t<div class=\"elementor-column elementor-col-100 elementor-inner-column elementor-element elementor-element-f8c5506\" data-id=\"f8c5506\" data-element_type=\"column\">\n\t\t\t<div class=\"elementor-widget-wrap elementor-element-populated\">\n\t\t\t\t\t\t\t\t<div class=\"elementor-element elementor-element-17520d7 elementor-widget elementor-widget-text-editor\" data-id=\"17520d7\" data-element_type=\"widget\" data-widget_type=\"text-editor.default\">\n\t\t\t\t<div class=\"elementor-widget-container\">\n\t\t\t\t\t\t\t<strong>A SICAP k\u00f6zbeszerz\u00e9si rendszerben is jelen vagyunk.<\/strong>\t\t\t\t\t\t<\/div>\n\t\t\t\t<\/div>\n\t\t\t\t<div class=\"elementor-element elementor-element-1c381b1 elementor-widget elementor-widget-image\" data-id=\"1c381b1\" data-element_type=\"widget\" data-widget_type=\"image.default\">\n\t\t\t\t<div class=\"elementor-widget-container\">\n\t\t\t\t\t\t\t\t\t\t\t\t\t\t\t<img loading=\"lazy\" decoding=\"async\" width=\"300\" height=\"150\" src=\"https:\/\/verdiconstruct.ro\/wp-content\/uploads\/2021\/04\/logo-sicap.jpg\" class=\"attachment-full size-full wp-image-7328\" alt=\"\" \/>\t\t\t\t\t\t\t\t\t\t\t\t\t\t\t<\/div>\n\t\t\t\t<\/div>\n\t\t\t\t\t<\/div>\n\t\t<\/div>\n\t\t\t\t\t\t\t<\/div>\n\t\t<\/section>\n\t\t\t\t<div class=\"elementor-element elementor-element-6ae0794 elementor-widget elementor-widget-spacer\" data-id=\"6ae0794\" data-element_type=\"widget\" data-widget_type=\"spacer.default\">\n\t\t\t\t<div class=\"elementor-widget-container\">\n\t\t\t\t\t<div class=\"elementor-spacer\">\n\t\t\t<div class=\"elementor-spacer-inner\"><\/div>\n\t\t<\/div>\n\t\t\t\t<\/div>\n\t\t\t\t<\/div>\n\t\t\t\t<div class=\"elementor-element elementor-element-6717d7a5 elementor-icon-list--layout-traditional elementor-list-item-link-full_width elementor-widget elementor-widget-icon-list\" data-id=\"6717d7a5\" data-element_type=\"widget\" data-widget_type=\"icon-list.default\">\n\t\t\t\t<div class=\"elementor-widget-container\">\n\t\t\t\t\t<ul class=\"elementor-icon-list-items\">\n\t\t\t\t\t\t\t<li class=\"elementor-icon-list-item\">\n\t\t\t\t\t\t\t\t\t\t\t<span class=\"elementor-icon-list-icon\">\n\t\t\t\t\t\t\t<i aria-hidden=\"true\" class=\"fas fa-check\"><\/i>\t\t\t\t\t\t<\/span>\n\t\t\t\t\t\t\t\t\t\t<span class=\"elementor-icon-list-text\">V\u00edzh\u00e1l\u00f3zatok ki\u00e9p\u00edt\u00e9se<\/span>\n\t\t\t\t\t\t\t\t\t<\/li>\n\t\t\t\t\t\t\t\t<li class=\"elementor-icon-list-item\">\n\t\t\t\t\t\t\t\t\t\t\t<span class=\"elementor-icon-list-icon\">\n\t\t\t\t\t\t\t<i aria-hidden=\"true\" class=\"fas fa-check\"><\/i>\t\t\t\t\t\t<\/span>\n\t\t\t\t\t\t\t\t\t\t<span class=\"elementor-icon-list-text\">Csatornah\u00e1l\u00f3zatok ki\u00e9p\u00edt\u00e9se<\/span>\n\t\t\t\t\t\t\t\t\t<\/li>\n\t\t\t\t\t\t\t\t<li class=\"elementor-icon-list-item\">\n\t\t\t\t\t\t\t\t\t\t\t<span class=\"elementor-icon-list-icon\">\n\t\t\t\t\t\t\t<i aria-hidden=\"true\" class=\"fas fa-check\"><\/i>\t\t\t\t\t\t<\/span>\n\t\t\t\t\t\t\t\t\t\t<span class=\"elementor-icon-list-text\">Szenny-, es\u0151v\u00edzcsatorn\u00e1k kivitelez\u00e9se<\/span>\n\t\t\t\t\t\t\t\t\t<\/li>\n\t\t\t\t\t\t\t\t<li class=\"elementor-icon-list-item\">\n\t\t\t\t\t\t\t\t\t\t\t<span class=\"elementor-icon-list-icon\">\n\t\t\t\t\t\t\t<i aria-hidden=\"true\" class=\"fas fa-check\"><\/i>\t\t\t\t\t\t<\/span>\n\t\t\t\t\t\t\t\t\t\t<span class=\"elementor-icon-list-text\">V\u00edzh\u00e1l\u00f3zatra t\u00f6rt\u00e9n\u0151 r\u00e1csatlakoztat\u00e1s<\/span>\n\t\t\t\t\t\t\t\t\t<\/li>\n\t\t\t\t\t\t\t\t<li class=\"elementor-icon-list-item\">\n\t\t\t\t\t\t\t\t\t\t\t<span class=\"elementor-icon-list-icon\">\n\t\t\t\t\t\t\t<i aria-hidden=\"true\" class=\"fas fa-check\"><\/i>\t\t\t\t\t\t<\/span>\n\t\t\t\t\t\t\t\t\t\t<span class=\"elementor-icon-list-text\">Csatornah\u00e1l\u00f3zatra t\u00f6rt\u00e9n\u0151 r\u00e1csatlakoztat\u00e1s<\/span>\n\t\t\t\t\t\t\t\t\t<\/li>\n\t\t\t\t\t\t<\/ul>\n\t\t\t\t<\/div>\n\t\t\t\t<\/div>\n\t\t\t\t<div class=\"elementor-element elementor-element-fa3104f elementor-widget elementor-widget-spacer\" data-id=\"fa3104f\" data-element_type=\"widget\" data-widget_type=\"spacer.default\">\n\t\t\t\t<div class=\"elementor-widget-container\">\n\t\t\t\t\t<div class=\"elementor-spacer\">\n\t\t\t<div class=\"elementor-spacer-inner\"><\/div>\n\t\t<\/div>\n\t\t\t\t<\/div>\n\t\t\t\t<\/div>\n\t\t\t\t\t<\/div>\n\t\t<\/div>\n\t\t\t\t\t\t\t<\/div>\n\t\t<\/section>\n\t\t\t\t<section class=\"elementor-section elementor-top-section elementor-element elementor-element-6c57709b elementor-section-boxed elementor-section-height-default elementor-section-height-default\" data-id=\"6c57709b\" data-element_type=\"section\">\n\t\t\t\t\t\t<div class=\"elementor-container elementor-column-gap-default\">\n\t\t\t\t\t<div class=\"elementor-column elementor-col-100 elementor-top-column elementor-element elementor-element-8df7380\" data-id=\"8df7380\" data-element_type=\"column\">\n\t\t\t<div class=\"elementor-widget-wrap elementor-element-populated\">\n\t\t\t\t\t\t\t\t<div class=\"elementor-element elementor-element-b1c92ae elementor-widget elementor-widget-template\" data-id=\"b1c92ae\" data-element_type=\"widget\" data-widget_type=\"template.default\">\n\t\t\t\t<div class=\"elementor-widget-container\">\n\t\t\t\t\t<div class=\"elementor-template\">\n\t\t\t\t\t<div data-elementor-type=\"section\" data-elementor-id=\"14659\" class=\"elementor elementor-14659\" data-elementor-post-type=\"elementor_library\">\n\t\t\t\t\t\t\t\t<section class=\"elementor-section elementor-top-section elementor-element elementor-element-489093a3 elementor-section-boxed elementor-section-height-default elementor-section-height-default\" data-id=\"489093a3\" data-element_type=\"section\">\n\t\t\t\t\t\t<div class=\"elementor-container elementor-column-gap-default\">\n\t\t\t\t\t<div class=\"elementor-column elementor-col-100 elementor-top-column elementor-element elementor-element-c9b2c40\" data-id=\"c9b2c40\" data-element_type=\"column\">\n\t\t\t<div class=\"elementor-widget-wrap elementor-element-populated\">\n\t\t\t\t\t\t\t\t<div class=\"elementor-element elementor-element-3ebf5e05 elementor-widget elementor-widget-spacer\" data-id=\"3ebf5e05\" data-element_type=\"widget\" data-widget_type=\"spacer.default\">\n\t\t\t\t<div class=\"elementor-widget-container\">\n\t\t\t\t\t<div class=\"elementor-spacer\">\n\t\t\t<div class=\"elementor-spacer-inner\"><\/div>\n\t\t<\/div>\n\t\t\t\t<\/div>\n\t\t\t\t<\/div>\n\t\t\t\t<section class=\"elementor-section elementor-inner-section elementor-element elementor-element-271d7868 elementor-section-content-middle elementor-section-boxed elementor-section-height-default elementor-section-height-default\" data-id=\"271d7868\" data-element_type=\"section\">\n\t\t\t\t\t\t<div class=\"elementor-container elementor-column-gap-default\">\n\t\t\t\t\t<div class=\"elementor-column elementor-col-66 elementor-inner-column elementor-element elementor-element-7674486a\" data-id=\"7674486a\" data-element_type=\"column\">\n\t\t\t<div class=\"elementor-widget-wrap elementor-element-populated\">\n\t\t\t\t\t\t\t\t<div class=\"elementor-element elementor-element-7e83327a elementor-widget elementor-widget-text-editor\" data-id=\"7e83327a\" data-element_type=\"widget\" data-widget_type=\"text-editor.default\">\n\t\t\t\t<div class=\"elementor-widget-container\">\n\t\t\t\t\t\t\tA VerdiConstructtal n\u0151 a v\u00e1llalkoz\u00e1sod\t\t\t\t\t\t<\/div>\n\t\t\t\t<\/div>\n\t\t\t\t\t<\/div>\n\t\t<\/div>\n\t\t\t\t<div class=\"elementor-column elementor-col-33 elementor-inner-column elementor-element elementor-element-30339c06\" data-id=\"30339c06\" data-element_type=\"column\">\n\t\t\t<div class=\"elementor-widget-wrap elementor-element-populated\">\n\t\t\t\t\t\t\t\t<div class=\"elementor-element elementor-element-6df7a0be elementor-align-center elementor-widget elementor-widget-button\" data-id=\"6df7a0be\" data-element_type=\"widget\" data-widget_type=\"button.default\">\n\t\t\t\t<div class=\"elementor-widget-container\">\n\t\t\t\t\t<div class=\"elementor-button-wrapper\">\n\t\t\t<a class=\"elementor-button elementor-button-link elementor-size-md\" href=\"\/hu\/kerj-ajanlatot\/\">\n\t\t\t\t\t\t<span class=\"elementor-button-content-wrapper\">\n\t\t\t\t\t\t<span class=\"elementor-button-icon elementor-align-icon-right\">\n\t\t\t\t<i aria-hidden=\"true\" class=\"fas fa-angle-double-right\"><\/i>\t\t\t<\/span>\n\t\t\t\t\t\t<span class=\"elementor-button-text\">K\u00e9rj aj\u00e1nlatot<\/span>\n\t\t<\/span>\n\t\t\t\t\t<\/a>\n\t\t<\/div>\n\t\t\t\t<\/div>\n\t\t\t\t<\/div>\n\t\t\t\t\t<\/div>\n\t\t<\/div>\n\t\t\t\t\t\t\t<\/div>\n\t\t<\/section>\n\t\t\t\t\t<\/div>\n\t\t<\/div>\n\t\t\t\t\t\t\t<\/div>\n\t\t<\/section>\n\t\t\t\t\t\t<\/div>\n\t\t\t\t<\/div>\n\t\t\t\t<\/div>\n\t\t\t\t<\/div>\n\t\t\t\t\t<\/div>\n\t\t<\/div>\n\t\t\t\t\t\t\t<\/div>\n\t\t<\/section>\n\t\t\t\t\t\t\t<\/div>\n\t\t","protected":false},"excerpt":{"rendered":"<p>V\u00edz- \u00e9s csatornah\u00e1l\u00f3zatok V\u00edz- \u00e9s csatornah\u00e1l\u00f3zatok T\u00f6bb, mint 100 sikeresen teljes\u00edtett projekttel, 50000 foly\u00f3m\u00e9ter kivitelezett v\u00edz- \u00e9s csatornah\u00e1l\u00f3zattal a szakter\u00fcleten Maros megye vezet\u0151 \u00e9p\u00edt\u0151mesterei k\u00f6z\u00e9 tartozunk. V\u00edz- \u00e9s csatornah\u00e1l\u00f3zatok Maros megy\u00e9ben \u2013 v\u00edz- \u00e9s csatornah\u00e1l\u00f3zatok, szennyv\u00edzkezel\u0151k, v\u00edzgy\u0171jt\u0151k kivitelez\u00e9s\u00e9t v\u00e1llaljuk. V\u00edzh\u00e1l\u00f3zatok ki\u00e9p\u00edt\u00e9s\u00e9t, v\u00edzell\u00e1t\u00f3, csatornah\u00e1l\u00f3zatra t\u00f6rt\u00e9n\u0151 r\u00e1csatlakoztat\u00e1st v\u00e1llalunk. V\u00edz- \u00e9s csatornah\u00e1l\u00f3zatok kib\u0151v\u00edt\u00e9si<\/p>\n","protected":false},"author":2,"featured_media":0,"parent":0,"menu_order":0,"comment_status":"closed","ping_status":"closed","template":"elementor_header_footer","meta":{"footnotes":""},"_links":{"self":[{"href":"https:\/\/verdiconstruct.ro\/hu\/wp-json\/wp\/v2\/pages\/7455"}],"collection":[{"href":"https:\/\/verdiconstruct.ro\/hu\/wp-json\/wp\/v2\/pages"}],"about":[{"href":"https:\/\/verdiconstruct.ro\/hu\/wp-json\/wp\/v2\/types\/page"}],"author":[{"embeddable":true,"href":"https:\/\/verdiconstruct.ro\/hu\/wp-json\/wp\/v2\/users\/2"}],"replies":[{"embeddable":true,"href":"https:\/\/verdiconstruct.ro\/hu\/wp-json\/wp\/v2\/comments?post=7455"}],"version-history":[{"count":0,"href":"https:\/\/verdiconstruct.ro\/hu\/wp-json\/wp\/v2\/pages\/7455\/revisions"}],"wp:attachment":[{"href":"https:\/\/verdiconstruct.ro\/hu\/wp-json\/wp\/v2\/media?parent=7455"}],"curies":[{"name":"wp","href":"https:\/\/api.w.org\/{rel}","templated":true}]}}