{"id":7458,"date":"2021-03-31T19:34:52","date_gmt":"2021-03-31T19:34:52","guid":{"rendered":"https:\/\/verdiconstruct.ro\/pardoseli-industriale-elicopterizate\/"},"modified":"2023-02-12T12:06:17","modified_gmt":"2023-02-12T12:06:17","slug":"simitott-ipari-padlo","status":"publish","type":"page","link":"https:\/\/verdiconstruct.ro\/hu\/simitott-ipari-padlo\/","title":{"rendered":"Sim\u00edtott ipari padl\u00f3"},"content":{"rendered":"\t\t<div data-elementor-type=\"wp-page\" data-elementor-id=\"7458\" class=\"elementor elementor-7458\" data-elementor-post-type=\"page\">\n\t\t\t\t\t\t\t\t\t<section class=\"elementor-section elementor-top-section elementor-element elementor-element-4d5b89c elementor-section-boxed elementor-section-height-default elementor-section-height-default\" data-id=\"4d5b89c\" data-element_type=\"section\">\n\t\t\t\t\t\t<div class=\"elementor-container elementor-column-gap-default\">\n\t\t\t\t\t<div class=\"elementor-column elementor-col-100 elementor-top-column elementor-element elementor-element-fc3b13a\" data-id=\"fc3b13a\" data-element_type=\"column\">\n\t\t\t<div class=\"elementor-widget-wrap elementor-element-populated\">\n\t\t\t\t\t\t\t\t<section class=\"elementor-section elementor-inner-section elementor-element elementor-element-a4ac914 elementor-section-boxed elementor-section-height-default elementor-section-height-default\" data-id=\"a4ac914\" data-element_type=\"section\">\n\t\t\t\t\t\t<div class=\"elementor-container elementor-column-gap-no\">\n\t\t\t\t\t<div class=\"elementor-column elementor-col-100 elementor-inner-column elementor-element elementor-element-548d6ed\" data-id=\"548d6ed\" data-element_type=\"column\">\n\t\t\t<div class=\"elementor-widget-wrap elementor-element-populated\">\n\t\t\t\t\t\t\t\t<div class=\"elementor-element elementor-element-4ba7444 elementor-widget elementor-widget-spacer\" data-id=\"4ba7444\" data-element_type=\"widget\" data-widget_type=\"spacer.default\">\n\t\t\t\t<div class=\"elementor-widget-container\">\n\t\t\t\t\t<div class=\"elementor-spacer\">\n\t\t\t<div class=\"elementor-spacer-inner\"><\/div>\n\t\t<\/div>\n\t\t\t\t<\/div>\n\t\t\t\t<\/div>\n\t\t\t\t<div class=\"elementor-element elementor-element-21bb19a gallery-spacing-custom elementor-widget elementor-widget-image-gallery\" data-id=\"21bb19a\" data-element_type=\"widget\" data-widget_type=\"image-gallery.default\">\n\t\t\t\t<div class=\"elementor-widget-container\">\n\t\t\t\t\t<div class=\"elementor-image-gallery\">\n\t\t\t<div id='gallery-1' class='gallery galleryid-7458 gallery-columns-4 gallery-size-full'><figure class='gallery-item'>\n\t\t\t<div class='gallery-icon landscape'>\n\t\t\t\t<a data-elementor-open-lightbox=\"yes\" data-elementor-lightbox-slideshow=\"21bb19a\" data-elementor-lightbox-title=\"Pardoseli-industriale-elicopterizate-7\" data-e-action-hash=\"#elementor-action%3Aaction%3Dlightbox%26settings%3DeyJpZCI6NjU4NSwidXJsIjoiaHR0cHM6XC9cL3ZlcmRpY29uc3RydWN0LnJvXC93cC1jb250ZW50XC91cGxvYWRzXC8yMDIxXC8wM1wvUGFyZG9zZWxpLWluZHVzdHJpYWxlLWVsaWNvcHRlcml6YXRlLTcuanBnIiwic2xpZGVzaG93IjoiMjFiYjE5YSJ9\" href='https:\/\/verdiconstruct.ro\/wp-content\/uploads\/2021\/03\/Pardoseli-industriale-elicopterizate-7.jpg'><img loading=\"lazy\" decoding=\"async\" width=\"900\" height=\"675\" src=\"https:\/\/verdiconstruct.ro\/wp-content\/uploads\/2021\/03\/Pardoseli-industriale-elicopterizate-7.jpg\" class=\"attachment-full size-full\" alt=\"\" srcset=\"https:\/\/verdiconstruct.ro\/wp-content\/uploads\/2021\/03\/Pardoseli-industriale-elicopterizate-7.jpg 900w, https:\/\/verdiconstruct.ro\/wp-content\/uploads\/2021\/03\/Pardoseli-industriale-elicopterizate-7-300x225.jpg 300w, https:\/\/verdiconstruct.ro\/wp-content\/uploads\/2021\/03\/Pardoseli-industriale-elicopterizate-7-768x576.jpg 768w\" sizes=\"(max-width: 900px) 100vw, 900px\" \/><\/a>\n\t\t\t<\/div><\/figure><figure class='gallery-item'>\n\t\t\t<div class='gallery-icon landscape'>\n\t\t\t\t<a data-elementor-open-lightbox=\"yes\" data-elementor-lightbox-slideshow=\"21bb19a\" data-elementor-lightbox-title=\"pardoseli_industriale_elicopterizate2\" data-e-action-hash=\"#elementor-action%3Aaction%3Dlightbox%26settings%3DeyJpZCI6NjkyMCwidXJsIjoiaHR0cHM6XC9cL3ZlcmRpY29uc3RydWN0LnJvXC93cC1jb250ZW50XC91cGxvYWRzXC8yMDIxXC8wM1wvcGFyZG9zZWxpX2luZHVzdHJpYWxlX2VsaWNvcHRlcml6YXRlMi5qcGciLCJzbGlkZXNob3ciOiIyMWJiMTlhIn0%3D\" href='https:\/\/verdiconstruct.ro\/wp-content\/uploads\/2021\/03\/pardoseli_industriale_elicopterizate2.jpg'><img loading=\"lazy\" decoding=\"async\" width=\"2047\" height=\"1535\" src=\"https:\/\/verdiconstruct.ro\/wp-content\/uploads\/2021\/03\/pardoseli_industriale_elicopterizate2.jpg\" class=\"attachment-full size-full\" alt=\"\" srcset=\"https:\/\/verdiconstruct.ro\/wp-content\/uploads\/2021\/03\/pardoseli_industriale_elicopterizate2.jpg 2047w, https:\/\/verdiconstruct.ro\/wp-content\/uploads\/2021\/03\/pardoseli_industriale_elicopterizate2-300x225.jpg 300w, https:\/\/verdiconstruct.ro\/wp-content\/uploads\/2021\/03\/pardoseli_industriale_elicopterizate2-1024x768.jpg 1024w, https:\/\/verdiconstruct.ro\/wp-content\/uploads\/2021\/03\/pardoseli_industriale_elicopterizate2-768x576.jpg 768w, https:\/\/verdiconstruct.ro\/wp-content\/uploads\/2021\/03\/pardoseli_industriale_elicopterizate2-1536x1152.jpg 1536w\" sizes=\"(max-width: 2047px) 100vw, 2047px\" \/><\/a>\n\t\t\t<\/div><\/figure><figure class='gallery-item'>\n\t\t\t<div class='gallery-icon landscape'>\n\t\t\t\t<a data-elementor-open-lightbox=\"yes\" data-elementor-lightbox-slideshow=\"21bb19a\" data-elementor-lightbox-title=\"pardoseli_industriale_mures\" data-e-action-hash=\"#elementor-action%3Aaction%3Dlightbox%26settings%3DeyJpZCI6NjkyNiwidXJsIjoiaHR0cHM6XC9cL3ZlcmRpY29uc3RydWN0LnJvXC93cC1jb250ZW50XC91cGxvYWRzXC8yMDIxXC8wM1wvcGFyZG9zZWxpX2luZHVzdHJpYWxlX211cmVzLmpwZyIsInNsaWRlc2hvdyI6IjIxYmIxOWEifQ%3D%3D\" href='https:\/\/verdiconstruct.ro\/wp-content\/uploads\/2021\/03\/pardoseli_industriale_mures.jpg'><img loading=\"lazy\" decoding=\"async\" width=\"2047\" height=\"1535\" src=\"https:\/\/verdiconstruct.ro\/wp-content\/uploads\/2021\/03\/pardoseli_industriale_mures.jpg\" class=\"attachment-full size-full\" alt=\"\" srcset=\"https:\/\/verdiconstruct.ro\/wp-content\/uploads\/2021\/03\/pardoseli_industriale_mures.jpg 2047w, https:\/\/verdiconstruct.ro\/wp-content\/uploads\/2021\/03\/pardoseli_industriale_mures-300x225.jpg 300w, https:\/\/verdiconstruct.ro\/wp-content\/uploads\/2021\/03\/pardoseli_industriale_mures-1024x768.jpg 1024w, https:\/\/verdiconstruct.ro\/wp-content\/uploads\/2021\/03\/pardoseli_industriale_mures-768x576.jpg 768w, https:\/\/verdiconstruct.ro\/wp-content\/uploads\/2021\/03\/pardoseli_industriale_mures-1536x1152.jpg 1536w\" sizes=\"(max-width: 2047px) 100vw, 2047px\" \/><\/a>\n\t\t\t<\/div><\/figure><figure class='gallery-item'>\n\t\t\t<div class='gallery-icon landscape'>\n\t\t\t\t<a data-elementor-open-lightbox=\"yes\" data-elementor-lightbox-slideshow=\"21bb19a\" data-elementor-lightbox-title=\"pardoseli_industriale_elicopterizate_mures\" data-e-action-hash=\"#elementor-action%3Aaction%3Dlightbox%26settings%3DeyJpZCI6NjkyMywidXJsIjoiaHR0cHM6XC9cL3ZlcmRpY29uc3RydWN0LnJvXC93cC1jb250ZW50XC91cGxvYWRzXC8yMDIxXC8wM1wvcGFyZG9zZWxpX2luZHVzdHJpYWxlX2VsaWNvcHRlcml6YXRlX211cmVzLmpwZyIsInNsaWRlc2hvdyI6IjIxYmIxOWEifQ%3D%3D\" href='https:\/\/verdiconstruct.ro\/wp-content\/uploads\/2021\/03\/pardoseli_industriale_elicopterizate_mures.jpg'><img loading=\"lazy\" decoding=\"async\" width=\"2047\" height=\"1535\" src=\"https:\/\/verdiconstruct.ro\/wp-content\/uploads\/2021\/03\/pardoseli_industriale_elicopterizate_mures.jpg\" class=\"attachment-full size-full\" alt=\"\" srcset=\"https:\/\/verdiconstruct.ro\/wp-content\/uploads\/2021\/03\/pardoseli_industriale_elicopterizate_mures.jpg 2047w, https:\/\/verdiconstruct.ro\/wp-content\/uploads\/2021\/03\/pardoseli_industriale_elicopterizate_mures-300x225.jpg 300w, https:\/\/verdiconstruct.ro\/wp-content\/uploads\/2021\/03\/pardoseli_industriale_elicopterizate_mures-1024x768.jpg 1024w, https:\/\/verdiconstruct.ro\/wp-content\/uploads\/2021\/03\/pardoseli_industriale_elicopterizate_mures-768x576.jpg 768w, https:\/\/verdiconstruct.ro\/wp-content\/uploads\/2021\/03\/pardoseli_industriale_elicopterizate_mures-1536x1152.jpg 1536w\" sizes=\"(max-width: 2047px) 100vw, 2047px\" \/><\/a>\n\t\t\t<\/div><\/figure>\n\t\t<\/div>\n\t\t<\/div>\n\t\t\t\t<\/div>\n\t\t\t\t<\/div>\n\t\t\t\t<div class=\"elementor-element elementor-element-0f6ed2f elementor-widget elementor-widget-spacer\" data-id=\"0f6ed2f\" data-element_type=\"widget\" data-widget_type=\"spacer.default\">\n\t\t\t\t<div class=\"elementor-widget-container\">\n\t\t\t\t\t<div class=\"elementor-spacer\">\n\t\t\t<div class=\"elementor-spacer-inner\"><\/div>\n\t\t<\/div>\n\t\t\t\t<\/div>\n\t\t\t\t<\/div>\n\t\t\t\t<div class=\"elementor-element elementor-element-5a43c8e elementor-widget elementor-widget-heading\" data-id=\"5a43c8e\" data-element_type=\"widget\" data-widget_type=\"heading.default\">\n\t\t\t\t<div class=\"elementor-widget-container\">\n\t\t\t<div class=\"elementor-heading-title elementor-size-default\">Sim\u00edtott ipari padl\u00f3<\/div>\t\t<\/div>\n\t\t\t\t<\/div>\n\t\t\t\t<div class=\"elementor-element elementor-element-c613e52 elementor-widget elementor-widget-heading\" data-id=\"c613e52\" data-element_type=\"widget\" data-widget_type=\"heading.default\">\n\t\t\t\t<div class=\"elementor-widget-container\">\n\t\t\t<h2 class=\"elementor-heading-title elementor-size-default\">Sim\u00edtott ipari padl\u00f3k Marosv\u00e1s\u00e1rhelyen<\/h2>\t\t<\/div>\n\t\t\t\t<\/div>\n\t\t\t\t<div class=\"elementor-element elementor-element-4fed2ba elementor-widget elementor-widget-text-editor\" data-id=\"4fed2ba\" data-element_type=\"widget\" data-widget_type=\"text-editor.default\">\n\t\t\t\t<div class=\"elementor-widget-container\">\n\t\t\t\t\t\t\t<div class=\"elementor-element elementor-element-61710b8a align-left elementor-widget elementor-widget-mae-headings\" data-id=\"61710b8a\" data-element_type=\"widget\" data-widget_type=\"mae-headings.default\"><div class=\"elementor-widget-container\"><div class=\"master-heading\"><div class=\"sub-heading\">Kvarchomokkal sim\u00edtott, elosztott betonvasal\u00e1ssal k\u00e9sz\u00fclt ipari padl\u00f3k kivitelez\u00e9s\u00e9re szakosodtunk. T\u00f6bb, mint 30000 nm padl\u00f3t k\u00e9sz\u00edtett\u00fcnk el sikeresen, \u00edgy garant\u00e1ljuk az \u00d6n projektjei sz\u00e1m\u00e1ra legmegfelel\u0151bb megold\u00e1sok megtal\u00e1l\u00e1s\u00e1hoz sz\u00fcks\u00e9ges szak\u00e9rtelmet, valamint m\u0171szaki tan\u00e1csad\u00e1st, \u00e9s a dilat\u00e1ci\u00f3s h\u00e9zagok d\u00edjmentes megtervez\u00e9s\u00e9t.<\/div><\/div><\/div><\/div>\t\t\t\t\t\t<\/div>\n\t\t\t\t<\/div>\n\t\t\t\t\t<\/div>\n\t\t<\/div>\n\t\t\t\t\t\t\t<\/div>\n\t\t<\/section>\n\t\t\t\t\t<\/div>\n\t\t<\/div>\n\t\t\t\t\t\t\t<\/div>\n\t\t<\/section>\n\t\t\t\t<section class=\"elementor-section elementor-top-section elementor-element elementor-element-46696225 elementor-section-boxed elementor-section-height-default elementor-section-height-default\" data-id=\"46696225\" data-element_type=\"section\">\n\t\t\t\t\t\t<div class=\"elementor-container elementor-column-gap-extended\">\n\t\t\t\t\t<div class=\"elementor-column elementor-col-100 elementor-top-column elementor-element elementor-element-61e2923e\" data-id=\"61e2923e\" data-element_type=\"column\">\n\t\t\t<div class=\"elementor-widget-wrap elementor-element-populated\">\n\t\t\t\t\t\t\t\t<div class=\"elementor-element elementor-element-7cbbd4c elementor-widget elementor-widget-spacer\" data-id=\"7cbbd4c\" data-element_type=\"widget\" data-widget_type=\"spacer.default\">\n\t\t\t\t<div class=\"elementor-widget-container\">\n\t\t\t\t\t<div class=\"elementor-spacer\">\n\t\t\t<div class=\"elementor-spacer-inner\"><\/div>\n\t\t<\/div>\n\t\t\t\t<\/div>\n\t\t\t\t<\/div>\n\t\t\t\t<div class=\"elementor-element elementor-element-0ebd4ee elementor-widget elementor-widget-text-editor\" data-id=\"0ebd4ee\" data-element_type=\"widget\" data-widget_type=\"text-editor.default\">\n\t\t\t\t<div class=\"elementor-widget-container\">\n\t\t\t\t\t\t\t<p>A kvarchomokkal sim\u00edtott, elosztott betonvasal\u00e1ssal k\u00e9sz\u00fclt ipari padl\u00f3 az egyik legn\u00e9pszer\u0171bb t\u00edpus\u00fa padl\u00f3 a rom\u00e1niai iparban. A kvarchomok kop\u00e1s\u00e1ll\u00f3, k\u00f6nnyen tiszt\u00edthat\u00f3 fel\u00fcletet hoz l\u00e9tre, az elosztott betonvasal\u00e1s pedig a beton ac\u00e9l- vagy polipropil\u00e9n sz\u00e1lakkal t\u00f6rt\u00e9n\u0151 \u00faj meger\u0151s\u00edt\u00e9si technol\u00f3gi\u00e1ja, amelynek el\u0151nye, hogy a beton teljes fel\u00fclet\u00e9t meger\u0151s\u00edti, \u00edgy az egy\u00e9b t\u00edpus\u00fa meger\u0151s\u00edt\u00e9sekhez k\u00e9pest nagyobb ellen\u00e1ll\u00e1st \u00e9s tart\u00f3ss\u00e1got biztos\u00edt.<\/p>\t\t\t\t\t\t<\/div>\n\t\t\t\t<\/div>\n\t\t\t\t<div class=\"elementor-element elementor-element-2351e94b elementor-icon-list--layout-traditional elementor-list-item-link-full_width elementor-widget elementor-widget-icon-list\" data-id=\"2351e94b\" data-element_type=\"widget\" data-widget_type=\"icon-list.default\">\n\t\t\t\t<div class=\"elementor-widget-container\">\n\t\t\t\t\t<ul class=\"elementor-icon-list-items\">\n\t\t\t\t\t\t\t<li class=\"elementor-icon-list-item\">\n\t\t\t\t\t\t\t\t\t\t\t<span class=\"elementor-icon-list-icon\">\n\t\t\t\t\t\t\t<i aria-hidden=\"true\" class=\"fas fa-check\"><\/i>\t\t\t\t\t\t<\/span>\n\t\t\t\t\t\t\t\t\t\t<span class=\"elementor-icon-list-text\">K\u00f6lts\u00e9ghat\u00e9kony<\/span>\n\t\t\t\t\t\t\t\t\t<\/li>\n\t\t\t\t\t\t\t\t<li class=\"elementor-icon-list-item\">\n\t\t\t\t\t\t\t\t\t\t\t<span class=\"elementor-icon-list-icon\">\n\t\t\t\t\t\t\t<i aria-hidden=\"true\" class=\"fas fa-check\"><\/i>\t\t\t\t\t\t<\/span>\n\t\t\t\t\t\t\t\t\t\t<span class=\"elementor-icon-list-text\">Id\u0151t\u00e1ll\u00f3<\/span>\n\t\t\t\t\t\t\t\t\t<\/li>\n\t\t\t\t\t\t\t\t<li class=\"elementor-icon-list-item\">\n\t\t\t\t\t\t\t\t\t\t\t<span class=\"elementor-icon-list-icon\">\n\t\t\t\t\t\t\t<i aria-hidden=\"true\" class=\"fas fa-check\"><\/i>\t\t\t\t\t\t<\/span>\n\t\t\t\t\t\t\t\t\t\t<span class=\"elementor-icon-list-text\">K\u00f6nnyen tiszt\u00edthat\u00f3<\/span>\n\t\t\t\t\t\t\t\t\t<\/li>\n\t\t\t\t\t\t\t\t<li class=\"elementor-icon-list-item\">\n\t\t\t\t\t\t\t\t\t\t\t<span class=\"elementor-icon-list-icon\">\n\t\t\t\t\t\t\t<i aria-hidden=\"true\" class=\"fas fa-check\"><\/i>\t\t\t\t\t\t<\/span>\n\t\t\t\t\t\t\t\t\t\t<span class=\"elementor-icon-list-text\">K\u00f6nnyen karbantarthat\u00f3<\/span>\n\t\t\t\t\t\t\t\t\t<\/li>\n\t\t\t\t\t\t<\/ul>\n\t\t\t\t<\/div>\n\t\t\t\t<\/div>\n\t\t\t\t<div class=\"elementor-element elementor-element-55011cfb elementor-widget elementor-widget-spacer\" data-id=\"55011cfb\" data-element_type=\"widget\" data-widget_type=\"spacer.default\">\n\t\t\t\t<div class=\"elementor-widget-container\">\n\t\t\t\t\t<div class=\"elementor-spacer\">\n\t\t\t<div class=\"elementor-spacer-inner\"><\/div>\n\t\t<\/div>\n\t\t\t\t<\/div>\n\t\t\t\t<\/div>\n\t\t\t\t\t<\/div>\n\t\t<\/div>\n\t\t\t\t\t\t\t<\/div>\n\t\t<\/section>\n\t\t\t\t<section class=\"elementor-section elementor-inner-section elementor-element elementor-element-39303fd8 elementor-section-boxed elementor-section-height-default elementor-section-height-default\" data-id=\"39303fd8\" data-element_type=\"section\">\n\t\t\t\t\t\t<div class=\"elementor-container elementor-column-gap-no\">\n\t\t\t\t\t<div class=\"elementor-column elementor-col-100 elementor-inner-column elementor-element elementor-element-1580cfed\" data-id=\"1580cfed\" data-element_type=\"column\">\n\t\t\t<div class=\"elementor-widget-wrap elementor-element-populated\">\n\t\t\t\t\t\t\t\t<div class=\"elementor-element elementor-element-692df4e3 elementor-widget elementor-widget-text-editor\" data-id=\"692df4e3\" data-element_type=\"widget\" data-widget_type=\"text-editor.default\">\n\t\t\t\t<div class=\"elementor-widget-container\">\n\t\t\t\t\t\t\t<strong>A SICAP k\u00f6zbeszerz\u00e9si rendszerben is jelen vagyunk.<\/strong>\t\t\t\t\t\t<\/div>\n\t\t\t\t<\/div>\n\t\t\t\t<div class=\"elementor-element elementor-element-2c10dd87 elementor-widget elementor-widget-image\" data-id=\"2c10dd87\" data-element_type=\"widget\" data-widget_type=\"image.default\">\n\t\t\t\t<div class=\"elementor-widget-container\">\n\t\t\t\t\t\t\t\t\t\t\t\t\t\t\t<img loading=\"lazy\" decoding=\"async\" width=\"300\" height=\"150\" src=\"https:\/\/verdiconstruct.ro\/wp-content\/uploads\/2021\/04\/logo-sicap.jpg\" class=\"attachment-full size-full wp-image-7328\" alt=\"\" \/>\t\t\t\t\t\t\t\t\t\t\t\t\t\t\t<\/div>\n\t\t\t\t<\/div>\n\t\t\t\t\t<\/div>\n\t\t<\/div>\n\t\t\t\t\t\t\t<\/div>\n\t\t<\/section>\n\t\t\t\t<section class=\"elementor-section elementor-top-section elementor-element elementor-element-7bd35390 elementor-section-boxed elementor-section-height-default elementor-section-height-default\" data-id=\"7bd35390\" data-element_type=\"section\">\n\t\t\t\t\t\t<div class=\"elementor-container elementor-column-gap-default\">\n\t\t\t\t\t<div class=\"elementor-column elementor-col-100 elementor-top-column elementor-element elementor-element-59fd7c2b\" data-id=\"59fd7c2b\" data-element_type=\"column\">\n\t\t\t<div class=\"elementor-widget-wrap elementor-element-populated\">\n\t\t\t\t\t\t\t\t<div class=\"elementor-element elementor-element-9530d1b elementor-widget elementor-widget-template\" data-id=\"9530d1b\" data-element_type=\"widget\" data-widget_type=\"template.default\">\n\t\t\t\t<div class=\"elementor-widget-container\">\n\t\t\t\t\t<div class=\"elementor-template\">\n\t\t\t\t\t<div data-elementor-type=\"section\" data-elementor-id=\"14659\" class=\"elementor elementor-14659\" data-elementor-post-type=\"elementor_library\">\n\t\t\t\t\t\t\t\t<section class=\"elementor-section elementor-top-section elementor-element elementor-element-489093a3 elementor-section-boxed elementor-section-height-default elementor-section-height-default\" data-id=\"489093a3\" data-element_type=\"section\">\n\t\t\t\t\t\t<div class=\"elementor-container elementor-column-gap-default\">\n\t\t\t\t\t<div class=\"elementor-column elementor-col-100 elementor-top-column elementor-element elementor-element-c9b2c40\" data-id=\"c9b2c40\" data-element_type=\"column\">\n\t\t\t<div class=\"elementor-widget-wrap elementor-element-populated\">\n\t\t\t\t\t\t\t\t<div class=\"elementor-element elementor-element-3ebf5e05 elementor-widget elementor-widget-spacer\" data-id=\"3ebf5e05\" data-element_type=\"widget\" data-widget_type=\"spacer.default\">\n\t\t\t\t<div class=\"elementor-widget-container\">\n\t\t\t\t\t<div class=\"elementor-spacer\">\n\t\t\t<div class=\"elementor-spacer-inner\"><\/div>\n\t\t<\/div>\n\t\t\t\t<\/div>\n\t\t\t\t<\/div>\n\t\t\t\t<section class=\"elementor-section elementor-inner-section elementor-element elementor-element-271d7868 elementor-section-content-middle elementor-section-boxed elementor-section-height-default elementor-section-height-default\" data-id=\"271d7868\" data-element_type=\"section\">\n\t\t\t\t\t\t<div class=\"elementor-container elementor-column-gap-default\">\n\t\t\t\t\t<div class=\"elementor-column elementor-col-66 elementor-inner-column elementor-element elementor-element-7674486a\" data-id=\"7674486a\" data-element_type=\"column\">\n\t\t\t<div class=\"elementor-widget-wrap elementor-element-populated\">\n\t\t\t\t\t\t\t\t<div class=\"elementor-element elementor-element-7e83327a elementor-widget elementor-widget-text-editor\" data-id=\"7e83327a\" data-element_type=\"widget\" data-widget_type=\"text-editor.default\">\n\t\t\t\t<div class=\"elementor-widget-container\">\n\t\t\t\t\t\t\tA VerdiConstructtal n\u0151 a v\u00e1llalkoz\u00e1sod\t\t\t\t\t\t<\/div>\n\t\t\t\t<\/div>\n\t\t\t\t\t<\/div>\n\t\t<\/div>\n\t\t\t\t<div class=\"elementor-column elementor-col-33 elementor-inner-column elementor-element elementor-element-30339c06\" data-id=\"30339c06\" data-element_type=\"column\">\n\t\t\t<div class=\"elementor-widget-wrap elementor-element-populated\">\n\t\t\t\t\t\t\t\t<div class=\"elementor-element elementor-element-6df7a0be elementor-align-center elementor-widget elementor-widget-button\" data-id=\"6df7a0be\" data-element_type=\"widget\" data-widget_type=\"button.default\">\n\t\t\t\t<div class=\"elementor-widget-container\">\n\t\t\t\t\t<div class=\"elementor-button-wrapper\">\n\t\t\t<a class=\"elementor-button elementor-button-link elementor-size-md\" href=\"\/hu\/kerj-ajanlatot\/\">\n\t\t\t\t\t\t<span class=\"elementor-button-content-wrapper\">\n\t\t\t\t\t\t<span class=\"elementor-button-icon elementor-align-icon-right\">\n\t\t\t\t<i aria-hidden=\"true\" class=\"fas fa-angle-double-right\"><\/i>\t\t\t<\/span>\n\t\t\t\t\t\t<span class=\"elementor-button-text\">K\u00e9rj aj\u00e1nlatot<\/span>\n\t\t<\/span>\n\t\t\t\t\t<\/a>\n\t\t<\/div>\n\t\t\t\t<\/div>\n\t\t\t\t<\/div>\n\t\t\t\t\t<\/div>\n\t\t<\/div>\n\t\t\t\t\t\t\t<\/div>\n\t\t<\/section>\n\t\t\t\t\t<\/div>\n\t\t<\/div>\n\t\t\t\t\t\t\t<\/div>\n\t\t<\/section>\n\t\t\t\t\t\t<\/div>\n\t\t\t\t<\/div>\n\t\t\t\t<\/div>\n\t\t\t\t<\/div>\n\t\t\t\t\t<\/div>\n\t\t<\/div>\n\t\t\t\t\t\t\t<\/div>\n\t\t<\/section>\n\t\t\t\t\t\t\t<\/div>\n\t\t","protected":false},"excerpt":{"rendered":"<p>Sim\u00edtott ipari padl\u00f3 Sim\u00edtott ipari padl\u00f3k Marosv\u00e1s\u00e1rhelyen Kvarchomokkal sim\u00edtott, elosztott betonvasal\u00e1ssal k\u00e9sz\u00fclt ipari padl\u00f3k kivitelez\u00e9s\u00e9re szakosodtunk. T\u00f6bb, mint 30000 nm padl\u00f3t k\u00e9sz\u00edtett\u00fcnk el sikeresen, \u00edgy garant\u00e1ljuk az \u00d6n projektjei sz\u00e1m\u00e1ra legmegfelel\u0151bb megold\u00e1sok megtal\u00e1l\u00e1s\u00e1hoz sz\u00fcks\u00e9ges szak\u00e9rtelmet, valamint m\u0171szaki tan\u00e1csad\u00e1st, \u00e9s a dilat\u00e1ci\u00f3s h\u00e9zagok d\u00edjmentes megtervez\u00e9s\u00e9t. A kvarchomokkal sim\u00edtott, elosztott betonvasal\u00e1ssal k\u00e9sz\u00fclt<\/p>\n","protected":false},"author":2,"featured_media":0,"parent":0,"menu_order":0,"comment_status":"closed","ping_status":"closed","template":"elementor_header_footer","meta":{"footnotes":""},"_links":{"self":[{"href":"https:\/\/verdiconstruct.ro\/hu\/wp-json\/wp\/v2\/pages\/7458"}],"collection":[{"href":"https:\/\/verdiconstruct.ro\/hu\/wp-json\/wp\/v2\/pages"}],"about":[{"href":"https:\/\/verdiconstruct.ro\/hu\/wp-json\/wp\/v2\/types\/page"}],"author":[{"embeddable":true,"href":"https:\/\/verdiconstruct.ro\/hu\/wp-json\/wp\/v2\/users\/2"}],"replies":[{"embeddable":true,"href":"https:\/\/verdiconstruct.ro\/hu\/wp-json\/wp\/v2\/comments?post=7458"}],"version-history":[{"count":0,"href":"https:\/\/verdiconstruct.ro\/hu\/wp-json\/wp\/v2\/pages\/7458\/revisions"}],"wp:attachment":[{"href":"https:\/\/verdiconstruct.ro\/hu\/wp-json\/wp\/v2\/media?parent=7458"}],"curies":[{"name":"wp","href":"https:\/\/api.w.org\/{rel}","templated":true}]}}