{"id":7462,"date":"2021-03-08T17:00:57","date_gmt":"2021-03-08T17:00:57","guid":{"rendered":"https:\/\/verdiconstruct.ro\/servicii\/"},"modified":"2021-07-25T08:06:46","modified_gmt":"2021-07-25T08:06:46","slug":"szolgaltatasok","status":"publish","type":"page","link":"https:\/\/verdiconstruct.ro\/hu\/szolgaltatasok\/","title":{"rendered":"Szolg\u00e1ltat\u00e1sok"},"content":{"rendered":"\t\t<div data-elementor-type=\"wp-page\" data-elementor-id=\"7462\" class=\"elementor elementor-7462\" data-elementor-post-type=\"page\">\n\t\t\t\t\t\t\t\t\t<section class=\"elementor-section elementor-top-section elementor-element elementor-element-88c1bde elementor-section-boxed elementor-section-height-default elementor-section-height-default\" data-id=\"88c1bde\" data-element_type=\"section\">\n\t\t\t\t\t\t<div class=\"elementor-container elementor-column-gap-wider\">\n\t\t\t\t\t<div class=\"elementor-column elementor-col-33 elementor-top-column elementor-element elementor-element-6ff5341\" data-id=\"6ff5341\" data-element_type=\"column\">\n\t\t\t<div class=\"elementor-widget-wrap elementor-element-populated\">\n\t\t\t\t\t\t\t\t<section class=\"elementor-section elementor-inner-section elementor-element elementor-element-8d36aa2 elementor-section-boxed elementor-section-height-default elementor-section-height-default\" data-id=\"8d36aa2\" data-element_type=\"section\">\n\t\t\t\t\t\t<div class=\"elementor-container elementor-column-gap-default\">\n\t\t\t\t\t<div class=\"elementor-column elementor-col-100 elementor-inner-column elementor-element elementor-element-266fd1d\" data-id=\"266fd1d\" data-element_type=\"column\">\n\t\t\t<div class=\"elementor-widget-wrap elementor-element-populated\">\n\t\t\t\t\t\t\t\t<div class=\"elementor-element elementor-element-37ea413 elementor-widget elementor-widget-image\" data-id=\"37ea413\" data-element_type=\"widget\" data-widget_type=\"image.default\">\n\t\t\t\t<div class=\"elementor-widget-container\">\n\t\t\t\t\t\t\t\t\t\t\t\t\t\t\t\t<a href=\"\/hu\/magasepites-ipari-epitkezes\/\">\n\t\t\t\t\t\t\t<img loading=\"lazy\" decoding=\"async\" width=\"900\" height=\"675\" src=\"https:\/\/verdiconstruct.ro\/wp-content\/uploads\/2020\/12\/lucrari-in-constructii-6.jpg\" class=\"attachment-large size-large wp-image-7093\" alt=\"\" srcset=\"https:\/\/verdiconstruct.ro\/wp-content\/uploads\/2020\/12\/lucrari-in-constructii-6.jpg 900w, https:\/\/verdiconstruct.ro\/wp-content\/uploads\/2020\/12\/lucrari-in-constructii-6-300x225.jpg 300w, https:\/\/verdiconstruct.ro\/wp-content\/uploads\/2020\/12\/lucrari-in-constructii-6-768x576.jpg 768w\" sizes=\"(max-width: 900px) 100vw, 900px\" \/>\t\t\t\t\t\t\t\t<\/a>\n\t\t\t\t\t\t\t\t\t\t\t\t\t\t\t<\/div>\n\t\t\t\t<\/div>\n\t\t\t\t<div class=\"elementor-element elementor-element-ad86417 elementor-widget elementor-widget-heading\" data-id=\"ad86417\" data-element_type=\"widget\" data-widget_type=\"heading.default\">\n\t\t\t\t<div class=\"elementor-widget-container\">\n\t\t\t<h4 class=\"elementor-heading-title elementor-size-default\">Magas\u00e9p\u00edt\u00e9s, ipari \u00e9p\u00edtkez\u00e9s<\/h4>\t\t<\/div>\n\t\t\t\t<\/div>\n\t\t\t\t\t<\/div>\n\t\t<\/div>\n\t\t\t\t\t\t\t<\/div>\n\t\t<\/section>\n\t\t\t\t\t<\/div>\n\t\t<\/div>\n\t\t\t\t<div class=\"elementor-column elementor-col-33 elementor-top-column elementor-element elementor-element-809c52c\" data-id=\"809c52c\" data-element_type=\"column\">\n\t\t\t<div class=\"elementor-widget-wrap elementor-element-populated\">\n\t\t\t\t\t\t\t\t<section class=\"elementor-section elementor-inner-section elementor-element elementor-element-1aad91b elementor-section-boxed elementor-section-height-default elementor-section-height-default\" data-id=\"1aad91b\" data-element_type=\"section\">\n\t\t\t\t\t\t<div class=\"elementor-container elementor-column-gap-default\">\n\t\t\t\t\t<div class=\"elementor-column elementor-col-100 elementor-inner-column elementor-element elementor-element-624af74\" data-id=\"624af74\" data-element_type=\"column\">\n\t\t\t<div class=\"elementor-widget-wrap elementor-element-populated\">\n\t\t\t\t\t\t\t\t<div class=\"elementor-element elementor-element-5bf1544 elementor-widget elementor-widget-image\" data-id=\"5bf1544\" data-element_type=\"widget\" data-widget_type=\"image.default\">\n\t\t\t\t<div class=\"elementor-widget-container\">\n\t\t\t\t\t\t\t\t\t\t\t\t\t\t\t\t<a href=\"\/hu\/foldmunkak\/\">\n\t\t\t\t\t\t\t<img loading=\"lazy\" decoding=\"async\" width=\"900\" height=\"675\" src=\"https:\/\/verdiconstruct.ro\/wp-content\/uploads\/2021\/03\/lucrari-de-terasamente-7.jpg\" class=\"attachment-large size-large wp-image-6513\" alt=\"\" srcset=\"https:\/\/verdiconstruct.ro\/wp-content\/uploads\/2021\/03\/lucrari-de-terasamente-7.jpg 900w, https:\/\/verdiconstruct.ro\/wp-content\/uploads\/2021\/03\/lucrari-de-terasamente-7-300x225.jpg 300w, https:\/\/verdiconstruct.ro\/wp-content\/uploads\/2021\/03\/lucrari-de-terasamente-7-768x576.jpg 768w\" sizes=\"(max-width: 900px) 100vw, 900px\" \/>\t\t\t\t\t\t\t\t<\/a>\n\t\t\t\t\t\t\t\t\t\t\t\t\t\t\t<\/div>\n\t\t\t\t<\/div>\n\t\t\t\t<div class=\"elementor-element elementor-element-4e0b5ce elementor-widget elementor-widget-heading\" data-id=\"4e0b5ce\" data-element_type=\"widget\" data-widget_type=\"heading.default\">\n\t\t\t\t<div class=\"elementor-widget-container\">\n\t\t\t<h4 class=\"elementor-heading-title elementor-size-default\">F\u00f6ldmunk\u00e1k<\/h4>\t\t<\/div>\n\t\t\t\t<\/div>\n\t\t\t\t\t<\/div>\n\t\t<\/div>\n\t\t\t\t\t\t\t<\/div>\n\t\t<\/section>\n\t\t\t\t\t<\/div>\n\t\t<\/div>\n\t\t\t\t<div class=\"elementor-column elementor-col-33 elementor-top-column elementor-element elementor-element-3b7f7ba\" data-id=\"3b7f7ba\" data-element_type=\"column\">\n\t\t\t<div class=\"elementor-widget-wrap elementor-element-populated\">\n\t\t\t\t\t\t\t\t<section class=\"elementor-section elementor-inner-section elementor-element elementor-element-c9dfd90 elementor-section-boxed elementor-section-height-default elementor-section-height-default\" data-id=\"c9dfd90\" data-element_type=\"section\">\n\t\t\t\t\t\t<div class=\"elementor-container elementor-column-gap-default\">\n\t\t\t\t\t<div class=\"elementor-column elementor-col-100 elementor-inner-column elementor-element elementor-element-90540d4\" data-id=\"90540d4\" data-element_type=\"column\">\n\t\t\t<div class=\"elementor-widget-wrap elementor-element-populated\">\n\t\t\t\t\t\t\t\t<div class=\"elementor-element elementor-element-7703765 elementor-widget elementor-widget-image\" data-id=\"7703765\" data-element_type=\"widget\" data-widget_type=\"image.default\">\n\t\t\t\t<div class=\"elementor-widget-container\">\n\t\t\t\t\t\t\t\t\t\t\t\t\t\t\t\t<a href=\"\/hu\/csiszolt-padlo\/\">\n\t\t\t\t\t\t\t<img loading=\"lazy\" decoding=\"async\" width=\"900\" height=\"675\" src=\"https:\/\/verdiconstruct.ro\/wp-content\/uploads\/2021\/04\/pardoseli-slefuite-6-1.jpg\" class=\"attachment-large size-large wp-image-7075\" alt=\"\" srcset=\"https:\/\/verdiconstruct.ro\/wp-content\/uploads\/2021\/04\/pardoseli-slefuite-6-1.jpg 900w, https:\/\/verdiconstruct.ro\/wp-content\/uploads\/2021\/04\/pardoseli-slefuite-6-1-300x225.jpg 300w, https:\/\/verdiconstruct.ro\/wp-content\/uploads\/2021\/04\/pardoseli-slefuite-6-1-768x576.jpg 768w\" sizes=\"(max-width: 900px) 100vw, 900px\" \/>\t\t\t\t\t\t\t\t<\/a>\n\t\t\t\t\t\t\t\t\t\t\t\t\t\t\t<\/div>\n\t\t\t\t<\/div>\n\t\t\t\t<div class=\"elementor-element elementor-element-3d33d7b elementor-widget elementor-widget-heading\" data-id=\"3d33d7b\" data-element_type=\"widget\" data-widget_type=\"heading.default\">\n\t\t\t\t<div class=\"elementor-widget-container\">\n\t\t\t<h4 class=\"elementor-heading-title elementor-size-default\">Csiszolt padl\u00f3<\/h4>\t\t<\/div>\n\t\t\t\t<\/div>\n\t\t\t\t\t<\/div>\n\t\t<\/div>\n\t\t\t\t\t\t\t<\/div>\n\t\t<\/section>\n\t\t\t\t\t<\/div>\n\t\t<\/div>\n\t\t\t\t\t\t\t<\/div>\n\t\t<\/section>\n\t\t\t\t<section class=\"elementor-section elementor-top-section elementor-element elementor-element-b08856a elementor-section-boxed elementor-section-height-default elementor-section-height-default\" data-id=\"b08856a\" data-element_type=\"section\">\n\t\t\t\t\t\t<div class=\"elementor-container elementor-column-gap-wider\">\n\t\t\t\t\t<div class=\"elementor-column elementor-col-33 elementor-top-column elementor-element elementor-element-fd67d9a\" data-id=\"fd67d9a\" data-element_type=\"column\">\n\t\t\t<div class=\"elementor-widget-wrap elementor-element-populated\">\n\t\t\t\t\t\t\t\t<section class=\"elementor-section elementor-inner-section elementor-element elementor-element-50e5b57 elementor-section-boxed elementor-section-height-default elementor-section-height-default\" data-id=\"50e5b57\" data-element_type=\"section\">\n\t\t\t\t\t\t<div class=\"elementor-container elementor-column-gap-default\">\n\t\t\t\t\t<div class=\"elementor-column elementor-col-100 elementor-inner-column elementor-element elementor-element-d5cb25f\" data-id=\"d5cb25f\" data-element_type=\"column\">\n\t\t\t<div class=\"elementor-widget-wrap elementor-element-populated\">\n\t\t\t\t\t\t\t\t<div class=\"elementor-element elementor-element-6759ffb elementor-widget elementor-widget-image\" data-id=\"6759ffb\" data-element_type=\"widget\" data-widget_type=\"image.default\">\n\t\t\t\t<div class=\"elementor-widget-container\">\n\t\t\t\t\t\t\t\t\t\t\t\t\t\t\t\t<a href=\"\/hu\/simitott-ipari-padlo\/\">\n\t\t\t\t\t\t\t<img loading=\"lazy\" decoding=\"async\" width=\"1024\" height=\"768\" src=\"https:\/\/verdiconstruct.ro\/wp-content\/uploads\/2021\/03\/pardoseli_industriale_elicopterizate2-1024x768.jpg\" class=\"attachment-large size-large wp-image-6920\" alt=\"\" srcset=\"https:\/\/verdiconstruct.ro\/wp-content\/uploads\/2021\/03\/pardoseli_industriale_elicopterizate2-1024x768.jpg 1024w, https:\/\/verdiconstruct.ro\/wp-content\/uploads\/2021\/03\/pardoseli_industriale_elicopterizate2-300x225.jpg 300w, https:\/\/verdiconstruct.ro\/wp-content\/uploads\/2021\/03\/pardoseli_industriale_elicopterizate2-768x576.jpg 768w, https:\/\/verdiconstruct.ro\/wp-content\/uploads\/2021\/03\/pardoseli_industriale_elicopterizate2-1536x1152.jpg 1536w, https:\/\/verdiconstruct.ro\/wp-content\/uploads\/2021\/03\/pardoseli_industriale_elicopterizate2.jpg 2047w\" sizes=\"(max-width: 1024px) 100vw, 1024px\" \/>\t\t\t\t\t\t\t\t<\/a>\n\t\t\t\t\t\t\t\t\t\t\t\t\t\t\t<\/div>\n\t\t\t\t<\/div>\n\t\t\t\t<div class=\"elementor-element elementor-element-7fb76e7 elementor-widget elementor-widget-heading\" data-id=\"7fb76e7\" data-element_type=\"widget\" data-widget_type=\"heading.default\">\n\t\t\t\t<div class=\"elementor-widget-container\">\n\t\t\t<h4 class=\"elementor-heading-title elementor-size-default\">Sim\u00edtott ipari padl\u00f3<\/h4>\t\t<\/div>\n\t\t\t\t<\/div>\n\t\t\t\t\t<\/div>\n\t\t<\/div>\n\t\t\t\t\t\t\t<\/div>\n\t\t<\/section>\n\t\t\t\t\t<\/div>\n\t\t<\/div>\n\t\t\t\t<div class=\"elementor-column elementor-col-33 elementor-top-column elementor-element elementor-element-12feda9\" data-id=\"12feda9\" data-element_type=\"column\">\n\t\t\t<div class=\"elementor-widget-wrap elementor-element-populated\">\n\t\t\t\t\t\t\t\t<section class=\"elementor-section elementor-inner-section elementor-element elementor-element-aa8fc9b elementor-section-boxed elementor-section-height-default elementor-section-height-default\" data-id=\"aa8fc9b\" data-element_type=\"section\">\n\t\t\t\t\t\t<div class=\"elementor-container elementor-column-gap-default\">\n\t\t\t\t\t<div class=\"elementor-column elementor-col-100 elementor-inner-column elementor-element elementor-element-ec1270a\" data-id=\"ec1270a\" data-element_type=\"column\">\n\t\t\t<div class=\"elementor-widget-wrap elementor-element-populated\">\n\t\t\t\t\t\t\t\t<div class=\"elementor-element elementor-element-0de18a9 elementor-widget elementor-widget-image\" data-id=\"0de18a9\" data-element_type=\"widget\" data-widget_type=\"image.default\">\n\t\t\t\t<div class=\"elementor-widget-container\">\n\t\t\t\t\t\t\t\t\t\t\t\t\t\t\t\t<a href=\"\/hu\/viz-es-csatornahalozatok\/\">\n\t\t\t\t\t\t\t<img loading=\"lazy\" decoding=\"async\" width=\"900\" height=\"675\" src=\"https:\/\/verdiconstruct.ro\/wp-content\/uploads\/2021\/03\/aductiune-apa-canal-4.jpg\" class=\"attachment-large size-large wp-image-6434\" alt=\"\" srcset=\"https:\/\/verdiconstruct.ro\/wp-content\/uploads\/2021\/03\/aductiune-apa-canal-4.jpg 900w, https:\/\/verdiconstruct.ro\/wp-content\/uploads\/2021\/03\/aductiune-apa-canal-4-300x225.jpg 300w, https:\/\/verdiconstruct.ro\/wp-content\/uploads\/2021\/03\/aductiune-apa-canal-4-768x576.jpg 768w\" sizes=\"(max-width: 900px) 100vw, 900px\" \/>\t\t\t\t\t\t\t\t<\/a>\n\t\t\t\t\t\t\t\t\t\t\t\t\t\t\t<\/div>\n\t\t\t\t<\/div>\n\t\t\t\t<div class=\"elementor-element elementor-element-0cb1e5d elementor-widget elementor-widget-heading\" data-id=\"0cb1e5d\" data-element_type=\"widget\" data-widget_type=\"heading.default\">\n\t\t\t\t<div class=\"elementor-widget-container\">\n\t\t\t<h4 class=\"elementor-heading-title elementor-size-default\">V\u00edz- \u00e9s csatornah\u00e1l\u00f3zatok<\/h4>\t\t<\/div>\n\t\t\t\t<\/div>\n\t\t\t\t\t<\/div>\n\t\t<\/div>\n\t\t\t\t\t\t\t<\/div>\n\t\t<\/section>\n\t\t\t\t\t<\/div>\n\t\t<\/div>\n\t\t\t\t<div class=\"elementor-column elementor-col-33 elementor-top-column elementor-element elementor-element-18f68d4\" data-id=\"18f68d4\" data-element_type=\"column\">\n\t\t\t<div class=\"elementor-widget-wrap\">\n\t\t\t\t\t\t\t\t\t<\/div>\n\t\t<\/div>\n\t\t\t\t\t\t\t<\/div>\n\t\t<\/section>\n\t\t\t\t\t\t\t<\/div>\n\t\t","protected":false},"excerpt":{"rendered":"<p>Magas\u00e9p\u00edt\u00e9s, ipari \u00e9p\u00edtkez\u00e9s L\u00e1sd a r\u00e9szleteket F\u00f6ldmunk\u00e1k L\u00e1sd a r\u00e9szleteket Csiszolt padl\u00f3 L\u00e1sd a r\u00e9szleteket Sim\u00edtott ipari padl\u00f3 Vezi detalii V\u00edz- \u00e9s csatornah\u00e1l\u00f3zatok Vezi detalii<\/p>\n","protected":false},"author":2,"featured_media":0,"parent":0,"menu_order":0,"comment_status":"closed","ping_status":"closed","template":"elementor_header_footer","meta":{"footnotes":""},"_links":{"self":[{"href":"https:\/\/verdiconstruct.ro\/hu\/wp-json\/wp\/v2\/pages\/7462"}],"collection":[{"href":"https:\/\/verdiconstruct.ro\/hu\/wp-json\/wp\/v2\/pages"}],"about":[{"href":"https:\/\/verdiconstruct.ro\/hu\/wp-json\/wp\/v2\/types\/page"}],"author":[{"embeddable":true,"href":"https:\/\/verdiconstruct.ro\/hu\/wp-json\/wp\/v2\/users\/2"}],"replies":[{"embeddable":true,"href":"https:\/\/verdiconstruct.ro\/hu\/wp-json\/wp\/v2\/comments?post=7462"}],"version-history":[{"count":0,"href":"https:\/\/verdiconstruct.ro\/hu\/wp-json\/wp\/v2\/pages\/7462\/revisions"}],"wp:attachment":[{"href":"https:\/\/verdiconstruct.ro\/hu\/wp-json\/wp\/v2\/media?parent=7462"}],"curies":[{"name":"wp","href":"https:\/\/api.w.org\/{rel}","templated":true}]}}